{"id":41849,"date":"2021-01-31T15:57:54","date_gmt":"2021-01-31T15:57:54","guid":{"rendered":"https:\/\/moreholiday.cmsfacil.eu\/tipus-allotjaments\/"},"modified":"2026-02-04T09:09:21","modified_gmt":"2026-02-04T09:09:21","slug":"holiday-rentals","status":"publish","type":"page","link":"https:\/\/fabrega-goertzen.com\/en\/holiday-rentals\/","title":{"rendered":"Holiday rentals in Llan\u00e7\u00e0 &#038; Cap de Creus"},"content":{"rendered":"\t\t<div data-elementor-type=\"wp-page\" data-elementor-id=\"41849\" class=\"elementor elementor-41849 elementor-6\" data-elementor-post-type=\"page\">\n\t\t\t\t\t\t<section class=\"elementor-section elementor-top-section elementor-element elementor-element-71e16168 elementor-section-boxed elementor-section-height-default elementor-section-height-default\" data-id=\"71e16168\" data-element_type=\"section\" data-e-type=\"section\">\n\t\t\t\t\t\t<div class=\"elementor-container elementor-column-gap-default\">\n\t\t\t\t\t<div class=\"elementor-column elementor-col-100 elementor-top-column elementor-element elementor-element-3a9c0a90\" data-id=\"3a9c0a90\" data-element_type=\"column\" data-e-type=\"column\">\n\t\t\t<div class=\"elementor-widget-wrap elementor-element-populated\">\n\t\t\t\t\t\t<div class=\"elementor-element elementor-element-20ad42c8 elementor-widget elementor-widget-text-editor\" data-id=\"20ad42c8\" data-element_type=\"widget\" data-e-type=\"widget\" data-widget_type=\"text-editor.default\">\n\t\t\t\t<div class=\"elementor-widget-container\">\n\t\t\t\t\t\t\t\t\t<p>Are you planning to have a few days&#8217; holiday in Llan\u00e7\u00e0? Here you will find a selection of <b>houses and apartments for rent in Llan\u00e7\u00e0 and the Alt Empord\u00e0 region<\/b>. Select the accommodation you want and enjoy a fantastic holiday in this beautiful place in the Northern <b>Costa Brava.<\/b><\/p>\t\t\t\t\t\t\t\t<\/div>\n\t\t\t\t<\/div>\n\t\t\t\t\t<\/div>\n\t\t<\/div>\n\t\t\t\t\t<\/div>\n\t\t<\/section>\n\t\t\t\t<\/div>\n\t\t","protected":false},"excerpt":{"rendered":"<p>Are you planning to have a few days&#8217; holiday in Llan\u00e7\u00e0? Here you will find a selection of houses and apartments for rent in Llan\u00e7\u00e0 and the Alt Empord\u00e0 region. Select the accommodation you want and enjoy a fantastic holiday in this beautiful place in the Northern Costa Brava.<\/p>\n","protected":false},"author":2,"featured_media":0,"parent":0,"menu_order":0,"comment_status":"closed","ping_status":"closed","template":"property_list.php","meta":{"_acf_changed":false,"footnotes":""},"class_list":["post-41849","page","type-page","status-publish","hentry"],"acf":[],"yoast_head":"<!-- This site is optimized with the Yoast SEO plugin v27.1.1 - https:\/\/yoast.com\/product\/yoast-seo-wordpress\/ -->\n<title>Lloguer d&#039;apartaments a Llan\u00e7\u00e0 I Zona Cap de Creus I Costa Brava<\/title>\n<meta name=\"description\" content=\"Apartaments i allotjaments tur\u00edstics a Llan\u00e7\u00e0, el Cap de Creus i la Costa Brava. Les teves vacances ideals les trobar\u00e0s a Fabrega-Goertzen.\" \/>\n<meta name=\"robots\" content=\"index, follow, max-snippet:-1, max-image-preview:large, max-video-preview:-1\" \/>\n<link rel=\"canonical\" href=\"https:\/\/fabrega-goertzen.com\/en\/holiday-rentals\/\" \/>\n<meta property=\"og:locale\" content=\"en_US\" \/>\n<meta property=\"og:type\" content=\"article\" \/>\n<meta property=\"og:title\" content=\"Lloguer d&#039;apartaments a Llan\u00e7\u00e0 I Zona Cap de Creus I Costa Brava\" \/>\n<meta property=\"og:description\" content=\"Apartaments i allotjaments tur\u00edstics a Llan\u00e7\u00e0, el Cap de Creus i la Costa Brava. Les teves vacances ideals les trobar\u00e0s a Fabrega-Goertzen.\" \/>\n<meta property=\"og:url\" content=\"https:\/\/fabrega-goertzen.com\/en\/holiday-rentals\/\" \/>\n<meta property=\"og:site_name\" content=\"Fabrega-Goertzen\" \/>\n<meta property=\"article:modified_time\" content=\"2026-02-04T09:09:21+00:00\" \/>\n<meta name=\"twitter:card\" content=\"summary_large_image\" \/>\n<meta name=\"twitter:label1\" content=\"Est. reading time\" \/>\n\t<meta name=\"twitter:data1\" content=\"1 minute\" \/>\n<script type=\"application\/ld+json\" class=\"yoast-schema-graph\">{\"@context\":\"https:\/\/schema.org\",\"@graph\":[{\"@type\":\"WebPage\",\"@id\":\"https:\/\/fabrega-goertzen.com\/en\/holiday-rentals\/\",\"url\":\"https:\/\/fabrega-goertzen.com\/en\/holiday-rentals\/\",\"name\":\"Lloguer d'apartaments a Llan\u00e7\u00e0 I Zona Cap de Creus I Costa Brava\",\"isPartOf\":{\"@id\":\"https:\/\/fabrega-goertzen.com\/#website\"},\"datePublished\":\"2021-01-31T15:57:54+00:00\",\"dateModified\":\"2026-02-04T09:09:21+00:00\",\"description\":\"Apartaments i allotjaments tur\u00edstics a Llan\u00e7\u00e0, el Cap de Creus i la Costa Brava. Les teves vacances ideals les trobar\u00e0s a Fabrega-Goertzen.\",\"breadcrumb\":{\"@id\":\"https:\/\/fabrega-goertzen.com\/en\/holiday-rentals\/#breadcrumb\"},\"inLanguage\":\"en-US\",\"potentialAction\":[{\"@type\":\"ReadAction\",\"target\":[\"https:\/\/fabrega-goertzen.com\/en\/holiday-rentals\/\"]}]},{\"@type\":\"BreadcrumbList\",\"@id\":\"https:\/\/fabrega-goertzen.com\/en\/holiday-rentals\/#breadcrumb\",\"itemListElement\":[{\"@type\":\"ListItem\",\"position\":1,\"name\":\"Home\",\"item\":\"https:\/\/fabrega-goertzen.com\/fr\/\"},{\"@type\":\"ListItem\",\"position\":2,\"name\":\"Holiday rentals in Llan\u00e7\u00e0 &#038; Cap de Creus\"}]},{\"@type\":\"WebSite\",\"@id\":\"https:\/\/fabrega-goertzen.com\/#website\",\"url\":\"https:\/\/fabrega-goertzen.com\/\",\"name\":\"Fabrega-Goertzen\",\"description\":\"Fabrega-Goertzen\",\"potentialAction\":[{\"@type\":\"SearchAction\",\"target\":{\"@type\":\"EntryPoint\",\"urlTemplate\":\"https:\/\/fabrega-goertzen.com\/?s={search_term_string}\"},\"query-input\":{\"@type\":\"PropertyValueSpecification\",\"valueRequired\":true,\"valueName\":\"search_term_string\"}}],\"inLanguage\":\"en-US\"}]}<\/script>\n<!-- \/ Yoast SEO plugin. -->","yoast_head_json":{"title":"Lloguer d'apartaments a Llan\u00e7\u00e0 I Zona Cap de Creus I Costa Brava","description":"Apartaments i allotjaments tur\u00edstics a Llan\u00e7\u00e0, el Cap de Creus i la Costa Brava. Les teves vacances ideals les trobar\u00e0s a Fabrega-Goertzen.","robots":{"index":"index","follow":"follow","max-snippet":"max-snippet:-1","max-image-preview":"max-image-preview:large","max-video-preview":"max-video-preview:-1"},"canonical":"https:\/\/fabrega-goertzen.com\/en\/holiday-rentals\/","og_locale":"en_US","og_type":"article","og_title":"Lloguer d'apartaments a Llan\u00e7\u00e0 I Zona Cap de Creus I Costa Brava","og_description":"Apartaments i allotjaments tur\u00edstics a Llan\u00e7\u00e0, el Cap de Creus i la Costa Brava. Les teves vacances ideals les trobar\u00e0s a Fabrega-Goertzen.","og_url":"https:\/\/fabrega-goertzen.com\/en\/holiday-rentals\/","og_site_name":"Fabrega-Goertzen","article_modified_time":"2026-02-04T09:09:21+00:00","twitter_card":"summary_large_image","twitter_misc":{"Est. reading time":"1 minute"},"schema":{"@context":"https:\/\/schema.org","@graph":[{"@type":"WebPage","@id":"https:\/\/fabrega-goertzen.com\/en\/holiday-rentals\/","url":"https:\/\/fabrega-goertzen.com\/en\/holiday-rentals\/","name":"Lloguer d'apartaments a Llan\u00e7\u00e0 I Zona Cap de Creus I Costa Brava","isPartOf":{"@id":"https:\/\/fabrega-goertzen.com\/#website"},"datePublished":"2021-01-31T15:57:54+00:00","dateModified":"2026-02-04T09:09:21+00:00","description":"Apartaments i allotjaments tur\u00edstics a Llan\u00e7\u00e0, el Cap de Creus i la Costa Brava. Les teves vacances ideals les trobar\u00e0s a Fabrega-Goertzen.","breadcrumb":{"@id":"https:\/\/fabrega-goertzen.com\/en\/holiday-rentals\/#breadcrumb"},"inLanguage":"en-US","potentialAction":[{"@type":"ReadAction","target":["https:\/\/fabrega-goertzen.com\/en\/holiday-rentals\/"]}]},{"@type":"BreadcrumbList","@id":"https:\/\/fabrega-goertzen.com\/en\/holiday-rentals\/#breadcrumb","itemListElement":[{"@type":"ListItem","position":1,"name":"Home","item":"https:\/\/fabrega-goertzen.com\/fr\/"},{"@type":"ListItem","position":2,"name":"Holiday rentals in Llan\u00e7\u00e0 &#038; Cap de Creus"}]},{"@type":"WebSite","@id":"https:\/\/fabrega-goertzen.com\/#website","url":"https:\/\/fabrega-goertzen.com\/","name":"Fabrega-Goertzen","description":"Fabrega-Goertzen","potentialAction":[{"@type":"SearchAction","target":{"@type":"EntryPoint","urlTemplate":"https:\/\/fabrega-goertzen.com\/?s={search_term_string}"},"query-input":{"@type":"PropertyValueSpecification","valueRequired":true,"valueName":"search_term_string"}}],"inLanguage":"en-US"}]}},"_links":{"self":[{"href":"https:\/\/fabrega-goertzen.com\/en\/wp-json\/wp\/v2\/pages\/41849","targetHints":{"allow":["GET"]}}],"collection":[{"href":"https:\/\/fabrega-goertzen.com\/en\/wp-json\/wp\/v2\/pages"}],"about":[{"href":"https:\/\/fabrega-goertzen.com\/en\/wp-json\/wp\/v2\/types\/page"}],"author":[{"embeddable":true,"href":"https:\/\/fabrega-goertzen.com\/en\/wp-json\/wp\/v2\/users\/2"}],"replies":[{"embeddable":true,"href":"https:\/\/fabrega-goertzen.com\/en\/wp-json\/wp\/v2\/comments?post=41849"}],"version-history":[{"count":1,"href":"https:\/\/fabrega-goertzen.com\/en\/wp-json\/wp\/v2\/pages\/41849\/revisions"}],"predecessor-version":[{"id":85097,"href":"https:\/\/fabrega-goertzen.com\/en\/wp-json\/wp\/v2\/pages\/41849\/revisions\/85097"}],"wp:attachment":[{"href":"https:\/\/fabrega-goertzen.com\/en\/wp-json\/wp\/v2\/media?parent=41849"}],"curies":[{"name":"wp","href":"https:\/\/api.w.org\/{rel}","templated":true}]}}