{"id":42182,"date":"2021-02-04T11:19:29","date_gmt":"2021-02-04T11:19:29","guid":{"rendered":"https:\/\/moreholiday.cmsfacil.eu\/apartaments-turistics\/"},"modified":"2021-08-06T15:12:42","modified_gmt":"2021-08-06T15:12:42","slug":"apartaments-turistics","status":"publish","type":"page","link":"https:\/\/fabrega-goertzen.com\/en\/apartaments-turistics\/","title":{"rendered":"Tourist apartments"},"content":{"rendered":"<div class=\"single-content\">\n<div class=\"single-content\">\n<div class=\"elementor elementor-35522\" data-elementor-type=\"wp-page\" data-elementor-id=\"35522\" data-elementor-settings=\"[]\">\n<div class=\"elementor-inner\">\n<div class=\"elementor-section-wrap\">\n<section class=\"elementor-section elementor-top-section elementor-element elementor-element-28a05e48 elementor-section-boxed elementor-section-height-default elementor-section-height-default\" data-id=\"28a05e48\" data-element_type=\"section\">\n<div class=\"elementor-container elementor-column-gap-default\">\n<div class=\"elementor-row\">\n<div class=\"elementor-column elementor-col-100 elementor-top-column elementor-element elementor-element-6873cc50\" data-id=\"6873cc50\" data-element_type=\"column\">\n<div class=\"elementor-column-wrap elementor-element-populated\">\n<div class=\"elementor-widget-wrap\">\n<div class=\"elementor-element elementor-element-4644c16f elementor-widget elementor-widget-text-editor\" data-id=\"4644c16f\" data-element_type=\"widget\" data-widget_type=\"text-editor.default\">\n<div class=\"elementor-widget-container\">\n<div class=\"elementor-text-editor elementor-clearfix\">\n<p>Do you want to spend a dream holiday on the Costa Brava? Find a beautiful apartment and life good days in Costa Brava and Pyrinees.<\/p>\n<\/div>\n<\/div>\n<\/div>\n<\/div>\n<\/div>\n<\/div>\n<\/div>\n<\/div>\n<\/section>\n<\/div>\n<\/div>\n<\/div>\n<\/div>\n<\/div>\n","protected":false},"excerpt":{"rendered":"<p>Do you want to spend a dream holiday on the Costa Brava? Find a beautiful apartment and life good days in Costa Brava and Pyrinees.<\/p>\n","protected":false},"author":2,"featured_media":0,"parent":0,"menu_order":0,"comment_status":"open","ping_status":"open","template":"property_list.php","meta":{"_acf_changed":false,"footnotes":""},"class_list":["post-42182","page","type-page","status-publish","hentry"],"acf":[],"yoast_head":"<!-- This site is optimized with the Yoast SEO plugin v27.1.1 - https:\/\/yoast.com\/product\/yoast-seo-wordpress\/ -->\n<title>Apartaments Tur\u00edstics I Costa Brava &amp; Pirineus I More Holiday<\/title>\n<meta name=\"description\" content=\"Escapa&#039;t a un apartament tur\u00edstic amb encant I A More Holiday trobar\u00e0s els millors apartaments tur\u00edstics de la Costa Brava i els Pirineus.\" \/>\n<meta name=\"robots\" content=\"index, follow, max-snippet:-1, max-image-preview:large, max-video-preview:-1\" \/>\n<link rel=\"canonical\" href=\"https:\/\/fabrega-goertzen.com\/en\/apartaments-turistics\/\" \/>\n<meta property=\"og:locale\" content=\"en_US\" \/>\n<meta property=\"og:type\" content=\"article\" \/>\n<meta property=\"og:title\" content=\"Apartaments Tur\u00edstics I Costa Brava &amp; Pirineus I More Holiday\" \/>\n<meta property=\"og:description\" content=\"Escapa&#039;t a un apartament tur\u00edstic amb encant I A More Holiday trobar\u00e0s els millors apartaments tur\u00edstics de la Costa Brava i els Pirineus.\" \/>\n<meta property=\"og:url\" content=\"https:\/\/fabrega-goertzen.com\/en\/apartaments-turistics\/\" \/>\n<meta property=\"og:site_name\" content=\"Fabrega-Goertzen\" \/>\n<meta property=\"article:modified_time\" content=\"2021-08-06T15:12:42+00:00\" \/>\n<meta name=\"twitter:card\" content=\"summary_large_image\" \/>\n<meta name=\"twitter:label1\" content=\"Est. reading time\" \/>\n\t<meta name=\"twitter:data1\" content=\"1 minute\" \/>\n<script type=\"application\/ld+json\" class=\"yoast-schema-graph\">{\"@context\":\"https:\/\/schema.org\",\"@graph\":[{\"@type\":\"WebPage\",\"@id\":\"https:\/\/fabrega-goertzen.com\/en\/apartaments-turistics\/\",\"url\":\"https:\/\/fabrega-goertzen.com\/en\/apartaments-turistics\/\",\"name\":\"Apartaments Tur\u00edstics I Costa Brava & Pirineus I More Holiday\",\"isPartOf\":{\"@id\":\"https:\/\/fabrega-goertzen.com\/#website\"},\"datePublished\":\"2021-02-04T11:19:29+00:00\",\"dateModified\":\"2021-08-06T15:12:42+00:00\",\"description\":\"Escapa't a un apartament tur\u00edstic amb encant I A More Holiday trobar\u00e0s els millors apartaments tur\u00edstics de la Costa Brava i els Pirineus.\",\"breadcrumb\":{\"@id\":\"https:\/\/fabrega-goertzen.com\/en\/apartaments-turistics\/#breadcrumb\"},\"inLanguage\":\"en-US\",\"potentialAction\":[{\"@type\":\"ReadAction\",\"target\":[\"https:\/\/fabrega-goertzen.com\/en\/apartaments-turistics\/\"]}]},{\"@type\":\"BreadcrumbList\",\"@id\":\"https:\/\/fabrega-goertzen.com\/en\/apartaments-turistics\/#breadcrumb\",\"itemListElement\":[{\"@type\":\"ListItem\",\"position\":1,\"name\":\"Home\",\"item\":\"https:\/\/fabrega-goertzen.com\/fr\/\"},{\"@type\":\"ListItem\",\"position\":2,\"name\":\"Tourist apartments\"}]},{\"@type\":\"WebSite\",\"@id\":\"https:\/\/fabrega-goertzen.com\/#website\",\"url\":\"https:\/\/fabrega-goertzen.com\/\",\"name\":\"Fabrega-Goertzen\",\"description\":\"Fabrega-Goertzen\",\"potentialAction\":[{\"@type\":\"SearchAction\",\"target\":{\"@type\":\"EntryPoint\",\"urlTemplate\":\"https:\/\/fabrega-goertzen.com\/?s={search_term_string}\"},\"query-input\":{\"@type\":\"PropertyValueSpecification\",\"valueRequired\":true,\"valueName\":\"search_term_string\"}}],\"inLanguage\":\"en-US\"}]}<\/script>\n<!-- \/ Yoast SEO plugin. -->","yoast_head_json":{"title":"Apartaments Tur\u00edstics I Costa Brava & Pirineus I More Holiday","description":"Escapa't a un apartament tur\u00edstic amb encant I A More Holiday trobar\u00e0s els millors apartaments tur\u00edstics de la Costa Brava i els Pirineus.","robots":{"index":"index","follow":"follow","max-snippet":"max-snippet:-1","max-image-preview":"max-image-preview:large","max-video-preview":"max-video-preview:-1"},"canonical":"https:\/\/fabrega-goertzen.com\/en\/apartaments-turistics\/","og_locale":"en_US","og_type":"article","og_title":"Apartaments Tur\u00edstics I Costa Brava & Pirineus I More Holiday","og_description":"Escapa't a un apartament tur\u00edstic amb encant I A More Holiday trobar\u00e0s els millors apartaments tur\u00edstics de la Costa Brava i els Pirineus.","og_url":"https:\/\/fabrega-goertzen.com\/en\/apartaments-turistics\/","og_site_name":"Fabrega-Goertzen","article_modified_time":"2021-08-06T15:12:42+00:00","twitter_card":"summary_large_image","twitter_misc":{"Est. reading time":"1 minute"},"schema":{"@context":"https:\/\/schema.org","@graph":[{"@type":"WebPage","@id":"https:\/\/fabrega-goertzen.com\/en\/apartaments-turistics\/","url":"https:\/\/fabrega-goertzen.com\/en\/apartaments-turistics\/","name":"Apartaments Tur\u00edstics I Costa Brava & Pirineus I More Holiday","isPartOf":{"@id":"https:\/\/fabrega-goertzen.com\/#website"},"datePublished":"2021-02-04T11:19:29+00:00","dateModified":"2021-08-06T15:12:42+00:00","description":"Escapa't a un apartament tur\u00edstic amb encant I A More Holiday trobar\u00e0s els millors apartaments tur\u00edstics de la Costa Brava i els Pirineus.","breadcrumb":{"@id":"https:\/\/fabrega-goertzen.com\/en\/apartaments-turistics\/#breadcrumb"},"inLanguage":"en-US","potentialAction":[{"@type":"ReadAction","target":["https:\/\/fabrega-goertzen.com\/en\/apartaments-turistics\/"]}]},{"@type":"BreadcrumbList","@id":"https:\/\/fabrega-goertzen.com\/en\/apartaments-turistics\/#breadcrumb","itemListElement":[{"@type":"ListItem","position":1,"name":"Home","item":"https:\/\/fabrega-goertzen.com\/fr\/"},{"@type":"ListItem","position":2,"name":"Tourist apartments"}]},{"@type":"WebSite","@id":"https:\/\/fabrega-goertzen.com\/#website","url":"https:\/\/fabrega-goertzen.com\/","name":"Fabrega-Goertzen","description":"Fabrega-Goertzen","potentialAction":[{"@type":"SearchAction","target":{"@type":"EntryPoint","urlTemplate":"https:\/\/fabrega-goertzen.com\/?s={search_term_string}"},"query-input":{"@type":"PropertyValueSpecification","valueRequired":true,"valueName":"search_term_string"}}],"inLanguage":"en-US"}]}},"_links":{"self":[{"href":"https:\/\/fabrega-goertzen.com\/en\/wp-json\/wp\/v2\/pages\/42182","targetHints":{"allow":["GET"]}}],"collection":[{"href":"https:\/\/fabrega-goertzen.com\/en\/wp-json\/wp\/v2\/pages"}],"about":[{"href":"https:\/\/fabrega-goertzen.com\/en\/wp-json\/wp\/v2\/types\/page"}],"author":[{"embeddable":true,"href":"https:\/\/fabrega-goertzen.com\/en\/wp-json\/wp\/v2\/users\/2"}],"replies":[{"embeddable":true,"href":"https:\/\/fabrega-goertzen.com\/en\/wp-json\/wp\/v2\/comments?post=42182"}],"version-history":[{"count":0,"href":"https:\/\/fabrega-goertzen.com\/en\/wp-json\/wp\/v2\/pages\/42182\/revisions"}],"wp:attachment":[{"href":"https:\/\/fabrega-goertzen.com\/en\/wp-json\/wp\/v2\/media?parent=42182"}],"curies":[{"name":"wp","href":"https:\/\/api.w.org\/{rel}","templated":true}]}}