{"id":42198,"date":"2021-02-12T16:09:02","date_gmt":"2021-02-12T16:09:02","guid":{"rendered":"https:\/\/moreholiday.cmsfacil.eu\/wellness-spa\/"},"modified":"2021-05-29T15:30:56","modified_gmt":"2021-05-29T15:30:56","slug":"wellness-spa","status":"publish","type":"page","link":"https:\/\/fabrega-goertzen.com\/en\/wellness-spa\/","title":{"rendered":"Wellness &#038; Spa experience"},"content":{"rendered":"\t\t<div data-elementor-type=\"wp-page\" data-elementor-id=\"42198\" class=\"elementor elementor-42198 elementor-35659\" data-elementor-post-type=\"page\">\n\t\t\t\t\t\t<section class=\"elementor-section elementor-top-section elementor-element elementor-element-9202b2e elementor-section-boxed elementor-section-height-default elementor-section-height-default\" data-id=\"9202b2e\" data-element_type=\"section\" data-e-type=\"section\" data-settings=\"{&quot;background_background&quot;:&quot;classic&quot;}\">\n\t\t\t\t\t\t<div class=\"elementor-container elementor-column-gap-default\">\n\t\t\t\t\t<div class=\"elementor-column elementor-col-50 elementor-top-column elementor-element elementor-element-9befb87\" data-id=\"9befb87\" data-element_type=\"column\" data-e-type=\"column\">\n\t\t\t<div class=\"elementor-widget-wrap elementor-element-populated\">\n\t\t\t\t\t\t<div class=\"elementor-element elementor-element-b047377 elementor-widget elementor-widget-gallery\" data-id=\"b047377\" data-element_type=\"widget\" data-e-type=\"widget\" data-settings=\"{&quot;columns&quot;:1,&quot;lazyload&quot;:&quot;yes&quot;,&quot;gallery_layout&quot;:&quot;grid&quot;,&quot;columns_tablet&quot;:2,&quot;columns_mobile&quot;:1,&quot;gap&quot;:{&quot;unit&quot;:&quot;px&quot;,&quot;size&quot;:10,&quot;sizes&quot;:[]},&quot;gap_tablet&quot;:{&quot;unit&quot;:&quot;px&quot;,&quot;size&quot;:10,&quot;sizes&quot;:[]},&quot;gap_mobile&quot;:{&quot;unit&quot;:&quot;px&quot;,&quot;size&quot;:10,&quot;sizes&quot;:[]},&quot;link_to&quot;:&quot;file&quot;,&quot;aspect_ratio&quot;:&quot;3:2&quot;,&quot;overlay_background&quot;:&quot;yes&quot;,&quot;content_hover_animation&quot;:&quot;fade-in&quot;}\" data-widget_type=\"gallery.default\">\n\t\t\t\t<div class=\"elementor-widget-container\">\n\t\t\t\t\t\t\t<div class=\"elementor-gallery__container\">\n\t\t\t\t\t\t\t<a class=\"e-gallery-item elementor-gallery-item elementor-animated-content\" href=\"https:\/\/fabrega-goertzen.com\/wp-content\/uploads\/2021\/02\/24-Apr-11-SFO-9441-1.jpg\" data-elementor-open-lightbox=\"yes\" data-elementor-lightbox-slideshow=\"b047377\" data-elementor-lightbox-title=\"24-Apr-11-SFO-9441\" data-e-action-hash=\"#elementor-action%3Aaction%3Dlightbox%26settings%3DeyJpZCI6MzU2NjAsInVybCI6Imh0dHBzOlwvXC9mYWJyZWdhLWdvZXJ0emVuLmNvbVwvd3AtY29udGVudFwvdXBsb2Fkc1wvMjAyMVwvMDJcLzI0LUFwci0xMS1TRk8tOTQ0MS0xLmpwZyIsInNsaWRlc2hvdyI6ImIwNDczNzcifQ%3D%3D\">\n\t\t\t\t\t<div class=\"e-gallery-image elementor-gallery-item__image\" data-thumbnail=\"https:\/\/fabrega-goertzen.com\/wp-content\/uploads\/2021\/02\/24-Apr-11-SFO-9441-1.jpg\" data-width=\"\" data-height=\"\" aria-label=\"\" role=\"img\" ><\/div>\n\t\t\t\t\t\t\t\t\t\t\t<div class=\"elementor-gallery-item__overlay\"><\/div>\n\t\t\t\t\t\t\t\t\t\t\t\t\t\t<\/a>\n\t\t\t\t\t<\/div>\n\t\t\t\t\t<\/div>\n\t\t\t\t<\/div>\n\t\t\t\t<div class=\"elementor-element elementor-element-34cfaeb elementor-widget elementor-widget-gallery\" data-id=\"34cfaeb\" data-element_type=\"widget\" data-e-type=\"widget\" data-settings=\"{&quot;gap&quot;:{&quot;unit&quot;:&quot;px&quot;,&quot;size&quot;:11,&quot;sizes&quot;:[]},&quot;columns_mobile&quot;:4,&quot;lazyload&quot;:&quot;yes&quot;,&quot;gallery_layout&quot;:&quot;grid&quot;,&quot;columns&quot;:4,&quot;columns_tablet&quot;:2,&quot;gap_tablet&quot;:{&quot;unit&quot;:&quot;px&quot;,&quot;size&quot;:10,&quot;sizes&quot;:[]},&quot;gap_mobile&quot;:{&quot;unit&quot;:&quot;px&quot;,&quot;size&quot;:10,&quot;sizes&quot;:[]},&quot;link_to&quot;:&quot;file&quot;,&quot;aspect_ratio&quot;:&quot;3:2&quot;,&quot;overlay_background&quot;:&quot;yes&quot;,&quot;content_hover_animation&quot;:&quot;fade-in&quot;}\" data-widget_type=\"gallery.default\">\n\t\t\t\t<div class=\"elementor-widget-container\">\n\t\t\t\t\t\t\t<div class=\"elementor-gallery__container\">\n\t\t\t\t\t\t\t<a class=\"e-gallery-item elementor-gallery-item elementor-animated-content\" href=\"https:\/\/fabrega-goertzen.com\/wp-content\/uploads\/2021\/02\/23-Apr-11-SFO-9440.jpg\" data-elementor-open-lightbox=\"yes\" data-elementor-lightbox-slideshow=\"34cfaeb\" data-elementor-lightbox-title=\"23-Apr-11-SFO-9440\" data-e-action-hash=\"#elementor-action%3Aaction%3Dlightbox%26settings%3DeyJpZCI6MzU2NjQsInVybCI6Imh0dHBzOlwvXC9mYWJyZWdhLWdvZXJ0emVuLmNvbVwvd3AtY29udGVudFwvdXBsb2Fkc1wvMjAyMVwvMDJcLzIzLUFwci0xMS1TRk8tOTQ0MC5qcGciLCJzbGlkZXNob3ciOiIzNGNmYWViIn0%3D\">\n\t\t\t\t\t<div class=\"e-gallery-image elementor-gallery-item__image\" data-thumbnail=\"https:\/\/fabrega-goertzen.com\/wp-content\/uploads\/2021\/02\/23-Apr-11-SFO-9440-300x200.jpg\" data-width=\"300\" data-height=\"200\" aria-label=\"\" role=\"img\" ><\/div>\n\t\t\t\t\t\t\t\t\t\t\t<div class=\"elementor-gallery-item__overlay\"><\/div>\n\t\t\t\t\t\t\t\t\t\t\t\t\t\t<\/a>\n\t\t\t\t\t\t\t<a class=\"e-gallery-item elementor-gallery-item elementor-animated-content\" href=\"https:\/\/fabrega-goertzen.com\/wp-content\/uploads\/2021\/02\/26-Apr-11-SFO-9443.jpg\" data-elementor-open-lightbox=\"yes\" data-elementor-lightbox-slideshow=\"34cfaeb\" data-elementor-lightbox-title=\"26-Apr-11-SFO-9443\" data-e-action-hash=\"#elementor-action%3Aaction%3Dlightbox%26settings%3DeyJpZCI6MzU2NjcsInVybCI6Imh0dHBzOlwvXC9mYWJyZWdhLWdvZXJ0emVuLmNvbVwvd3AtY29udGVudFwvdXBsb2Fkc1wvMjAyMVwvMDJcLzI2LUFwci0xMS1TRk8tOTQ0My5qcGciLCJzbGlkZXNob3ciOiIzNGNmYWViIn0%3D\">\n\t\t\t\t\t<div class=\"e-gallery-image elementor-gallery-item__image\" data-thumbnail=\"https:\/\/fabrega-goertzen.com\/wp-content\/uploads\/2021\/02\/26-Apr-11-SFO-9443-300x200.jpg\" data-width=\"300\" data-height=\"200\" aria-label=\"\" role=\"img\" ><\/div>\n\t\t\t\t\t\t\t\t\t\t\t<div class=\"elementor-gallery-item__overlay\"><\/div>\n\t\t\t\t\t\t\t\t\t\t\t\t\t\t<\/a>\n\t\t\t\t\t\t\t<a class=\"e-gallery-item elementor-gallery-item elementor-animated-content\" href=\"https:\/\/fabrega-goertzen.com\/wp-content\/uploads\/2021\/02\/04-Apr-11-SFO-9389.jpg\" data-elementor-open-lightbox=\"yes\" data-elementor-lightbox-slideshow=\"34cfaeb\" data-elementor-lightbox-title=\"04-Apr-11-SFO-9389\" data-e-action-hash=\"#elementor-action%3Aaction%3Dlightbox%26settings%3DeyJpZCI6MzU2NzAsInVybCI6Imh0dHBzOlwvXC9mYWJyZWdhLWdvZXJ0emVuLmNvbVwvd3AtY29udGVudFwvdXBsb2Fkc1wvMjAyMVwvMDJcLzA0LUFwci0xMS1TRk8tOTM4OS5qcGciLCJzbGlkZXNob3ciOiIzNGNmYWViIn0%3D\">\n\t\t\t\t\t<div class=\"e-gallery-image elementor-gallery-item__image\" data-thumbnail=\"https:\/\/fabrega-goertzen.com\/wp-content\/uploads\/2021\/02\/04-Apr-11-SFO-9389-300x200.jpg\" data-width=\"300\" data-height=\"200\" aria-label=\"\" role=\"img\" ><\/div>\n\t\t\t\t\t\t\t\t\t\t\t<div class=\"elementor-gallery-item__overlay\"><\/div>\n\t\t\t\t\t\t\t\t\t\t\t\t\t\t<\/a>\n\t\t\t\t\t\t\t<a class=\"e-gallery-item elementor-gallery-item elementor-animated-content\" href=\"https:\/\/fabrega-goertzen.com\/wp-content\/uploads\/2021\/02\/09-Apr-11-SFO-9409.jpg\" data-elementor-open-lightbox=\"yes\" data-elementor-lightbox-slideshow=\"34cfaeb\" data-elementor-lightbox-title=\"09-Apr-11-SFO-9409\" data-e-action-hash=\"#elementor-action%3Aaction%3Dlightbox%26settings%3DeyJpZCI6MzU2NzMsInVybCI6Imh0dHBzOlwvXC9mYWJyZWdhLWdvZXJ0emVuLmNvbVwvd3AtY29udGVudFwvdXBsb2Fkc1wvMjAyMVwvMDJcLzA5LUFwci0xMS1TRk8tOTQwOS5qcGciLCJzbGlkZXNob3ciOiIzNGNmYWViIn0%3D\">\n\t\t\t\t\t<div class=\"e-gallery-image elementor-gallery-item__image\" data-thumbnail=\"https:\/\/fabrega-goertzen.com\/wp-content\/uploads\/2021\/02\/09-Apr-11-SFO-9409-300x200.jpg\" data-width=\"300\" data-height=\"200\" aria-label=\"\" role=\"img\" ><\/div>\n\t\t\t\t\t\t\t\t\t\t\t<div class=\"elementor-gallery-item__overlay\"><\/div>\n\t\t\t\t\t\t\t\t\t\t\t\t\t\t<\/a>\n\t\t\t\t\t<\/div>\n\t\t\t\t\t<\/div>\n\t\t\t\t<\/div>\n\t\t\t\t\t<\/div>\n\t\t<\/div>\n\t\t\t\t<div class=\"elementor-column elementor-col-50 elementor-top-column elementor-element elementor-element-75411c7\" data-id=\"75411c7\" data-element_type=\"column\" data-e-type=\"column\">\n\t\t\t<div class=\"elementor-widget-wrap elementor-element-populated\">\n\t\t\t\t\t\t<div class=\"elementor-element elementor-element-c851df8 elementor-widget elementor-widget-heading\" data-id=\"c851df8\" data-element_type=\"widget\" data-e-type=\"widget\" data-widget_type=\"heading.default\">\n\t\t\t\t<div class=\"elementor-widget-container\">\n\t\t\t\t\t<h1 class=\"elementor-heading-title elementor-size-default\">Experi\u00e8ncia Wellness &amp; SPA<\/h1>\t\t\t\t<\/div>\n\t\t\t\t<\/div>\n\t\t\t\t<div class=\"elementor-element elementor-element-bb0e94c elementor-widget elementor-widget-text-editor\" data-id=\"bb0e94c\" data-element_type=\"widget\" data-e-type=\"widget\" data-widget_type=\"text-editor.default\">\n\t\t\t\t<div class=\"elementor-widget-container\">\n\t\t\t\t\t\t\t\t\tIf you stay at Cal Parent, you can enjoy a Spa zone with all kinds of services:<br><br>\n<ul>\n \t<li>Jacuzzi and hydromassage shower<\/li>\n \t<li>Finnish sauna<\/li>\n \t<li>Steam room<\/li>\n \t<li>Relaxation room <\/li>\n \t<li>3,000 m2 garden with semi-heated swimming pool, sun loungers and parasols<\/li>\n<\/ul>\n* Available from 01\/04 to 30\/10.\t\t\t\t\t\t\t\t<\/div>\n\t\t\t\t<\/div>\n\t\t\t\t<div class=\"elementor-element elementor-element-c0456bf elementor-widget elementor-widget-text-editor\" data-id=\"c0456bf\" data-element_type=\"widget\" data-e-type=\"widget\" data-widget_type=\"text-editor.default\">\n\t\t\t\t<div class=\"elementor-widget-container\">\n\t\t\t\t\t\t\t\t\t<b>PRICE:<\/b> 180 \u20ac (Maximum 6 people)\t\t\t\t\t\t\t\t<\/div>\n\t\t\t\t<\/div>\n\t\t\t\t<div class=\"elementor-element elementor-element-5772da8 elementor-widget elementor-widget-button\" data-id=\"5772da8\" data-element_type=\"widget\" data-e-type=\"widget\" data-widget_type=\"button.default\">\n\t\t\t\t<div class=\"elementor-widget-container\">\n\t\t\t\t\t\t\t\t\t<div class=\"elementor-button-wrapper\">\n\t\t\t\t\t<a class=\"elementor-button elementor-button-link elementor-size-md\" href=\"https:\/\/www.avaibook.com\/reservas\/nueva_reserva.php?idw=57637&#038;cod_alojamiento=186823&#038;cod_unidad_alojativa=252181&#038;lang=ca&#038;f_ini=&#038;f_fin=\">\n\t\t\t\t\t\t<span class=\"elementor-button-content-wrapper\">\n\t\t\t\t\t\t\t\t\t<span class=\"elementor-button-text\">Book experience + house<\/span>\n\t\t\t\t\t<\/span>\n\t\t\t\t\t<\/a>\n\t\t\t\t<\/div>\n\t\t\t\t\t\t\t\t<\/div>\n\t\t\t\t<\/div>\n\t\t\t\t\t<\/div>\n\t\t<\/div>\n\t\t\t\t\t<\/div>\n\t\t<\/section>\n\t\t\t\t<section class=\"elementor-section elementor-top-section elementor-element elementor-element-82aa7ab elementor-section-boxed elementor-section-height-default elementor-section-height-default\" data-id=\"82aa7ab\" data-element_type=\"section\" data-e-type=\"section\">\n\t\t\t\t\t\t<div class=\"elementor-container elementor-column-gap-default\">\n\t\t\t\t\t<div class=\"elementor-column elementor-col-100 elementor-top-column elementor-element elementor-element-38ee74c\" data-id=\"38ee74c\" data-element_type=\"column\" data-e-type=\"column\">\n\t\t\t<div class=\"elementor-widget-wrap elementor-element-populated\">\n\t\t\t\t\t\t<div class=\"elementor-element elementor-element-8ec1259 elementor-widget elementor-widget-spacer\" data-id=\"8ec1259\" data-element_type=\"widget\" data-e-type=\"widget\" data-widget_type=\"spacer.default\">\n\t\t\t\t<div class=\"elementor-widget-container\">\n\t\t\t\t\t\t\t<div class=\"elementor-spacer\">\n\t\t\t<div class=\"elementor-spacer-inner\"><\/div>\n\t\t<\/div>\n\t\t\t\t\t\t<\/div>\n\t\t\t\t<\/div>\n\t\t\t\t<div class=\"elementor-element elementor-element-cb0e984 elementor-widget elementor-widget-heading\" data-id=\"cb0e984\" data-element_type=\"widget\" data-e-type=\"widget\" data-widget_type=\"heading.default\">\n\t\t\t\t<div class=\"elementor-widget-container\">\n\t\t\t\t\t<h2 class=\"elementor-heading-title elementor-size-medium\">Cal Parent - Country house<\/h2>\t\t\t\t<\/div>\n\t\t\t\t<\/div>\n\t\t\t\t<div class=\"elementor-element elementor-element-be900f7 elementor-widget elementor-widget-text-editor\" data-id=\"be900f7\" data-element_type=\"widget\" data-e-type=\"widget\" data-widget_type=\"text-editor.default\">\n\t\t\t\t<div class=\"elementor-widget-container\">\n\t\t\t\t\t\t\t\t\tCal Parent is the ideal house for taking a break from your daily routine and stress, and connecting with yourself and with nature. Treat yourself to an all-round experience of relaxation and comfort in the magnificent country house Cal Parent, where you can stimulate your senses and enjoy the full benefits of well-being.\n\t\t\t\t\t\t\t\t<\/div>\n\t\t\t\t<\/div>\n\t\t\t\t<div class=\"elementor-element elementor-element-682d677 elementor-widget elementor-widget-Wprentals_Featured_Listing\" data-id=\"682d677\" data-element_type=\"widget\" data-e-type=\"widget\" data-widget_type=\"Wprentals_Featured_Listing.default\">\n\t\t\t\t<div class=\"elementor-widget-container\">\n\t\t\t\t\t<div class=\"featured_property type_1_class\"><\/div>\t\t\t\t<\/div>\n\t\t\t\t<\/div>\n\t\t\t\t\t<\/div>\n\t\t<\/div>\n\t\t\t\t\t<\/div>\n\t\t<\/section>\n\t\t\t\t<\/div>\n\t\t","protected":false},"excerpt":{"rendered":"<p>Experi\u00e8ncia Wellness &amp; SPA If you stay at Cal Parent, you can enjoy a Spa zone with all kinds of services: Jacuzzi and hydromassage shower Finnish sauna Steam room Relaxation room 3,000 m2 garden with semi-heated swimming pool, sun loungers and parasols * Available from 01\/04 to 30\/10.PRICE: 180 \u20ac (Maximum 6 people) Book experience &#8230;<\/p>\n","protected":false},"author":2,"featured_media":0,"parent":0,"menu_order":0,"comment_status":"closed","ping_status":"closed","template":"elementor_theme","meta":{"_acf_changed":false,"footnotes":""},"class_list":["post-42198","page","type-page","status-publish","hentry"],"acf":[],"yoast_head":"<!-- This site is optimized with the Yoast SEO plugin v27.4 - https:\/\/yoast.com\/product\/yoast-seo-wordpress\/ -->\n<title>Experi\u00e8ncia Wellness I Costa Brava &amp; Pirineus I More Holiday<\/title>\n<meta name=\"description\" content=\"Viu una experi\u00e8ncia relaxant a la Costa Brava i als Pirineus I Can Grau t&#039;ofereix un espai relax amb jacuzzi i molt m\u00e9s. Descobreix-lo!\" \/>\n<meta name=\"robots\" content=\"index, follow, max-snippet:-1, max-image-preview:large, max-video-preview:-1\" \/>\n<link rel=\"canonical\" href=\"https:\/\/fabrega-goertzen.com\/en\/wellness-spa\/\" \/>\n<meta property=\"og:locale\" content=\"en_US\" \/>\n<meta property=\"og:type\" content=\"article\" \/>\n<meta property=\"og:title\" content=\"Experi\u00e8ncia Wellness I Costa Brava &amp; Pirineus I More Holiday\" \/>\n<meta property=\"og:description\" content=\"Viu una experi\u00e8ncia relaxant a la Costa Brava i als Pirineus I Can Grau t&#039;ofereix un espai relax amb jacuzzi i molt m\u00e9s. Descobreix-lo!\" \/>\n<meta property=\"og:url\" content=\"https:\/\/fabrega-goertzen.com\/en\/wellness-spa\/\" \/>\n<meta property=\"og:site_name\" content=\"Fabrega-Goertzen\" \/>\n<meta property=\"article:modified_time\" content=\"2021-05-29T15:30:56+00:00\" \/>\n<meta name=\"twitter:card\" content=\"summary_large_image\" \/>\n<meta name=\"twitter:label1\" content=\"Est. reading time\" \/>\n\t<meta name=\"twitter:data1\" content=\"1 minute\" \/>\n<script type=\"application\/ld+json\" class=\"yoast-schema-graph\">{\"@context\":\"https:\\\/\\\/schema.org\",\"@graph\":[{\"@type\":\"WebPage\",\"@id\":\"https:\\\/\\\/fabrega-goertzen.com\\\/en\\\/wellness-spa\\\/\",\"url\":\"https:\\\/\\\/fabrega-goertzen.com\\\/en\\\/wellness-spa\\\/\",\"name\":\"Experi\u00e8ncia Wellness I Costa Brava & Pirineus I More Holiday\",\"isPartOf\":{\"@id\":\"https:\\\/\\\/fabrega-goertzen.com\\\/#website\"},\"datePublished\":\"2021-02-12T16:09:02+00:00\",\"dateModified\":\"2021-05-29T15:30:56+00:00\",\"description\":\"Viu una experi\u00e8ncia relaxant a la Costa Brava i als Pirineus I Can Grau t'ofereix un espai relax amb jacuzzi i molt m\u00e9s. Descobreix-lo!\",\"breadcrumb\":{\"@id\":\"https:\\\/\\\/fabrega-goertzen.com\\\/en\\\/wellness-spa\\\/#breadcrumb\"},\"inLanguage\":\"en-US\",\"potentialAction\":[{\"@type\":\"ReadAction\",\"target\":[\"https:\\\/\\\/fabrega-goertzen.com\\\/en\\\/wellness-spa\\\/\"]}]},{\"@type\":\"BreadcrumbList\",\"@id\":\"https:\\\/\\\/fabrega-goertzen.com\\\/en\\\/wellness-spa\\\/#breadcrumb\",\"itemListElement\":[{\"@type\":\"ListItem\",\"position\":1,\"name\":\"Home\",\"item\":\"https:\\\/\\\/fabrega-goertzen.com\\\/fr\\\/\"},{\"@type\":\"ListItem\",\"position\":2,\"name\":\"Wellness &#038; Spa experience\"}]},{\"@type\":\"WebSite\",\"@id\":\"https:\\\/\\\/fabrega-goertzen.com\\\/#website\",\"url\":\"https:\\\/\\\/fabrega-goertzen.com\\\/\",\"name\":\"Fabrega-Goertzen\",\"description\":\"Fabrega-Goertzen\",\"potentialAction\":[{\"@type\":\"SearchAction\",\"target\":{\"@type\":\"EntryPoint\",\"urlTemplate\":\"https:\\\/\\\/fabrega-goertzen.com\\\/?s={search_term_string}\"},\"query-input\":{\"@type\":\"PropertyValueSpecification\",\"valueRequired\":true,\"valueName\":\"search_term_string\"}}],\"inLanguage\":\"en-US\"}]}<\/script>\n<!-- \/ Yoast SEO plugin. -->","yoast_head_json":{"title":"Experi\u00e8ncia Wellness I Costa Brava & Pirineus I More Holiday","description":"Viu una experi\u00e8ncia relaxant a la Costa Brava i als Pirineus I Can Grau t'ofereix un espai relax amb jacuzzi i molt m\u00e9s. Descobreix-lo!","robots":{"index":"index","follow":"follow","max-snippet":"max-snippet:-1","max-image-preview":"max-image-preview:large","max-video-preview":"max-video-preview:-1"},"canonical":"https:\/\/fabrega-goertzen.com\/en\/wellness-spa\/","og_locale":"en_US","og_type":"article","og_title":"Experi\u00e8ncia Wellness I Costa Brava & Pirineus I More Holiday","og_description":"Viu una experi\u00e8ncia relaxant a la Costa Brava i als Pirineus I Can Grau t'ofereix un espai relax amb jacuzzi i molt m\u00e9s. Descobreix-lo!","og_url":"https:\/\/fabrega-goertzen.com\/en\/wellness-spa\/","og_site_name":"Fabrega-Goertzen","article_modified_time":"2021-05-29T15:30:56+00:00","twitter_card":"summary_large_image","twitter_misc":{"Est. reading time":"1 minute"},"schema":{"@context":"https:\/\/schema.org","@graph":[{"@type":"WebPage","@id":"https:\/\/fabrega-goertzen.com\/en\/wellness-spa\/","url":"https:\/\/fabrega-goertzen.com\/en\/wellness-spa\/","name":"Experi\u00e8ncia Wellness I Costa Brava & Pirineus I More Holiday","isPartOf":{"@id":"https:\/\/fabrega-goertzen.com\/#website"},"datePublished":"2021-02-12T16:09:02+00:00","dateModified":"2021-05-29T15:30:56+00:00","description":"Viu una experi\u00e8ncia relaxant a la Costa Brava i als Pirineus I Can Grau t'ofereix un espai relax amb jacuzzi i molt m\u00e9s. Descobreix-lo!","breadcrumb":{"@id":"https:\/\/fabrega-goertzen.com\/en\/wellness-spa\/#breadcrumb"},"inLanguage":"en-US","potentialAction":[{"@type":"ReadAction","target":["https:\/\/fabrega-goertzen.com\/en\/wellness-spa\/"]}]},{"@type":"BreadcrumbList","@id":"https:\/\/fabrega-goertzen.com\/en\/wellness-spa\/#breadcrumb","itemListElement":[{"@type":"ListItem","position":1,"name":"Home","item":"https:\/\/fabrega-goertzen.com\/fr\/"},{"@type":"ListItem","position":2,"name":"Wellness &#038; Spa experience"}]},{"@type":"WebSite","@id":"https:\/\/fabrega-goertzen.com\/#website","url":"https:\/\/fabrega-goertzen.com\/","name":"Fabrega-Goertzen","description":"Fabrega-Goertzen","potentialAction":[{"@type":"SearchAction","target":{"@type":"EntryPoint","urlTemplate":"https:\/\/fabrega-goertzen.com\/?s={search_term_string}"},"query-input":{"@type":"PropertyValueSpecification","valueRequired":true,"valueName":"search_term_string"}}],"inLanguage":"en-US"}]}},"_links":{"self":[{"href":"https:\/\/fabrega-goertzen.com\/en\/wp-json\/wp\/v2\/pages\/42198","targetHints":{"allow":["GET"]}}],"collection":[{"href":"https:\/\/fabrega-goertzen.com\/en\/wp-json\/wp\/v2\/pages"}],"about":[{"href":"https:\/\/fabrega-goertzen.com\/en\/wp-json\/wp\/v2\/types\/page"}],"author":[{"embeddable":true,"href":"https:\/\/fabrega-goertzen.com\/en\/wp-json\/wp\/v2\/users\/2"}],"replies":[{"embeddable":true,"href":"https:\/\/fabrega-goertzen.com\/en\/wp-json\/wp\/v2\/comments?post=42198"}],"version-history":[{"count":0,"href":"https:\/\/fabrega-goertzen.com\/en\/wp-json\/wp\/v2\/pages\/42198\/revisions"}],"wp:attachment":[{"href":"https:\/\/fabrega-goertzen.com\/en\/wp-json\/wp\/v2\/media?parent=42198"}],"curies":[{"name":"wp","href":"https:\/\/api.w.org\/{rel}","templated":true}]}}