{"id":54852,"date":"2021-11-28T19:58:07","date_gmt":"2021-11-28T19:58:07","guid":{"rendered":"https:\/\/moreholiday.cmsfacil.eu\/fener-cau-del-llop\/"},"modified":"2025-01-11T16:31:24","modified_gmt":"2025-01-11T16:31:24","slug":"fener-cau-del-llop","status":"publish","type":"page","link":"https:\/\/fabrega-goertzen.com\/en\/fener-cau-del-llop\/","title":{"rendered":"Fener &#8211; Super-Fener &#8211; Cau del Llop"},"content":{"rendered":"","protected":false},"excerpt":{"rendered":"","protected":false},"author":2,"featured_media":0,"parent":0,"menu_order":0,"comment_status":"open","ping_status":"open","template":"property_list.php","meta":{"_acf_changed":false,"footnotes":""},"class_list":["post-54852","page","type-page","status-publish","hentry"],"acf":[],"yoast_head":"<!-- This site is optimized with the Yoast SEO plugin v27.1.1 - https:\/\/yoast.com\/product\/yoast-seo-wordpress\/ -->\n<title>Holiday appartments Llan\u00e7\u00e0 I Fener - Cau del Llop I Costa Brava<\/title>\n<meta name=\"description\" content=\"Flats and tourist accommodation in Llan\u00e7\u00e0, Fener and Cau del Llop area. You will find your ideal holiday in Fabrega-Goertzen.\" \/>\n<meta name=\"robots\" content=\"index, follow, max-snippet:-1, max-image-preview:large, max-video-preview:-1\" \/>\n<link rel=\"canonical\" href=\"https:\/\/fabrega-goertzen.com\/en\/fener-cau-del-llop\/\" \/>\n<meta property=\"og:locale\" content=\"en_US\" \/>\n<meta property=\"og:type\" content=\"article\" \/>\n<meta property=\"og:title\" content=\"Holiday appartments Llan\u00e7\u00e0 I Fener - Cau del Llop I Costa Brava\" \/>\n<meta property=\"og:description\" content=\"Flats and tourist accommodation in Llan\u00e7\u00e0, Fener and Cau del Llop area. You will find your ideal holiday in Fabrega-Goertzen.\" \/>\n<meta property=\"og:url\" content=\"https:\/\/fabrega-goertzen.com\/en\/fener-cau-del-llop\/\" \/>\n<meta property=\"og:site_name\" content=\"Fabrega-Goertzen\" \/>\n<meta property=\"article:modified_time\" content=\"2025-01-11T16:31:24+00:00\" \/>\n<meta name=\"twitter:card\" content=\"summary_large_image\" \/>\n<script type=\"application\/ld+json\" class=\"yoast-schema-graph\">{\"@context\":\"https:\/\/schema.org\",\"@graph\":[{\"@type\":\"WebPage\",\"@id\":\"https:\/\/fabrega-goertzen.com\/en\/fener-cau-del-llop\/\",\"url\":\"https:\/\/fabrega-goertzen.com\/en\/fener-cau-del-llop\/\",\"name\":\"Holiday appartments Llan\u00e7\u00e0 I Fener - Cau del Llop I Costa Brava\",\"isPartOf\":{\"@id\":\"https:\/\/fabrega-goertzen.com\/#website\"},\"datePublished\":\"2021-11-28T19:58:07+00:00\",\"dateModified\":\"2025-01-11T16:31:24+00:00\",\"description\":\"Flats and tourist accommodation in Llan\u00e7\u00e0, Fener and Cau del Llop area. You will find your ideal holiday in Fabrega-Goertzen.\",\"breadcrumb\":{\"@id\":\"https:\/\/fabrega-goertzen.com\/en\/fener-cau-del-llop\/#breadcrumb\"},\"inLanguage\":\"en-US\",\"potentialAction\":[{\"@type\":\"ReadAction\",\"target\":[\"https:\/\/fabrega-goertzen.com\/en\/fener-cau-del-llop\/\"]}]},{\"@type\":\"BreadcrumbList\",\"@id\":\"https:\/\/fabrega-goertzen.com\/en\/fener-cau-del-llop\/#breadcrumb\",\"itemListElement\":[{\"@type\":\"ListItem\",\"position\":1,\"name\":\"Home\",\"item\":\"https:\/\/fabrega-goertzen.com\/fr\/\"},{\"@type\":\"ListItem\",\"position\":2,\"name\":\"Fener &#8211; Super-Fener &#8211; Cau del Llop\"}]},{\"@type\":\"WebSite\",\"@id\":\"https:\/\/fabrega-goertzen.com\/#website\",\"url\":\"https:\/\/fabrega-goertzen.com\/\",\"name\":\"Fabrega-Goertzen\",\"description\":\"Fabrega-Goertzen\",\"potentialAction\":[{\"@type\":\"SearchAction\",\"target\":{\"@type\":\"EntryPoint\",\"urlTemplate\":\"https:\/\/fabrega-goertzen.com\/?s={search_term_string}\"},\"query-input\":{\"@type\":\"PropertyValueSpecification\",\"valueRequired\":true,\"valueName\":\"search_term_string\"}}],\"inLanguage\":\"en-US\"}]}<\/script>\n<!-- \/ Yoast SEO plugin. -->","yoast_head_json":{"title":"Holiday appartments Llan\u00e7\u00e0 I Fener - Cau del Llop I Costa Brava","description":"Flats and tourist accommodation in Llan\u00e7\u00e0, Fener and Cau del Llop area. You will find your ideal holiday in Fabrega-Goertzen.","robots":{"index":"index","follow":"follow","max-snippet":"max-snippet:-1","max-image-preview":"max-image-preview:large","max-video-preview":"max-video-preview:-1"},"canonical":"https:\/\/fabrega-goertzen.com\/en\/fener-cau-del-llop\/","og_locale":"en_US","og_type":"article","og_title":"Holiday appartments Llan\u00e7\u00e0 I Fener - Cau del Llop I Costa Brava","og_description":"Flats and tourist accommodation in Llan\u00e7\u00e0, Fener and Cau del Llop area. You will find your ideal holiday in Fabrega-Goertzen.","og_url":"https:\/\/fabrega-goertzen.com\/en\/fener-cau-del-llop\/","og_site_name":"Fabrega-Goertzen","article_modified_time":"2025-01-11T16:31:24+00:00","twitter_card":"summary_large_image","schema":{"@context":"https:\/\/schema.org","@graph":[{"@type":"WebPage","@id":"https:\/\/fabrega-goertzen.com\/en\/fener-cau-del-llop\/","url":"https:\/\/fabrega-goertzen.com\/en\/fener-cau-del-llop\/","name":"Holiday appartments Llan\u00e7\u00e0 I Fener - Cau del Llop I Costa Brava","isPartOf":{"@id":"https:\/\/fabrega-goertzen.com\/#website"},"datePublished":"2021-11-28T19:58:07+00:00","dateModified":"2025-01-11T16:31:24+00:00","description":"Flats and tourist accommodation in Llan\u00e7\u00e0, Fener and Cau del Llop area. You will find your ideal holiday in Fabrega-Goertzen.","breadcrumb":{"@id":"https:\/\/fabrega-goertzen.com\/en\/fener-cau-del-llop\/#breadcrumb"},"inLanguage":"en-US","potentialAction":[{"@type":"ReadAction","target":["https:\/\/fabrega-goertzen.com\/en\/fener-cau-del-llop\/"]}]},{"@type":"BreadcrumbList","@id":"https:\/\/fabrega-goertzen.com\/en\/fener-cau-del-llop\/#breadcrumb","itemListElement":[{"@type":"ListItem","position":1,"name":"Home","item":"https:\/\/fabrega-goertzen.com\/fr\/"},{"@type":"ListItem","position":2,"name":"Fener &#8211; Super-Fener &#8211; Cau del Llop"}]},{"@type":"WebSite","@id":"https:\/\/fabrega-goertzen.com\/#website","url":"https:\/\/fabrega-goertzen.com\/","name":"Fabrega-Goertzen","description":"Fabrega-Goertzen","potentialAction":[{"@type":"SearchAction","target":{"@type":"EntryPoint","urlTemplate":"https:\/\/fabrega-goertzen.com\/?s={search_term_string}"},"query-input":{"@type":"PropertyValueSpecification","valueRequired":true,"valueName":"search_term_string"}}],"inLanguage":"en-US"}]}},"_links":{"self":[{"href":"https:\/\/fabrega-goertzen.com\/en\/wp-json\/wp\/v2\/pages\/54852","targetHints":{"allow":["GET"]}}],"collection":[{"href":"https:\/\/fabrega-goertzen.com\/en\/wp-json\/wp\/v2\/pages"}],"about":[{"href":"https:\/\/fabrega-goertzen.com\/en\/wp-json\/wp\/v2\/types\/page"}],"author":[{"embeddable":true,"href":"https:\/\/fabrega-goertzen.com\/en\/wp-json\/wp\/v2\/users\/2"}],"replies":[{"embeddable":true,"href":"https:\/\/fabrega-goertzen.com\/en\/wp-json\/wp\/v2\/comments?post=54852"}],"version-history":[{"count":1,"href":"https:\/\/fabrega-goertzen.com\/en\/wp-json\/wp\/v2\/pages\/54852\/revisions"}],"predecessor-version":[{"id":84193,"href":"https:\/\/fabrega-goertzen.com\/en\/wp-json\/wp\/v2\/pages\/54852\/revisions\/84193"}],"wp:attachment":[{"href":"https:\/\/fabrega-goertzen.com\/en\/wp-json\/wp\/v2\/media?parent=54852"}],"curies":[{"name":"wp","href":"https:\/\/api.w.org\/{rel}","templated":true}]}}