{"id":54897,"date":"2021-11-28T20:19:01","date_gmt":"2021-11-28T20:19:01","guid":{"rendered":"https:\/\/moreholiday.cmsfacil.eu\/carboneres-tonyines\/"},"modified":"2022-01-15T17:59:42","modified_gmt":"2022-01-15T17:59:42","slug":"carboneres-tonyines","status":"publish","type":"page","link":"https:\/\/fabrega-goertzen.com\/en\/carboneres-tonyines\/","title":{"rendered":"Carboneres &#8211; Tonyines"},"content":{"rendered":"","protected":false},"excerpt":{"rendered":"","protected":false},"author":2,"featured_media":0,"parent":0,"menu_order":0,"comment_status":"open","ping_status":"open","template":"property_list.php","meta":{"_acf_changed":false,"footnotes":""},"class_list":["post-54897","page","type-page","status-publish","hentry"],"acf":[],"yoast_head":"<!-- This site is optimized with the Yoast SEO plugin v27.1.1 - https:\/\/yoast.com\/product\/yoast-seo-wordpress\/ -->\n<title>Holiday appartments Llan\u00e7\u00e0 I Carboneres - Tonyines I Costa Brava<\/title>\n<meta name=\"description\" content=\"Flats and tourist accommodation in Llan\u00e7\u00e0, Carboneres and Tonyines area. You will find your ideal holiday in Fabrega-Goertzen.\" \/>\n<meta name=\"robots\" content=\"index, follow, max-snippet:-1, max-image-preview:large, max-video-preview:-1\" \/>\n<link rel=\"canonical\" href=\"https:\/\/fabrega-goertzen.com\/en\/carboneres-tonyines\/\" \/>\n<meta property=\"og:locale\" content=\"en_US\" \/>\n<meta property=\"og:type\" content=\"article\" \/>\n<meta property=\"og:title\" content=\"Holiday appartments Llan\u00e7\u00e0 I Carboneres - Tonyines I Costa Brava\" \/>\n<meta property=\"og:description\" content=\"Flats and tourist accommodation in Llan\u00e7\u00e0, Carboneres and Tonyines area. You will find your ideal holiday in Fabrega-Goertzen.\" \/>\n<meta property=\"og:url\" content=\"https:\/\/fabrega-goertzen.com\/en\/carboneres-tonyines\/\" \/>\n<meta property=\"og:site_name\" content=\"Fabrega-Goertzen\" \/>\n<meta property=\"article:modified_time\" content=\"2022-01-15T17:59:42+00:00\" \/>\n<meta name=\"twitter:card\" content=\"summary_large_image\" \/>\n<script type=\"application\/ld+json\" class=\"yoast-schema-graph\">{\"@context\":\"https:\/\/schema.org\",\"@graph\":[{\"@type\":\"WebPage\",\"@id\":\"https:\/\/fabrega-goertzen.com\/en\/carboneres-tonyines\/\",\"url\":\"https:\/\/fabrega-goertzen.com\/en\/carboneres-tonyines\/\",\"name\":\"Holiday appartments Llan\u00e7\u00e0 I Carboneres - Tonyines I Costa Brava\",\"isPartOf\":{\"@id\":\"https:\/\/fabrega-goertzen.com\/#website\"},\"datePublished\":\"2021-11-28T20:19:01+00:00\",\"dateModified\":\"2022-01-15T17:59:42+00:00\",\"description\":\"Flats and tourist accommodation in Llan\u00e7\u00e0, Carboneres and Tonyines area. You will find your ideal holiday in Fabrega-Goertzen.\",\"breadcrumb\":{\"@id\":\"https:\/\/fabrega-goertzen.com\/en\/carboneres-tonyines\/#breadcrumb\"},\"inLanguage\":\"en-US\",\"potentialAction\":[{\"@type\":\"ReadAction\",\"target\":[\"https:\/\/fabrega-goertzen.com\/en\/carboneres-tonyines\/\"]}]},{\"@type\":\"BreadcrumbList\",\"@id\":\"https:\/\/fabrega-goertzen.com\/en\/carboneres-tonyines\/#breadcrumb\",\"itemListElement\":[{\"@type\":\"ListItem\",\"position\":1,\"name\":\"Home\",\"item\":\"https:\/\/fabrega-goertzen.com\/fr\/\"},{\"@type\":\"ListItem\",\"position\":2,\"name\":\"Carboneres &#8211; Tonyines\"}]},{\"@type\":\"WebSite\",\"@id\":\"https:\/\/fabrega-goertzen.com\/#website\",\"url\":\"https:\/\/fabrega-goertzen.com\/\",\"name\":\"Fabrega-Goertzen\",\"description\":\"Fabrega-Goertzen\",\"potentialAction\":[{\"@type\":\"SearchAction\",\"target\":{\"@type\":\"EntryPoint\",\"urlTemplate\":\"https:\/\/fabrega-goertzen.com\/?s={search_term_string}\"},\"query-input\":{\"@type\":\"PropertyValueSpecification\",\"valueRequired\":true,\"valueName\":\"search_term_string\"}}],\"inLanguage\":\"en-US\"}]}<\/script>\n<!-- \/ Yoast SEO plugin. -->","yoast_head_json":{"title":"Holiday appartments Llan\u00e7\u00e0 I Carboneres - Tonyines I Costa Brava","description":"Flats and tourist accommodation in Llan\u00e7\u00e0, Carboneres and Tonyines area. You will find your ideal holiday in Fabrega-Goertzen.","robots":{"index":"index","follow":"follow","max-snippet":"max-snippet:-1","max-image-preview":"max-image-preview:large","max-video-preview":"max-video-preview:-1"},"canonical":"https:\/\/fabrega-goertzen.com\/en\/carboneres-tonyines\/","og_locale":"en_US","og_type":"article","og_title":"Holiday appartments Llan\u00e7\u00e0 I Carboneres - Tonyines I Costa Brava","og_description":"Flats and tourist accommodation in Llan\u00e7\u00e0, Carboneres and Tonyines area. You will find your ideal holiday in Fabrega-Goertzen.","og_url":"https:\/\/fabrega-goertzen.com\/en\/carboneres-tonyines\/","og_site_name":"Fabrega-Goertzen","article_modified_time":"2022-01-15T17:59:42+00:00","twitter_card":"summary_large_image","schema":{"@context":"https:\/\/schema.org","@graph":[{"@type":"WebPage","@id":"https:\/\/fabrega-goertzen.com\/en\/carboneres-tonyines\/","url":"https:\/\/fabrega-goertzen.com\/en\/carboneres-tonyines\/","name":"Holiday appartments Llan\u00e7\u00e0 I Carboneres - Tonyines I Costa Brava","isPartOf":{"@id":"https:\/\/fabrega-goertzen.com\/#website"},"datePublished":"2021-11-28T20:19:01+00:00","dateModified":"2022-01-15T17:59:42+00:00","description":"Flats and tourist accommodation in Llan\u00e7\u00e0, Carboneres and Tonyines area. You will find your ideal holiday in Fabrega-Goertzen.","breadcrumb":{"@id":"https:\/\/fabrega-goertzen.com\/en\/carboneres-tonyines\/#breadcrumb"},"inLanguage":"en-US","potentialAction":[{"@type":"ReadAction","target":["https:\/\/fabrega-goertzen.com\/en\/carboneres-tonyines\/"]}]},{"@type":"BreadcrumbList","@id":"https:\/\/fabrega-goertzen.com\/en\/carboneres-tonyines\/#breadcrumb","itemListElement":[{"@type":"ListItem","position":1,"name":"Home","item":"https:\/\/fabrega-goertzen.com\/fr\/"},{"@type":"ListItem","position":2,"name":"Carboneres &#8211; Tonyines"}]},{"@type":"WebSite","@id":"https:\/\/fabrega-goertzen.com\/#website","url":"https:\/\/fabrega-goertzen.com\/","name":"Fabrega-Goertzen","description":"Fabrega-Goertzen","potentialAction":[{"@type":"SearchAction","target":{"@type":"EntryPoint","urlTemplate":"https:\/\/fabrega-goertzen.com\/?s={search_term_string}"},"query-input":{"@type":"PropertyValueSpecification","valueRequired":true,"valueName":"search_term_string"}}],"inLanguage":"en-US"}]}},"_links":{"self":[{"href":"https:\/\/fabrega-goertzen.com\/en\/wp-json\/wp\/v2\/pages\/54897","targetHints":{"allow":["GET"]}}],"collection":[{"href":"https:\/\/fabrega-goertzen.com\/en\/wp-json\/wp\/v2\/pages"}],"about":[{"href":"https:\/\/fabrega-goertzen.com\/en\/wp-json\/wp\/v2\/types\/page"}],"author":[{"embeddable":true,"href":"https:\/\/fabrega-goertzen.com\/en\/wp-json\/wp\/v2\/users\/2"}],"replies":[{"embeddable":true,"href":"https:\/\/fabrega-goertzen.com\/en\/wp-json\/wp\/v2\/comments?post=54897"}],"version-history":[{"count":0,"href":"https:\/\/fabrega-goertzen.com\/en\/wp-json\/wp\/v2\/pages\/54897\/revisions"}],"wp:attachment":[{"href":"https:\/\/fabrega-goertzen.com\/en\/wp-json\/wp\/v2\/media?parent=54897"}],"curies":[{"name":"wp","href":"https:\/\/api.w.org\/{rel}","templated":true}]}}