{"id":84999,"date":"2025-01-24T09:30:58","date_gmt":"2025-01-24T09:30:58","guid":{"rendered":"https:\/\/fabrega-goertzen.com\/lloguer-temporal-llanca-costa-brava\/"},"modified":"2025-08-07T17:29:53","modified_gmt":"2025-08-07T17:29:53","slug":"lloguer-temporal-llanca-costa-brava","status":"publish","type":"page","link":"https:\/\/fabrega-goertzen.com\/en\/lloguer-temporal-llanca-costa-brava\/","title":{"rendered":"Seasonal Rentals in Llan\u00e7\u00e0 &#8211; Costa Brava"},"content":{"rendered":"\t\t<div data-elementor-type=\"wp-page\" data-elementor-id=\"84999\" class=\"elementor elementor-84999 elementor-84869\" data-elementor-post-type=\"page\">\n\t\t\t\t\t\t<section class=\"elementor-section elementor-top-section elementor-element elementor-element-71e16168 elementor-section-boxed elementor-section-height-default elementor-section-height-default\" data-id=\"71e16168\" data-element_type=\"section\" data-e-type=\"section\">\n\t\t\t\t\t\t<div class=\"elementor-container elementor-column-gap-default\">\n\t\t\t\t\t<div class=\"elementor-column elementor-col-100 elementor-top-column elementor-element elementor-element-3a9c0a90\" data-id=\"3a9c0a90\" data-element_type=\"column\" data-e-type=\"column\">\n\t\t\t<div class=\"elementor-widget-wrap elementor-element-populated\">\n\t\t\t\t\t\t<div class=\"elementor-element elementor-element-20ad42c8 elementor-widget elementor-widget-text-editor\" data-id=\"20ad42c8\" data-element_type=\"widget\" data-e-type=\"widget\" data-widget_type=\"text-editor.default\">\n\t\t\t\t<div class=\"elementor-widget-container\">\n\t\t\t\t\t\t\t\t\t<p class=\"p1\"><b>Looking for a special place for a temporary stay?<\/b> Discover our selection of houses and apartments for rent in Llan\u00e7\u00e0, in Alt Empord\u00e0. Choose the ideal accommodation for you and enjoy everything this unique spot in the northern Costa Brava has to offer.<\/p>\t\t\t\t\t\t\t\t<\/div>\n\t\t\t\t<\/div>\n\t\t\t\t\t<\/div>\n\t\t<\/div>\n\t\t\t\t\t<\/div>\n\t\t<\/section>\n\t\t\t\t<\/div>\n\t\t","protected":false},"excerpt":{"rendered":"<p>Looking for a special place for a temporary stay? Discover our selection of houses and apartments for rent in Llan\u00e7\u00e0, in Alt Empord\u00e0. Choose the ideal accommodation for you and enjoy everything this unique spot in the northern Costa Brava has to offer.<\/p>\n","protected":false},"author":2,"featured_media":0,"parent":0,"menu_order":0,"comment_status":"closed","ping_status":"closed","template":"property_list.php","meta":{"_acf_changed":false,"footnotes":""},"class_list":["post-84999","page","type-page","status-publish","hentry"],"acf":[],"yoast_head":"<!-- This site is optimized with the Yoast SEO plugin v27.1.1 - https:\/\/yoast.com\/product\/yoast-seo-wordpress\/ -->\n<title>Lloguer temporal a Llan\u00e7\u00e0 I Zona Cap de Creus I Costa Brava<\/title>\n<meta name=\"description\" content=\"Apartaments i allotjaments temporals a Llan\u00e7\u00e0, el Cap de Creus i la Costa Brava. La teva estada ideal la trobar\u00e0s a Fabrega-Goertzen.\" \/>\n<meta name=\"robots\" content=\"index, follow, max-snippet:-1, max-image-preview:large, max-video-preview:-1\" \/>\n<link rel=\"canonical\" href=\"https:\/\/fabrega-goertzen.com\/en\/lloguer-temporal-llanca-costa-brava\/\" \/>\n<meta property=\"og:locale\" content=\"en_US\" \/>\n<meta property=\"og:type\" content=\"article\" \/>\n<meta property=\"og:title\" content=\"Lloguer temporal a Llan\u00e7\u00e0 I Zona Cap de Creus I Costa Brava\" \/>\n<meta property=\"og:description\" content=\"Apartaments i allotjaments temporals a Llan\u00e7\u00e0, el Cap de Creus i la Costa Brava. La teva estada ideal la trobar\u00e0s a Fabrega-Goertzen.\" \/>\n<meta property=\"og:url\" content=\"https:\/\/fabrega-goertzen.com\/en\/lloguer-temporal-llanca-costa-brava\/\" \/>\n<meta property=\"og:site_name\" content=\"Fabrega-Goertzen\" \/>\n<meta property=\"article:modified_time\" content=\"2025-08-07T17:29:53+00:00\" \/>\n<meta name=\"twitter:card\" content=\"summary_large_image\" \/>\n<meta name=\"twitter:label1\" content=\"Est. reading time\" \/>\n\t<meta name=\"twitter:data1\" content=\"1 minute\" \/>\n<script type=\"application\/ld+json\" class=\"yoast-schema-graph\">{\"@context\":\"https:\/\/schema.org\",\"@graph\":[{\"@type\":\"WebPage\",\"@id\":\"https:\/\/fabrega-goertzen.com\/en\/lloguer-temporal-llanca-costa-brava\/\",\"url\":\"https:\/\/fabrega-goertzen.com\/en\/lloguer-temporal-llanca-costa-brava\/\",\"name\":\"Lloguer temporal a Llan\u00e7\u00e0 I Zona Cap de Creus I Costa Brava\",\"isPartOf\":{\"@id\":\"https:\/\/fabrega-goertzen.com\/#website\"},\"datePublished\":\"2025-01-24T09:30:58+00:00\",\"dateModified\":\"2025-08-07T17:29:53+00:00\",\"description\":\"Apartaments i allotjaments temporals a Llan\u00e7\u00e0, el Cap de Creus i la Costa Brava. La teva estada ideal la trobar\u00e0s a Fabrega-Goertzen.\",\"breadcrumb\":{\"@id\":\"https:\/\/fabrega-goertzen.com\/en\/lloguer-temporal-llanca-costa-brava\/#breadcrumb\"},\"inLanguage\":\"en-US\",\"potentialAction\":[{\"@type\":\"ReadAction\",\"target\":[\"https:\/\/fabrega-goertzen.com\/en\/lloguer-temporal-llanca-costa-brava\/\"]}]},{\"@type\":\"BreadcrumbList\",\"@id\":\"https:\/\/fabrega-goertzen.com\/en\/lloguer-temporal-llanca-costa-brava\/#breadcrumb\",\"itemListElement\":[{\"@type\":\"ListItem\",\"position\":1,\"name\":\"Home\",\"item\":\"https:\/\/fabrega-goertzen.com\/fr\/\"},{\"@type\":\"ListItem\",\"position\":2,\"name\":\"Seasonal Rentals in Llan\u00e7\u00e0 &#8211; Costa Brava\"}]},{\"@type\":\"WebSite\",\"@id\":\"https:\/\/fabrega-goertzen.com\/#website\",\"url\":\"https:\/\/fabrega-goertzen.com\/\",\"name\":\"Fabrega-Goertzen\",\"description\":\"Fabrega-Goertzen\",\"potentialAction\":[{\"@type\":\"SearchAction\",\"target\":{\"@type\":\"EntryPoint\",\"urlTemplate\":\"https:\/\/fabrega-goertzen.com\/?s={search_term_string}\"},\"query-input\":{\"@type\":\"PropertyValueSpecification\",\"valueRequired\":true,\"valueName\":\"search_term_string\"}}],\"inLanguage\":\"en-US\"}]}<\/script>\n<!-- \/ Yoast SEO plugin. -->","yoast_head_json":{"title":"Lloguer temporal a Llan\u00e7\u00e0 I Zona Cap de Creus I Costa Brava","description":"Apartaments i allotjaments temporals a Llan\u00e7\u00e0, el Cap de Creus i la Costa Brava. La teva estada ideal la trobar\u00e0s a Fabrega-Goertzen.","robots":{"index":"index","follow":"follow","max-snippet":"max-snippet:-1","max-image-preview":"max-image-preview:large","max-video-preview":"max-video-preview:-1"},"canonical":"https:\/\/fabrega-goertzen.com\/en\/lloguer-temporal-llanca-costa-brava\/","og_locale":"en_US","og_type":"article","og_title":"Lloguer temporal a Llan\u00e7\u00e0 I Zona Cap de Creus I Costa Brava","og_description":"Apartaments i allotjaments temporals a Llan\u00e7\u00e0, el Cap de Creus i la Costa Brava. La teva estada ideal la trobar\u00e0s a Fabrega-Goertzen.","og_url":"https:\/\/fabrega-goertzen.com\/en\/lloguer-temporal-llanca-costa-brava\/","og_site_name":"Fabrega-Goertzen","article_modified_time":"2025-08-07T17:29:53+00:00","twitter_card":"summary_large_image","twitter_misc":{"Est. reading time":"1 minute"},"schema":{"@context":"https:\/\/schema.org","@graph":[{"@type":"WebPage","@id":"https:\/\/fabrega-goertzen.com\/en\/lloguer-temporal-llanca-costa-brava\/","url":"https:\/\/fabrega-goertzen.com\/en\/lloguer-temporal-llanca-costa-brava\/","name":"Lloguer temporal a Llan\u00e7\u00e0 I Zona Cap de Creus I Costa Brava","isPartOf":{"@id":"https:\/\/fabrega-goertzen.com\/#website"},"datePublished":"2025-01-24T09:30:58+00:00","dateModified":"2025-08-07T17:29:53+00:00","description":"Apartaments i allotjaments temporals a Llan\u00e7\u00e0, el Cap de Creus i la Costa Brava. La teva estada ideal la trobar\u00e0s a Fabrega-Goertzen.","breadcrumb":{"@id":"https:\/\/fabrega-goertzen.com\/en\/lloguer-temporal-llanca-costa-brava\/#breadcrumb"},"inLanguage":"en-US","potentialAction":[{"@type":"ReadAction","target":["https:\/\/fabrega-goertzen.com\/en\/lloguer-temporal-llanca-costa-brava\/"]}]},{"@type":"BreadcrumbList","@id":"https:\/\/fabrega-goertzen.com\/en\/lloguer-temporal-llanca-costa-brava\/#breadcrumb","itemListElement":[{"@type":"ListItem","position":1,"name":"Home","item":"https:\/\/fabrega-goertzen.com\/fr\/"},{"@type":"ListItem","position":2,"name":"Seasonal Rentals in Llan\u00e7\u00e0 &#8211; Costa Brava"}]},{"@type":"WebSite","@id":"https:\/\/fabrega-goertzen.com\/#website","url":"https:\/\/fabrega-goertzen.com\/","name":"Fabrega-Goertzen","description":"Fabrega-Goertzen","potentialAction":[{"@type":"SearchAction","target":{"@type":"EntryPoint","urlTemplate":"https:\/\/fabrega-goertzen.com\/?s={search_term_string}"},"query-input":{"@type":"PropertyValueSpecification","valueRequired":true,"valueName":"search_term_string"}}],"inLanguage":"en-US"}]}},"_links":{"self":[{"href":"https:\/\/fabrega-goertzen.com\/en\/wp-json\/wp\/v2\/pages\/84999","targetHints":{"allow":["GET"]}}],"collection":[{"href":"https:\/\/fabrega-goertzen.com\/en\/wp-json\/wp\/v2\/pages"}],"about":[{"href":"https:\/\/fabrega-goertzen.com\/en\/wp-json\/wp\/v2\/types\/page"}],"author":[{"embeddable":true,"href":"https:\/\/fabrega-goertzen.com\/en\/wp-json\/wp\/v2\/users\/2"}],"replies":[{"embeddable":true,"href":"https:\/\/fabrega-goertzen.com\/en\/wp-json\/wp\/v2\/comments?post=84999"}],"version-history":[{"count":17,"href":"https:\/\/fabrega-goertzen.com\/en\/wp-json\/wp\/v2\/pages\/84999\/revisions"}],"predecessor-version":[{"id":88880,"href":"https:\/\/fabrega-goertzen.com\/en\/wp-json\/wp\/v2\/pages\/84999\/revisions\/88880"}],"wp:attachment":[{"href":"https:\/\/fabrega-goertzen.com\/en\/wp-json\/wp\/v2\/media?parent=84999"}],"curies":[{"name":"wp","href":"https:\/\/api.w.org\/{rel}","templated":true}]}}