{"id":39640,"date":"2021-01-31T15:57:54","date_gmt":"2021-01-31T15:57:54","guid":{"rendered":"https:\/\/moreholiday.cmsfacil.eu\/tipus-allotjaments\/"},"modified":"2026-02-06T07:40:13","modified_gmt":"2026-02-06T07:40:13","slug":"alquiler-turistico","status":"publish","type":"page","link":"https:\/\/fabrega-goertzen.com\/es\/alquiler-turistico\/","title":{"rendered":"Alquiler de apartamentos Llan\u00e7\u00e0 &#8211; Costa Brava"},"content":{"rendered":"\t\t<div data-elementor-type=\"wp-page\" data-elementor-id=\"39640\" class=\"elementor elementor-39640 elementor-6\" data-elementor-post-type=\"page\">\n\t\t\t\t\t\t<section class=\"elementor-section elementor-top-section elementor-element elementor-element-71e16168 elementor-section-boxed elementor-section-height-default elementor-section-height-default\" data-id=\"71e16168\" data-element_type=\"section\" data-e-type=\"section\">\n\t\t\t\t\t\t<div class=\"elementor-container elementor-column-gap-default\">\n\t\t\t\t\t<div class=\"elementor-column elementor-col-100 elementor-top-column elementor-element elementor-element-3a9c0a90\" data-id=\"3a9c0a90\" data-element_type=\"column\" data-e-type=\"column\">\n\t\t\t<div class=\"elementor-widget-wrap elementor-element-populated\">\n\t\t\t\t\t\t<div class=\"elementor-element elementor-element-20ad42c8 elementor-widget elementor-widget-text-editor\" data-id=\"20ad42c8\" data-element_type=\"widget\" data-e-type=\"widget\" data-widget_type=\"text-editor.default\">\n\t\t\t\t<div class=\"elementor-widget-container\">\n\t\t\t\t\t\t\t\t\t<p>\u00bfTe apetece pasar unos d\u00edas de vacaciones en Llan\u00e7\u00e0? Aqu\u00ed encontrar\u00e1s una selecci\u00f3n de casas y <strong>apartamentos de alquiler<\/strong> en<strong> Llan\u00e7\u00e0, en el Alt Empord\u00e0<\/strong>. Elige el alojamiento que m\u00e1s te guste y disfruta de unas vacaciones fant\u00e1sticas en este rinc\u00f3n especial de <strong>la<\/strong>\u00a0<strong>Costa Brava Norte<\/strong>.<\/p>\t\t\t\t\t\t\t\t<\/div>\n\t\t\t\t<\/div>\n\t\t\t\t\t<\/div>\n\t\t<\/div>\n\t\t\t\t\t<\/div>\n\t\t<\/section>\n\t\t\t\t<\/div>\n\t\t","protected":false},"excerpt":{"rendered":"<p>\u00bfTe apetece pasar unos d\u00edas de vacaciones en Llan\u00e7\u00e0? Aqu\u00ed encontrar\u00e1s una selecci\u00f3n de casas y apartamentos de alquiler en Llan\u00e7\u00e0, en el Alt Empord\u00e0. Elige el alojamiento que m\u00e1s te guste y disfruta de unas vacaciones fant\u00e1sticas en este rinc\u00f3n especial de la\u00a0Costa Brava Norte.<\/p>\n","protected":false},"author":2,"featured_media":0,"parent":0,"menu_order":0,"comment_status":"closed","ping_status":"closed","template":"property_list.php","meta":{"_acf_changed":false,"footnotes":""},"class_list":["post-39640","page","type-page","status-publish","hentry"],"acf":[],"yoast_head":"<!-- This site is optimized with the Yoast SEO plugin v27.4 - https:\/\/yoast.com\/product\/yoast-seo-wordpress\/ -->\n<title>Alquiler de apartamentos en Llan\u00e7\u00e0 I Zona Cap de Creus I Costa Brava<\/title>\n<meta name=\"description\" content=\"Apartamentos y alojamientos tur\u00edsticos en Llan\u00e7\u00e0, Cap de Creus y la Costa Brava. Tus vacaciones ideales las encontrar\u00e1s en Fabrega-Goertzen.\" \/>\n<meta name=\"robots\" content=\"index, follow, max-snippet:-1, max-image-preview:large, max-video-preview:-1\" \/>\n<link rel=\"canonical\" href=\"https:\/\/fabrega-goertzen.com\/es\/alquiler-turistico\/\" \/>\n<meta property=\"og:locale\" content=\"es_ES\" \/>\n<meta property=\"og:type\" content=\"article\" \/>\n<meta property=\"og:title\" content=\"Alquiler de apartamentos en Llan\u00e7\u00e0 I Zona Cap de Creus I Costa Brava\" \/>\n<meta property=\"og:description\" content=\"Apartamentos y alojamientos tur\u00edsticos en Llan\u00e7\u00e0, Cap de Creus y la Costa Brava. Tus vacaciones ideales las encontrar\u00e1s en Fabrega-Goertzen.\" \/>\n<meta property=\"og:url\" content=\"https:\/\/fabrega-goertzen.com\/es\/alquiler-turistico\/\" \/>\n<meta property=\"og:site_name\" content=\"Fabrega-Goertzen\" \/>\n<meta property=\"article:modified_time\" content=\"2026-02-06T07:40:13+00:00\" \/>\n<meta name=\"twitter:card\" content=\"summary_large_image\" \/>\n<meta name=\"twitter:label1\" content=\"Tiempo de lectura\" \/>\n\t<meta name=\"twitter:data1\" content=\"1 minuto\" \/>\n<script type=\"application\/ld+json\" class=\"yoast-schema-graph\">{\"@context\":\"https:\\\/\\\/schema.org\",\"@graph\":[{\"@type\":\"WebPage\",\"@id\":\"https:\\\/\\\/fabrega-goertzen.com\\\/es\\\/alquiler-turistico\\\/\",\"url\":\"https:\\\/\\\/fabrega-goertzen.com\\\/es\\\/alquiler-turistico\\\/\",\"name\":\"Alquiler de apartamentos en Llan\u00e7\u00e0 I Zona Cap de Creus I Costa Brava\",\"isPartOf\":{\"@id\":\"https:\\\/\\\/fabrega-goertzen.com\\\/#website\"},\"datePublished\":\"2021-01-31T15:57:54+00:00\",\"dateModified\":\"2026-02-06T07:40:13+00:00\",\"description\":\"Apartamentos y alojamientos tur\u00edsticos en Llan\u00e7\u00e0, Cap de Creus y la Costa Brava. Tus vacaciones ideales las encontrar\u00e1s en Fabrega-Goertzen.\",\"breadcrumb\":{\"@id\":\"https:\\\/\\\/fabrega-goertzen.com\\\/es\\\/alquiler-turistico\\\/#breadcrumb\"},\"inLanguage\":\"es\",\"potentialAction\":[{\"@type\":\"ReadAction\",\"target\":[\"https:\\\/\\\/fabrega-goertzen.com\\\/es\\\/alquiler-turistico\\\/\"]}]},{\"@type\":\"BreadcrumbList\",\"@id\":\"https:\\\/\\\/fabrega-goertzen.com\\\/es\\\/alquiler-turistico\\\/#breadcrumb\",\"itemListElement\":[{\"@type\":\"ListItem\",\"position\":1,\"name\":\"Home\",\"item\":\"https:\\\/\\\/fabrega-goertzen.com\\\/es\\\/\"},{\"@type\":\"ListItem\",\"position\":2,\"name\":\"Alquiler de apartamentos Llan\u00e7\u00e0 &#8211; Costa Brava\"}]},{\"@type\":\"WebSite\",\"@id\":\"https:\\\/\\\/fabrega-goertzen.com\\\/#website\",\"url\":\"https:\\\/\\\/fabrega-goertzen.com\\\/\",\"name\":\"Fabrega-Goertzen\",\"description\":\"Fabrega-Goertzen\",\"potentialAction\":[{\"@type\":\"SearchAction\",\"target\":{\"@type\":\"EntryPoint\",\"urlTemplate\":\"https:\\\/\\\/fabrega-goertzen.com\\\/?s={search_term_string}\"},\"query-input\":{\"@type\":\"PropertyValueSpecification\",\"valueRequired\":true,\"valueName\":\"search_term_string\"}}],\"inLanguage\":\"es\"}]}<\/script>\n<!-- \/ Yoast SEO plugin. -->","yoast_head_json":{"title":"Alquiler de apartamentos en Llan\u00e7\u00e0 I Zona Cap de Creus I Costa Brava","description":"Apartamentos y alojamientos tur\u00edsticos en Llan\u00e7\u00e0, Cap de Creus y la Costa Brava. Tus vacaciones ideales las encontrar\u00e1s en Fabrega-Goertzen.","robots":{"index":"index","follow":"follow","max-snippet":"max-snippet:-1","max-image-preview":"max-image-preview:large","max-video-preview":"max-video-preview:-1"},"canonical":"https:\/\/fabrega-goertzen.com\/es\/alquiler-turistico\/","og_locale":"es_ES","og_type":"article","og_title":"Alquiler de apartamentos en Llan\u00e7\u00e0 I Zona Cap de Creus I Costa Brava","og_description":"Apartamentos y alojamientos tur\u00edsticos en Llan\u00e7\u00e0, Cap de Creus y la Costa Brava. Tus vacaciones ideales las encontrar\u00e1s en Fabrega-Goertzen.","og_url":"https:\/\/fabrega-goertzen.com\/es\/alquiler-turistico\/","og_site_name":"Fabrega-Goertzen","article_modified_time":"2026-02-06T07:40:13+00:00","twitter_card":"summary_large_image","twitter_misc":{"Tiempo de lectura":"1 minuto"},"schema":{"@context":"https:\/\/schema.org","@graph":[{"@type":"WebPage","@id":"https:\/\/fabrega-goertzen.com\/es\/alquiler-turistico\/","url":"https:\/\/fabrega-goertzen.com\/es\/alquiler-turistico\/","name":"Alquiler de apartamentos en Llan\u00e7\u00e0 I Zona Cap de Creus I Costa Brava","isPartOf":{"@id":"https:\/\/fabrega-goertzen.com\/#website"},"datePublished":"2021-01-31T15:57:54+00:00","dateModified":"2026-02-06T07:40:13+00:00","description":"Apartamentos y alojamientos tur\u00edsticos en Llan\u00e7\u00e0, Cap de Creus y la Costa Brava. Tus vacaciones ideales las encontrar\u00e1s en Fabrega-Goertzen.","breadcrumb":{"@id":"https:\/\/fabrega-goertzen.com\/es\/alquiler-turistico\/#breadcrumb"},"inLanguage":"es","potentialAction":[{"@type":"ReadAction","target":["https:\/\/fabrega-goertzen.com\/es\/alquiler-turistico\/"]}]},{"@type":"BreadcrumbList","@id":"https:\/\/fabrega-goertzen.com\/es\/alquiler-turistico\/#breadcrumb","itemListElement":[{"@type":"ListItem","position":1,"name":"Home","item":"https:\/\/fabrega-goertzen.com\/es\/"},{"@type":"ListItem","position":2,"name":"Alquiler de apartamentos Llan\u00e7\u00e0 &#8211; Costa Brava"}]},{"@type":"WebSite","@id":"https:\/\/fabrega-goertzen.com\/#website","url":"https:\/\/fabrega-goertzen.com\/","name":"Fabrega-Goertzen","description":"Fabrega-Goertzen","potentialAction":[{"@type":"SearchAction","target":{"@type":"EntryPoint","urlTemplate":"https:\/\/fabrega-goertzen.com\/?s={search_term_string}"},"query-input":{"@type":"PropertyValueSpecification","valueRequired":true,"valueName":"search_term_string"}}],"inLanguage":"es"}]}},"_links":{"self":[{"href":"https:\/\/fabrega-goertzen.com\/es\/wp-json\/wp\/v2\/pages\/39640","targetHints":{"allow":["GET"]}}],"collection":[{"href":"https:\/\/fabrega-goertzen.com\/es\/wp-json\/wp\/v2\/pages"}],"about":[{"href":"https:\/\/fabrega-goertzen.com\/es\/wp-json\/wp\/v2\/types\/page"}],"author":[{"embeddable":true,"href":"https:\/\/fabrega-goertzen.com\/es\/wp-json\/wp\/v2\/users\/2"}],"replies":[{"embeddable":true,"href":"https:\/\/fabrega-goertzen.com\/es\/wp-json\/wp\/v2\/comments?post=39640"}],"version-history":[{"count":57,"href":"https:\/\/fabrega-goertzen.com\/es\/wp-json\/wp\/v2\/pages\/39640\/revisions"}],"predecessor-version":[{"id":84960,"href":"https:\/\/fabrega-goertzen.com\/es\/wp-json\/wp\/v2\/pages\/39640\/revisions\/84960"}],"wp:attachment":[{"href":"https:\/\/fabrega-goertzen.com\/es\/wp-json\/wp\/v2\/media?parent=39640"}],"curies":[{"name":"wp","href":"https:\/\/api.w.org\/{rel}","templated":true}]}}