{"id":39716,"date":"2018-05-11T14:45:06","date_gmt":"2018-05-11T14:45:06","guid":{"rendered":"https:\/\/moreholiday.cmsfacil.eu\/la-guia-de-more-holiday\/"},"modified":"2022-01-01T20:02:39","modified_gmt":"2022-01-01T20:02:39","slug":"vive-llanca-blog","status":"publish","type":"page","link":"https:\/\/fabrega-goertzen.com\/es\/vive-llanca-blog\/","title":{"rendered":"Vive Llan\u00e7\u00e0"},"content":{"rendered":"\t\t<div data-elementor-type=\"wp-page\" data-elementor-id=\"39716\" class=\"elementor elementor-39716 elementor-27910\" data-elementor-post-type=\"page\">\n\t\t\t\t\t\t<section class=\"elementor-section elementor-top-section elementor-element elementor-element-2e75e128 elementor-section-boxed elementor-section-height-default elementor-section-height-default\" data-id=\"2e75e128\" data-element_type=\"section\" data-e-type=\"section\" data-settings=\"{&quot;background_background&quot;:&quot;classic&quot;}\">\n\t\t\t\t\t\t<div class=\"elementor-container elementor-column-gap-default\">\n\t\t\t\t\t<div class=\"elementor-column elementor-col-100 elementor-top-column elementor-element elementor-element-dd58017\" data-id=\"dd58017\" data-element_type=\"column\" data-e-type=\"column\">\n\t\t\t<div class=\"elementor-widget-wrap elementor-element-populated\">\n\t\t\t\t\t\t<div class=\"elementor-element elementor-element-8a6243d elementor-widget elementor-widget-heading\" data-id=\"8a6243d\" data-element_type=\"widget\" data-e-type=\"widget\" data-widget_type=\"heading.default\">\n\t\t\t\t<div class=\"elementor-widget-container\">\n\t\t\t\t\t<p class=\"elementor-heading-title elementor-size-default\">Vive Llan\u00e7\u00e0<\/p>\t\t\t\t<\/div>\n\t\t\t\t<\/div>\n\t\t\t\t<div class=\"elementor-element elementor-element-c647d01 elementor-widget elementor-widget-heading\" data-id=\"c647d01\" data-element_type=\"widget\" data-e-type=\"widget\" data-widget_type=\"heading.default\">\n\t\t\t\t<div class=\"elementor-widget-container\">\n\t\t\t\t\t<p class=\"elementor-heading-title elementor-size-default\">Blog de experiencias en la Coasta Brava y la zona del Cap de Creus<\/p>\t\t\t\t<\/div>\n\t\t\t\t<\/div>\n\t\t\t\t<div class=\"elementor-element elementor-element-61ec771 elementor-widget elementor-widget-Wprentals_Featured_Article\" data-id=\"61ec771\" data-element_type=\"widget\" data-e-type=\"widget\" data-widget_type=\"Wprentals_Featured_Article.default\">\n\t\t\t\t<div class=\"elementor-widget-container\">\n\t\t\t\t\t<div class=\"featured_article_type2\">\n                       <div class=\"featured_img_type2\" style=\"background-image:url(https:\/\/fabrega-goertzen.com\/wp-content\/uploads\/2021\/01\/feb21altemp-6083_7_orig-1024x682-min.jpeg)\">\n                            <div class=\"featured_article_type2_cover\">\n                            <\/div>\n                            <div class=\"featured_article_type2_title_wrapper\">\n                                <div class=\"featured_article_label\">Art\u00edculo destacado<\/div>\n                                <a href=\"https:\/\/fabrega-goertzen.com\/ruta-por-los-faros-de-la-costa-brava-emporda\/\"><h2>RUTA POR LOS FAROS DE LA COSTA BRAVA, EMPORD\u00c0<\/h2><\/a>\n                                <div class=\"featured_read_more\"><a href=\"https:\/\/fabrega-goertzen.com\/ruta-por-los-faros-de-la-costa-brava-emporda\/\">leer m\u00e1s<\/a> <i class=\"fas fa-chevron-right\"><\/i><\/div>\n                            <\/div>\n                        <\/div>\n                    <\/div>\t\t\t\t<\/div>\n\t\t\t\t<\/div>\n\t\t\t\t<div class=\"elementor-element elementor-element-633d976 elementor-widget elementor-widget-Wprentals_Recent_Items\" data-id=\"633d976\" data-element_type=\"widget\" data-e-type=\"widget\" data-widget_type=\"Wprentals_Recent_Items.default\">\n\t\t\t\t<div class=\"elementor-widget-container\">\n\t\t\t\t\t<div class=\" bottom-post nobutton \" ><div class=\"items_shortcode_wrapper  \"><div class=\"col-md-4 blog_unit_wrapper \">\n    <div class=\"blog_unit_back blog-unit-2\" data-link=\"https:\/\/fabrega-goertzen.com\/es\/ruta-por-los-faros-de-la-costa-brava-emporda\/\">\n        <div class=\"listing-unit-img-wrapper\"> <img decoding=\"async\" src=\"https:\/\/fabrega-goertzen.com\/wp-content\/uploads\/2021\/01\/feb21altemp-6083_7_orig-1024x682-min-400x242.jpeg\" class=\" b-lazy img-responsive\" alt=\"RUTA POR LOS FAROS DE LA COSTA BRAVA, EMPORD\u00c0\" ><\/div>          \n        <div class=\"wprentals-blog-unit-content-wrapper\">\n\n            <a itemprop=\"url\"  href=\"https:\/\/fabrega-goertzen.com\/es\/ruta-por-los-faros-de-la-costa-brava-emporda\/\" class=\"blog-title-link\">\n        <span itemprop=\"name\">RUTA POR LOS FAROS DE LA COSTA BRAVA, EMPORD\u00c0<\/span><\/a>    \n            \n            <div class=\"blog-unit-content\">\n                Aqu\u00ed os dejamos con detalle la ruta de los faros de la Costa Brava, Empord\u00e0, empezando por el que separa Llan\u00e7\u00e0 de Port de la ...            <\/div>\n            \n            <div class=\"category_tagline\">\n                <span class=\"span_widemeta\"> enero 26, 2022<\/span> , \n                <span class=\"span_widemeta span_comments\"><i class=\"far fa-comment\"><\/i> 0<\/span>\n            <\/div>           \n        <\/div>\n    <\/div>    \n<\/div><div class=\"col-md-4 blog_unit_wrapper \">\n    <div class=\"blog_unit_back blog-unit-2\" data-link=\"https:\/\/fabrega-goertzen.com\/es\/llanca-en-setiembre-todavia-es-mas-llanca\/\">\n        <div class=\"listing-unit-img-wrapper\"> <img decoding=\"async\" src=\"https:\/\/fabrega-goertzen.com\/wp-content\/uploads\/2022\/01\/jan21llanc-a-0804_7_orig-1024x682-1-400x242.jpeg\" class=\" b-lazy img-responsive\" alt=\"LLAN\u00c7\u00c0 EN SETIEMBRE TODAV\u00cdA \u00c9S M\u00c1S LLAN\u00c7\u00c0\" ><\/div>          \n        <div class=\"wprentals-blog-unit-content-wrapper\">\n\n            <a itemprop=\"url\"  href=\"https:\/\/fabrega-goertzen.com\/es\/llanca-en-setiembre-todavia-es-mas-llanca\/\" class=\"blog-title-link\">\n        <span itemprop=\"name\">LLAN\u00c7\u00c0 EN SETIEMBRE TODAV\u00cdA \u00c9S M\u00c1S LLAN\u00c7\u00c0<\/span><\/a>    \n            \n            <div class=\"blog-unit-content\">\n                Toda estaci\u00f3n del a\u00f1o o \u00e9poca de vacaciones es buena pero setiembre \u00e9s a\u00fan mejor. Porqu\u00e9? En setiembre Llan\u00e7\u00e0 \u00e9s m\u00e1s Llan\u00e7\u00e0. Porque las playas ...            <\/div>\n            \n            <div class=\"category_tagline\">\n                <span class=\"span_widemeta\"> enero 25, 2022<\/span> , \n                <span class=\"span_widemeta span_comments\"><i class=\"far fa-comment\"><\/i> 0<\/span>\n            <\/div>           \n        <\/div>\n    <\/div>    \n<\/div><div class=\"col-md-4 blog_unit_wrapper \">\n    <div class=\"blog_unit_back blog-unit-2\" data-link=\"https:\/\/fabrega-goertzen.com\/es\/8-parques-naturales-de-girona\/\">\n        <div class=\"listing-unit-img-wrapper\"> <img decoding=\"async\" src=\"https:\/\/fabrega-goertzen.com\/wp-content\/uploads\/2021\/03\/nov2oaiguamollshorses-1-32_1_orig-400x242.jpg\" class=\" b-lazy img-responsive\" alt=\"Los 8 Parques Naturales de la Costa Brava y los Pirineos\" ><\/div>          \n        <div class=\"wprentals-blog-unit-content-wrapper\">\n\n            <a itemprop=\"url\"  href=\"https:\/\/fabrega-goertzen.com\/es\/8-parques-naturales-de-girona\/\" class=\"blog-title-link\">\n        <span itemprop=\"name\">Los 8 Parques Naturales de la Costa Brava y los Pirineos<\/span><\/a>    \n            \n            <div class=\"blog-unit-content\">\n                Sab\u00edas que los alojamientos de More Holiday est\u00e1n muy cerca de los 8 parques naturales de las comarcas de Girona? Hoy te descubrimos ocho parajes ...            <\/div>\n            \n            <div class=\"category_tagline\">\n                <span class=\"span_widemeta\"> enero 31, 2021<\/span> , \n                <span class=\"span_widemeta span_comments\"><i class=\"far fa-comment\"><\/i> 0<\/span>\n            <\/div>           \n        <\/div>\n    <\/div>    \n<\/div><\/div><\/div>\t\t\t\t<\/div>\n\t\t\t\t<\/div>\n\t\t\t\t\t<\/div>\n\t\t<\/div>\n\t\t\t\t\t<\/div>\n\t\t<\/section>\n\t\t\t\t<\/div>\n\t\t","protected":false},"excerpt":{"rendered":"<p>Vive Llan\u00e7\u00e0 Blog de experiencias en la Coasta Brava y la zona del Cap de Creus Featured Article RUTA POR LOS FAROS DE LA COSTA BRAVA, EMPORD\u00c0 read more LLAN\u00c7\u00c0 EN SETIEMBRE TODAV\u00cdA &#8230; Toda estaci\u00f3n del a\u00f1o o \u00e9poca de vacaciones es buena pero setiembre \u00e9s a\u00fan mejor. Porqu\u00e9? En setiembre Llan\u00e7\u00e0 \u00e9s m\u00e1s &#8230;<\/p>\n","protected":false},"author":2,"featured_media":0,"parent":0,"menu_order":0,"comment_status":"closed","ping_status":"closed","template":"","meta":{"_acf_changed":false,"footnotes":""},"class_list":["post-39716","page","type-page","status-publish","hentry"],"acf":[],"yoast_head":"<!-- This site is optimized with the Yoast SEO plugin v27.1.1 - https:\/\/yoast.com\/product\/yoast-seo-wordpress\/ -->\n<title>Vive Llan\u00e7\u00e0 I El blog de Fabrega-Goertzen I Cap de Creus &amp; Costa Brava<\/title>\n<meta name=\"description\" content=\"Te contamos todos los secretos de Llan\u00e7\u00e0, el Cap de Creus, la Costa Brava y las \u00faltimas novedades de Fabrega-Goertzen y el grupo MoreHoliday\" \/>\n<meta name=\"robots\" content=\"index, follow, max-snippet:-1, max-image-preview:large, max-video-preview:-1\" \/>\n<link rel=\"canonical\" href=\"https:\/\/fabrega-goertzen.com\/es\/vive-llanca-blog\/\" \/>\n<meta property=\"og:locale\" content=\"es_ES\" \/>\n<meta property=\"og:type\" content=\"article\" \/>\n<meta property=\"og:title\" content=\"Vive Llan\u00e7\u00e0 I El blog de Fabrega-Goertzen I Cap de Creus &amp; Costa Brava\" \/>\n<meta property=\"og:description\" content=\"Te contamos todos los secretos de Llan\u00e7\u00e0, el Cap de Creus, la Costa Brava y las \u00faltimas novedades de Fabrega-Goertzen y el grupo MoreHoliday\" \/>\n<meta property=\"og:url\" content=\"https:\/\/fabrega-goertzen.com\/es\/vive-llanca-blog\/\" \/>\n<meta property=\"og:site_name\" content=\"Fabrega-Goertzen\" \/>\n<meta property=\"article:modified_time\" content=\"2022-01-01T20:02:39+00:00\" \/>\n<meta property=\"og:image\" content=\"https:\/\/fabrega-goertzen.com\/wp-content\/uploads\/2021\/09\/jan21llanc-a-0804_7_orig-1-400x242.jpeg\" \/>\n<meta name=\"twitter:card\" content=\"summary_large_image\" \/>\n<meta name=\"twitter:label1\" content=\"Tiempo de lectura\" \/>\n\t<meta name=\"twitter:data1\" content=\"2 minutos\" \/>\n<script type=\"application\/ld+json\" class=\"yoast-schema-graph\">{\"@context\":\"https:\/\/schema.org\",\"@graph\":[{\"@type\":\"WebPage\",\"@id\":\"https:\/\/fabrega-goertzen.com\/es\/vive-llanca-blog\/\",\"url\":\"https:\/\/fabrega-goertzen.com\/es\/vive-llanca-blog\/\",\"name\":\"Vive Llan\u00e7\u00e0 I El blog de Fabrega-Goertzen I Cap de Creus & Costa Brava\",\"isPartOf\":{\"@id\":\"https:\/\/fabrega-goertzen.com\/#website\"},\"primaryImageOfPage\":{\"@id\":\"https:\/\/fabrega-goertzen.com\/es\/vive-llanca-blog\/#primaryimage\"},\"image\":{\"@id\":\"https:\/\/fabrega-goertzen.com\/es\/vive-llanca-blog\/#primaryimage\"},\"thumbnailUrl\":\"https:\/\/fabrega-goertzen.com\/wp-content\/uploads\/2021\/09\/jan21llanc-a-0804_7_orig-1-400x242.jpeg\",\"datePublished\":\"2018-05-11T14:45:06+00:00\",\"dateModified\":\"2022-01-01T20:02:39+00:00\",\"description\":\"Te contamos todos los secretos de Llan\u00e7\u00e0, el Cap de Creus, la Costa Brava y las \u00faltimas novedades de Fabrega-Goertzen y el grupo MoreHoliday\",\"breadcrumb\":{\"@id\":\"https:\/\/fabrega-goertzen.com\/es\/vive-llanca-blog\/#breadcrumb\"},\"inLanguage\":\"es\",\"potentialAction\":[{\"@type\":\"ReadAction\",\"target\":[\"https:\/\/fabrega-goertzen.com\/es\/vive-llanca-blog\/\"]}]},{\"@type\":\"ImageObject\",\"inLanguage\":\"es\",\"@id\":\"https:\/\/fabrega-goertzen.com\/es\/vive-llanca-blog\/#primaryimage\",\"url\":\"https:\/\/fabrega-goertzen.com\/wp-content\/uploads\/2021\/09\/jan21llanc-a-0804_7_orig-1-400x242.jpeg\",\"contentUrl\":\"https:\/\/fabrega-goertzen.com\/wp-content\/uploads\/2021\/09\/jan21llanc-a-0804_7_orig-1-400x242.jpeg\"},{\"@type\":\"BreadcrumbList\",\"@id\":\"https:\/\/fabrega-goertzen.com\/es\/vive-llanca-blog\/#breadcrumb\",\"itemListElement\":[{\"@type\":\"ListItem\",\"position\":1,\"name\":\"Home\",\"item\":\"https:\/\/fabrega-goertzen.com\/es\/\"},{\"@type\":\"ListItem\",\"position\":2,\"name\":\"Vive Llan\u00e7\u00e0\"}]},{\"@type\":\"WebSite\",\"@id\":\"https:\/\/fabrega-goertzen.com\/#website\",\"url\":\"https:\/\/fabrega-goertzen.com\/\",\"name\":\"Fabrega-Goertzen\",\"description\":\"Fabrega-Goertzen\",\"potentialAction\":[{\"@type\":\"SearchAction\",\"target\":{\"@type\":\"EntryPoint\",\"urlTemplate\":\"https:\/\/fabrega-goertzen.com\/?s={search_term_string}\"},\"query-input\":{\"@type\":\"PropertyValueSpecification\",\"valueRequired\":true,\"valueName\":\"search_term_string\"}}],\"inLanguage\":\"es\"}]}<\/script>\n<!-- \/ Yoast SEO plugin. -->","yoast_head_json":{"title":"Vive Llan\u00e7\u00e0 I El blog de Fabrega-Goertzen I Cap de Creus & Costa Brava","description":"Te contamos todos los secretos de Llan\u00e7\u00e0, el Cap de Creus, la Costa Brava y las \u00faltimas novedades de Fabrega-Goertzen y el grupo MoreHoliday","robots":{"index":"index","follow":"follow","max-snippet":"max-snippet:-1","max-image-preview":"max-image-preview:large","max-video-preview":"max-video-preview:-1"},"canonical":"https:\/\/fabrega-goertzen.com\/es\/vive-llanca-blog\/","og_locale":"es_ES","og_type":"article","og_title":"Vive Llan\u00e7\u00e0 I El blog de Fabrega-Goertzen I Cap de Creus & Costa Brava","og_description":"Te contamos todos los secretos de Llan\u00e7\u00e0, el Cap de Creus, la Costa Brava y las \u00faltimas novedades de Fabrega-Goertzen y el grupo MoreHoliday","og_url":"https:\/\/fabrega-goertzen.com\/es\/vive-llanca-blog\/","og_site_name":"Fabrega-Goertzen","article_modified_time":"2022-01-01T20:02:39+00:00","og_image":[{"url":"https:\/\/fabrega-goertzen.com\/wp-content\/uploads\/2021\/09\/jan21llanc-a-0804_7_orig-1-400x242.jpeg","type":"","width":"","height":""}],"twitter_card":"summary_large_image","twitter_misc":{"Tiempo de lectura":"2 minutos"},"schema":{"@context":"https:\/\/schema.org","@graph":[{"@type":"WebPage","@id":"https:\/\/fabrega-goertzen.com\/es\/vive-llanca-blog\/","url":"https:\/\/fabrega-goertzen.com\/es\/vive-llanca-blog\/","name":"Vive Llan\u00e7\u00e0 I El blog de Fabrega-Goertzen I Cap de Creus & Costa Brava","isPartOf":{"@id":"https:\/\/fabrega-goertzen.com\/#website"},"primaryImageOfPage":{"@id":"https:\/\/fabrega-goertzen.com\/es\/vive-llanca-blog\/#primaryimage"},"image":{"@id":"https:\/\/fabrega-goertzen.com\/es\/vive-llanca-blog\/#primaryimage"},"thumbnailUrl":"https:\/\/fabrega-goertzen.com\/wp-content\/uploads\/2021\/09\/jan21llanc-a-0804_7_orig-1-400x242.jpeg","datePublished":"2018-05-11T14:45:06+00:00","dateModified":"2022-01-01T20:02:39+00:00","description":"Te contamos todos los secretos de Llan\u00e7\u00e0, el Cap de Creus, la Costa Brava y las \u00faltimas novedades de Fabrega-Goertzen y el grupo MoreHoliday","breadcrumb":{"@id":"https:\/\/fabrega-goertzen.com\/es\/vive-llanca-blog\/#breadcrumb"},"inLanguage":"es","potentialAction":[{"@type":"ReadAction","target":["https:\/\/fabrega-goertzen.com\/es\/vive-llanca-blog\/"]}]},{"@type":"ImageObject","inLanguage":"es","@id":"https:\/\/fabrega-goertzen.com\/es\/vive-llanca-blog\/#primaryimage","url":"https:\/\/fabrega-goertzen.com\/wp-content\/uploads\/2021\/09\/jan21llanc-a-0804_7_orig-1-400x242.jpeg","contentUrl":"https:\/\/fabrega-goertzen.com\/wp-content\/uploads\/2021\/09\/jan21llanc-a-0804_7_orig-1-400x242.jpeg"},{"@type":"BreadcrumbList","@id":"https:\/\/fabrega-goertzen.com\/es\/vive-llanca-blog\/#breadcrumb","itemListElement":[{"@type":"ListItem","position":1,"name":"Home","item":"https:\/\/fabrega-goertzen.com\/es\/"},{"@type":"ListItem","position":2,"name":"Vive Llan\u00e7\u00e0"}]},{"@type":"WebSite","@id":"https:\/\/fabrega-goertzen.com\/#website","url":"https:\/\/fabrega-goertzen.com\/","name":"Fabrega-Goertzen","description":"Fabrega-Goertzen","potentialAction":[{"@type":"SearchAction","target":{"@type":"EntryPoint","urlTemplate":"https:\/\/fabrega-goertzen.com\/?s={search_term_string}"},"query-input":{"@type":"PropertyValueSpecification","valueRequired":true,"valueName":"search_term_string"}}],"inLanguage":"es"}]}},"_links":{"self":[{"href":"https:\/\/fabrega-goertzen.com\/es\/wp-json\/wp\/v2\/pages\/39716","targetHints":{"allow":["GET"]}}],"collection":[{"href":"https:\/\/fabrega-goertzen.com\/es\/wp-json\/wp\/v2\/pages"}],"about":[{"href":"https:\/\/fabrega-goertzen.com\/es\/wp-json\/wp\/v2\/types\/page"}],"author":[{"embeddable":true,"href":"https:\/\/fabrega-goertzen.com\/es\/wp-json\/wp\/v2\/users\/2"}],"replies":[{"embeddable":true,"href":"https:\/\/fabrega-goertzen.com\/es\/wp-json\/wp\/v2\/comments?post=39716"}],"version-history":[{"count":0,"href":"https:\/\/fabrega-goertzen.com\/es\/wp-json\/wp\/v2\/pages\/39716\/revisions"}],"wp:attachment":[{"href":"https:\/\/fabrega-goertzen.com\/es\/wp-json\/wp\/v2\/media?parent=39716"}],"curies":[{"name":"wp","href":"https:\/\/api.w.org\/{rel}","templated":true}]}}