{"id":39721,"date":"2015-04-21T13:28:29","date_gmt":"2015-04-21T13:28:29","guid":{"rendered":"https:\/\/moreholiday.cmsfacil.eu\/contact\/"},"modified":"2023-11-14T15:30:26","modified_gmt":"2023-11-14T15:30:26","slug":"contact","status":"publish","type":"page","link":"https:\/\/fabrega-goertzen.com\/es\/contact\/","title":{"rendered":"Cont\u00e1ctanos"},"content":{"rendered":"\t\t<div data-elementor-type=\"wp-page\" data-elementor-id=\"39721\" class=\"elementor elementor-39721 elementor-254\" data-elementor-post-type=\"page\">\n\t\t\t\t\t\t<section class=\"elementor-section elementor-top-section elementor-element elementor-element-6b0e6a6 elementor-section-boxed elementor-section-height-default elementor-section-height-default\" data-id=\"6b0e6a6\" data-element_type=\"section\" data-e-type=\"section\">\n\t\t\t\t\t\t<div class=\"elementor-container elementor-column-gap-default\">\n\t\t\t\t\t<div class=\"elementor-column elementor-col-100 elementor-top-column elementor-element elementor-element-5f0b105\" data-id=\"5f0b105\" data-element_type=\"column\" data-e-type=\"column\">\n\t\t\t<div class=\"elementor-widget-wrap elementor-element-populated\">\n\t\t\t\t\t\t<div class=\"elementor-element elementor-element-d211217 elementor-hidden-phone elementor-widget elementor-widget-spacer\" data-id=\"d211217\" data-element_type=\"widget\" data-e-type=\"widget\" data-widget_type=\"spacer.default\">\n\t\t\t\t<div class=\"elementor-widget-container\">\n\t\t\t\t\t\t\t<div class=\"elementor-spacer\">\n\t\t\t<div class=\"elementor-spacer-inner\"><\/div>\n\t\t<\/div>\n\t\t\t\t\t\t<\/div>\n\t\t\t\t<\/div>\n\t\t\t\t\t<\/div>\n\t\t<\/div>\n\t\t\t\t\t<\/div>\n\t\t<\/section>\n\t\t\t\t<section class=\"elementor-section elementor-top-section elementor-element elementor-element-80e8ace elementor-section-boxed elementor-section-height-default elementor-section-height-default\" data-id=\"80e8ace\" data-element_type=\"section\" data-e-type=\"section\">\n\t\t\t\t\t\t<div class=\"elementor-container elementor-column-gap-default\">\n\t\t\t\t\t<div class=\"elementor-column elementor-col-50 elementor-top-column elementor-element elementor-element-e69b3ca\" data-id=\"e69b3ca\" data-element_type=\"column\" data-e-type=\"column\">\n\t\t\t<div class=\"elementor-widget-wrap elementor-element-populated\">\n\t\t\t\t\t\t<div class=\"elementor-element elementor-element-fa7ddbd elementor-widget elementor-widget-heading\" data-id=\"fa7ddbd\" data-element_type=\"widget\" data-e-type=\"widget\" data-widget_type=\"heading.default\">\n\t\t\t\t<div class=\"elementor-widget-container\">\n\t\t\t\t\t<h2 class=\"elementor-heading-title elementor-size-default\">Fabrega-Goertzen<\/h2>\t\t\t\t<\/div>\n\t\t\t\t<\/div>\n\t\t\t\t<div class=\"elementor-element elementor-element-66beec0 elementor-icon-list--layout-traditional elementor-list-item-link-full_width elementor-widget elementor-widget-icon-list\" data-id=\"66beec0\" data-element_type=\"widget\" data-e-type=\"widget\" data-widget_type=\"icon-list.default\">\n\t\t\t\t<div class=\"elementor-widget-container\">\n\t\t\t\t\t\t\t<ul class=\"elementor-icon-list-items\">\n\t\t\t\t\t\t\t<li class=\"elementor-icon-list-item\">\n\t\t\t\t\t\t\t\t\t\t\t<span class=\"elementor-icon-list-icon\">\n\t\t\t\t\t\t\t<i aria-hidden=\"true\" class=\"fas fa-phone\"><\/i>\t\t\t\t\t\t<\/span>\n\t\t\t\t\t\t\t\t\t\t<span class=\"elementor-icon-list-text\"><a href=\"+34 627511421 \">+34 627 511 421 <\/a> <br>(De lunes a s\u00e1bado de 9 h a 18 h)<\/span>\n\t\t\t\t\t\t\t\t\t<\/li>\n\t\t\t\t\t\t\t\t<li class=\"elementor-icon-list-item\">\n\t\t\t\t\t\t\t\t\t\t\t<span class=\"elementor-icon-list-icon\">\n\t\t\t\t\t\t\t<i aria-hidden=\"true\" class=\"far fa-envelope\"><\/i>\t\t\t\t\t\t<\/span>\n\t\t\t\t\t\t\t\t\t\t<span class=\"elementor-icon-list-text\"><a href=\"mailto:finques@fabrega-goertzen.com\"> finques@fabrega-goertzen.com <\/a><\/span>\n\t\t\t\t\t\t\t\t\t<\/li>\n\t\t\t\t\t\t<\/ul>\n\t\t\t\t\t\t<\/div>\n\t\t\t\t<\/div>\n\t\t\t\t<div class=\"elementor-element elementor-element-7bcdc61 elementor-shape-circle elementor-grid-2 e-grid-align-left elementor-widget elementor-widget-social-icons\" data-id=\"7bcdc61\" data-element_type=\"widget\" data-e-type=\"widget\" data-widget_type=\"social-icons.default\">\n\t\t\t\t<div class=\"elementor-widget-container\">\n\t\t\t\t\t\t\t<div class=\"elementor-social-icons-wrapper elementor-grid\" role=\"list\">\n\t\t\t\t\t\t\t<span class=\"elementor-grid-item\" role=\"listitem\">\n\t\t\t\t\t<a class=\"elementor-icon elementor-social-icon elementor-social-icon-facebook elementor-animation-pulse elementor-repeater-item-a93a6f8\" href=\"https:\/\/www.facebook.com\/finquesfabregagoertzen\" target=\"_blank\">\n\t\t\t\t\t\t<span class=\"elementor-screen-only\">Facebook<\/span>\n\t\t\t\t\t\t<i aria-hidden=\"true\" class=\"fab fa-facebook\"><\/i>\t\t\t\t\t<\/a>\n\t\t\t\t<\/span>\n\t\t\t\t\t\t\t<span class=\"elementor-grid-item\" role=\"listitem\">\n\t\t\t\t\t<a class=\"elementor-icon elementor-social-icon elementor-social-icon-instagram elementor-animation-pulse elementor-repeater-item-0227752\" href=\"https:\/\/www.instagram.com\/mhmoreholiday\/\" target=\"_blank\">\n\t\t\t\t\t\t<span class=\"elementor-screen-only\">Instagram<\/span>\n\t\t\t\t\t\t<i aria-hidden=\"true\" class=\"fab fa-instagram\"><\/i>\t\t\t\t\t<\/a>\n\t\t\t\t<\/span>\n\t\t\t\t\t<\/div>\n\t\t\t\t\t\t<\/div>\n\t\t\t\t<\/div>\n\t\t\t\t\t<\/div>\n\t\t<\/div>\n\t\t\t\t<div class=\"elementor-column elementor-col-50 elementor-top-column elementor-element elementor-element-1c14a18\" data-id=\"1c14a18\" data-element_type=\"column\" data-e-type=\"column\">\n\t\t\t<div class=\"elementor-widget-wrap elementor-element-populated\">\n\t\t\t\t\t\t<div class=\"elementor-element elementor-element-93ea494 elementor-widget elementor-widget-text-editor\" data-id=\"93ea494\" data-element_type=\"widget\" data-e-type=\"widget\" data-widget_type=\"text-editor.default\">\n\t\t\t\t<div class=\"elementor-widget-container\">\n\t\t\t\t\t\t\t\t\t<p>\u00bfQuieres ponerte en contacto con nosotros? Cu\u00e9ntanos en este formulario cu\u00e1les son tus dudas o cuestiones. En breve, el equipo de Fabrega-Goertzen se pondr\u00e1 en contacto.<\/p>\t\t\t\t\t\t\t\t<\/div>\n\t\t\t\t<\/div>\n\t\t\t\t<div class=\"elementor-element elementor-element-bd290a4 elementor-widget elementor-widget-html\" data-id=\"bd290a4\" data-element_type=\"widget\" data-e-type=\"widget\" data-widget_type=\"html.default\">\n\t\t\t\t<div class=\"elementor-widget-container\">\n\t\t\t\t\t\n<div class=\"wpcf7 no-js\" id=\"wpcf7-f70029-o1\" lang=\"ca\" dir=\"ltr\" data-wpcf7-id=\"70029\">\n<div class=\"screen-reader-response\"><p role=\"status\" aria-live=\"polite\" aria-atomic=\"true\"><\/p> <ul><\/ul><\/div>\n<form action=\"\/es\/wp-json\/wp\/v2\/pages\/39721#wpcf7-f70029-o1\" method=\"post\" class=\"wpcf7-form init 8e39e23c0828 cmatic-conn cmatic-aud-5 cmatic-mapd0-0 cmatic-v0976 cmatic-sent-0 cmatic-total-0\" aria-label=\"Formulari de contacte\" novalidate=\"novalidate\" data-status=\"init\">\n<fieldset class=\"hidden-fields-container\"><input type=\"hidden\" name=\"_wpcf7\" value=\"70029\" \/><input type=\"hidden\" name=\"_wpcf7_version\" value=\"6.1.5\" \/><input type=\"hidden\" name=\"_wpcf7_locale\" value=\"ca\" \/><input type=\"hidden\" name=\"_wpcf7_unit_tag\" value=\"wpcf7-f70029-o1\" \/><input type=\"hidden\" name=\"_wpcf7_container_post\" value=\"0\" \/><input type=\"hidden\" name=\"_wpcf7_posted_data_hash\" value=\"\" \/><input type=\"hidden\" name=\"_wpcf7_recaptcha_response\" value=\"\" \/>\n<\/fieldset>\n<p><label> Nombre<br \/>\n<span class=\"wpcf7-form-control-wrap\" data-name=\"your-name\"><input size=\"40\" maxlength=\"400\" class=\"wpcf7-form-control wpcf7-text wpcf7-validates-as-required\" aria-required=\"true\" aria-invalid=\"false\" value=\"\" type=\"text\" name=\"your-name\" \/><\/span> <\/label>\n<\/p>\n<p><label> Correo electr\u00f3nico<br \/>\n<span class=\"wpcf7-form-control-wrap\" data-name=\"your-email\"><input size=\"40\" maxlength=\"400\" class=\"wpcf7-form-control wpcf7-email wpcf7-validates-as-required wpcf7-text wpcf7-validates-as-email\" aria-required=\"true\" aria-invalid=\"false\" value=\"\" type=\"email\" name=\"your-email\" \/><\/span> <\/label>\n<\/p>\n<p><label> Asunto<br \/>\n<span class=\"wpcf7-form-control-wrap\" data-name=\"your-subject\"><input size=\"40\" maxlength=\"400\" class=\"wpcf7-form-control wpcf7-text wpcf7-validates-as-required\" aria-required=\"true\" aria-invalid=\"false\" value=\"\" type=\"text\" name=\"your-subject\" \/><\/span> <\/label>\n<\/p>\n<p><label> Mensaje (opcional)<br \/>\n<span class=\"wpcf7-form-control-wrap\" data-name=\"your-message\"><textarea cols=\"40\" rows=\"10\" maxlength=\"2000\" class=\"wpcf7-form-control wpcf7-textarea\" aria-invalid=\"false\" name=\"your-message\"><\/textarea><\/span> <\/label>\n<\/p>\n<p><label> <span class=\"wpcf7-form-control-wrap\" data-name=\"acceptance-357\"><span class=\"wpcf7-form-control wpcf7-acceptance optional\"><span class=\"wpcf7-list-item\"><input type=\"checkbox\" name=\"acceptance-357\" value=\"1\" aria-invalid=\"false\" \/><\/span><\/span><\/span> Deseo recibir comunicaciones comerciales posteriores o el bolet\u00edn informativo de forma voluntaria.<\/label>\n<\/p>\n<p><label> <span class=\"wpcf7-form-control-wrap\" data-name=\"acceptance-703\"><span class=\"wpcf7-form-control wpcf7-acceptance\"><span class=\"wpcf7-list-item\"><label><input type=\"checkbox\" name=\"acceptance-703\" value=\"1\" aria-invalid=\"false\" \/><span class=\"wpcf7-list-item-label\">He le\u00eddo, entendido y acepto la pol\u00edtica de privacidad * \n<br>Informaci\u00f3n b\u00e1sica sobre Protecci\u00f3n de datos (RGPD 2016\/679 y LOPDGDD 3\/2018) \n<br>Responsable: MOREHOLIDAY, S.L.  (en adelante: Moreholiday) \n<br>Finalidad: Gestionar el env\u00edo de la informaci\u00f3n solicitada. \n<br>Legitimaci\u00f3n:  Consentimiento del interesado \n<br>Destinatarios:  No se ceder\u00e1n datos a terceros salvo por obligaci\u00f3n legal. \n<br>Derechos:  Acceder, rectificar y suprimir sus datos, as\u00ed como otros derechos, que pueden ejercer tal como se especifica en la pol\u00edtica de privacidad de nuestro sitio web: https:\/\/moreholiday.es\/\/politica-de-privacidad\/<\/span><\/label><\/span><\/span><\/span><\/label>\n<\/p>\n<p><label> <span class=\"wpcf7-form-control-wrap\" data-name=\"acceptance-703\"><span class=\"wpcf7-form-control wpcf7-acceptance\"><span class=\"wpcf7-list-item\"><label><input type=\"checkbox\" name=\"acceptance-703\" value=\"1\" aria-invalid=\"false\" \/><span class=\"wpcf7-list-item-label\">Doy mi consentimiento para recibir comunicaciones comerciales posteriores por correo electr\u00f3nico y otros medios de comunicaci\u00f3n ofim\u00e1ticos, tal como establece la Ley LSSI\/CE 34\/2002.\nSi posteriormente no desea continuar recibiendo nuestras comunicaciones comerciales, podr\u00e1 revocar el consentimiento enviando un correo electr\u00f3nico a info@moreholidays.es con la palabra BAJA.<\/span><\/label><\/span><\/span><\/span><\/label>\n<\/p>\n<p><input class=\"wpcf7-form-control wpcf7-submit has-spinner\" type=\"submit\" value=\"Envia\" \/>\n<\/p><div class=\"wpcf7-response-output\" aria-hidden=\"true\"><\/div>\n<\/form>\n<\/div>\n\t\t\t\t<\/div>\n\t\t\t\t<\/div>\n\t\t\t\t\t<\/div>\n\t\t<\/div>\n\t\t\t\t\t<\/div>\n\t\t<\/section>\n\t\t\t\t<section class=\"elementor-section elementor-top-section elementor-element elementor-element-12fa98d elementor-section-boxed elementor-section-height-default elementor-section-height-default\" data-id=\"12fa98d\" data-element_type=\"section\" data-e-type=\"section\">\n\t\t\t\t\t\t<div class=\"elementor-container elementor-column-gap-default\">\n\t\t\t\t\t<div class=\"elementor-column elementor-col-50 elementor-top-column elementor-element elementor-element-c9c5682\" data-id=\"c9c5682\" data-element_type=\"column\" data-e-type=\"column\">\n\t\t\t<div class=\"elementor-widget-wrap elementor-element-populated\">\n\t\t\t\t\t\t<div class=\"elementor-element elementor-element-256ab16 elementor-widget elementor-widget-google_maps\" data-id=\"256ab16\" data-element_type=\"widget\" data-e-type=\"widget\" data-widget_type=\"google_maps.default\">\n\t\t\t\t<div class=\"elementor-widget-container\">\n\t\t\t\t\t\t\t<div class=\"elementor-custom-embed\">\n\t\t\t<iframe loading=\"lazy\"\n\t\t\t\t\tsrc=\"https:\/\/maps.google.com\/maps?q=Finques%20Fabrega%20Goertzen&#038;t=m&#038;z=14&#038;output=embed&#038;iwloc=near\"\n\t\t\t\t\ttitle=\"Finques Fabrega Goertzen\"\n\t\t\t\t\taria-label=\"Finques Fabrega Goertzen\"\n\t\t\t><\/iframe>\n\t\t<\/div>\n\t\t\t\t\t\t<\/div>\n\t\t\t\t<\/div>\n\t\t\t\t\t<\/div>\n\t\t<\/div>\n\t\t\t\t<div class=\"elementor-column elementor-col-50 elementor-top-column elementor-element elementor-element-44261af\" data-id=\"44261af\" data-element_type=\"column\" data-e-type=\"column\">\n\t\t\t<div class=\"elementor-widget-wrap elementor-element-populated\">\n\t\t\t\t\t\t<div class=\"elementor-element elementor-element-7606e97 elementor-widget elementor-widget-heading\" data-id=\"7606e97\" data-element_type=\"widget\" data-e-type=\"widget\" data-widget_type=\"heading.default\">\n\t\t\t\t<div class=\"elementor-widget-container\">\n\t\t\t\t\t<h2 class=\"elementor-heading-title elementor-size-default\">C\u00f3mo llegar a F\u00e0brega-Goertzen:<\/h2>\t\t\t\t<\/div>\n\t\t\t\t<\/div>\n\t\t\t\t<div class=\"elementor-element elementor-element-b1a2723 elementor-widget elementor-widget-text-editor\" data-id=\"b1a2723\" data-element_type=\"widget\" data-e-type=\"widget\" data-widget_type=\"text-editor.default\">\n\t\t\t\t<div class=\"elementor-widget-container\">\n\t\t\t\t\t\t\t\t\t<p><strong>Distancias a Llan\u00e7\u00e0:<\/strong><\/p><p>Barcelona: 165Km.<br \/>Girona: 60Km.<br \/>Perpignan: 60Km.\u00a0<\/p><p><strong>Por carretera:<\/strong><br \/>Desde Francia por la autopista AP-7 salida 3 y desde Barcelona por la autopista AP-7 salida 4, desde all\u00ed Llan\u00e7\u00e0 se encuentra a 20Km por la N-II y desv\u00edo N-260 a la altura de Higueras.<\/p><p><strong>Por mar:<\/strong><br \/>Llan\u00e7\u00e0 tiene Puerto deportivo.\u00a0<\/p><p><strong>En tren:<\/strong><br \/>Estaci\u00f3n de Llan\u00e7\u00e0. Trenes cada 20 minutos en Girona y cada hora Girona-Llan\u00e7\u00e0 directo (hasta las 19 Horas).<br \/>Por trenes internacionales procedentes de Francia que llegan a Port Bou (a 15Km. de Llan\u00e7\u00e0) con enlaces regulares a Llan\u00e7\u00e0.<\/p><p><strong>En autocar:<\/strong><br \/>Desde Barcelona o Girona hasta la estaci\u00f3n de autobuses de Figueres donde se debe realizar el cambio de autob\u00fas hasta Llan\u00e7\u00e0.<\/p><p><strong>En avi\u00f3:<\/strong><br \/>Desde el Prat de Llobregat, enlace en tren hasta Barcelona Sants y hasta Llan\u00e7\u00e0.<br \/>Desde el aeropuerto de Girona-Costa Brava con enlace en autob\u00fas hasta Girona y trenes regulares hasta Llan\u00e7\u00e0.<\/p>\t\t\t\t\t\t\t\t<\/div>\n\t\t\t\t<\/div>\n\t\t\t\t\t<\/div>\n\t\t<\/div>\n\t\t\t\t\t<\/div>\n\t\t<\/section>\n\t\t\t\t<\/div>\n\t\t","protected":false},"excerpt":{"rendered":"<p>Fabrega-Goertzen +34 627 511 421 (De lunes a s\u00e1bado de 9 h a 18 h) finques@fabrega-goertzen.com Facebook Instagram \u00bfQuieres ponerte en contacto con nosotros? Cu\u00e9ntanos en este formulario cu\u00e1les son tus dudas o cuestiones. En breve, el equipo de Fabrega-Goertzen se pondr\u00e1 en contacto. C\u00f3mo llegar a F\u00e0brega-Goertzen: Distancias a Llan\u00e7\u00e0: Barcelona: 165Km.Girona: 60Km.Perpignan: 60Km.\u00a0 &#8230;<\/p>\n","protected":false},"author":2,"featured_media":0,"parent":0,"menu_order":0,"comment_status":"open","ping_status":"open","template":"elementor_header_footer","meta":{"_acf_changed":false,"footnotes":""},"class_list":["post-39721","page","type-page","status-publish","hentry"],"acf":[],"yoast_head":"<!-- This site is optimized with the Yoast SEO plugin v27.1.1 - https:\/\/yoast.com\/product\/yoast-seo-wordpress\/ -->\n<title>Cont\u00e1ctanos I Fabrega-Goertzen I Llan\u00e7\u00e0 I Costa Brava<\/title>\n<meta name=\"description\" content=\"\u00bfQuieres ponerte en contacto con el equipo de Fabrega-Goertzen? Ll\u00e1manos o escr\u00edbenos un correo electr\u00f3nico y te ayudaremos.\" \/>\n<meta name=\"robots\" content=\"index, follow, max-snippet:-1, max-image-preview:large, max-video-preview:-1\" \/>\n<link rel=\"canonical\" href=\"https:\/\/fabrega-goertzen.com\/es\/contact\/\" \/>\n<meta property=\"og:locale\" content=\"es_ES\" \/>\n<meta property=\"og:type\" content=\"article\" \/>\n<meta property=\"og:title\" content=\"Cont\u00e1ctanos I Fabrega-Goertzen I Llan\u00e7\u00e0 I Costa Brava\" \/>\n<meta property=\"og:description\" content=\"\u00bfQuieres ponerte en contacto con el equipo de Fabrega-Goertzen? Ll\u00e1manos o escr\u00edbenos un correo electr\u00f3nico y te ayudaremos.\" \/>\n<meta property=\"og:url\" content=\"https:\/\/fabrega-goertzen.com\/es\/contact\/\" \/>\n<meta property=\"og:site_name\" content=\"Fabrega-Goertzen\" \/>\n<meta property=\"article:modified_time\" content=\"2023-11-14T15:30:26+00:00\" \/>\n<meta name=\"twitter:card\" content=\"summary_large_image\" \/>\n<meta name=\"twitter:label1\" content=\"Tiempo de lectura\" \/>\n\t<meta name=\"twitter:data1\" content=\"1 minuto\" \/>\n<script type=\"application\/ld+json\" class=\"yoast-schema-graph\">{\"@context\":\"https:\/\/schema.org\",\"@graph\":[{\"@type\":\"WebPage\",\"@id\":\"https:\/\/fabrega-goertzen.com\/es\/contact\/\",\"url\":\"https:\/\/fabrega-goertzen.com\/es\/contact\/\",\"name\":\"Cont\u00e1ctanos I Fabrega-Goertzen I Llan\u00e7\u00e0 I Costa Brava\",\"isPartOf\":{\"@id\":\"https:\/\/fabrega-goertzen.com\/#website\"},\"datePublished\":\"2015-04-21T13:28:29+00:00\",\"dateModified\":\"2023-11-14T15:30:26+00:00\",\"description\":\"\u00bfQuieres ponerte en contacto con el equipo de Fabrega-Goertzen? Ll\u00e1manos o escr\u00edbenos un correo electr\u00f3nico y te ayudaremos.\",\"breadcrumb\":{\"@id\":\"https:\/\/fabrega-goertzen.com\/es\/contact\/#breadcrumb\"},\"inLanguage\":\"es\",\"potentialAction\":[{\"@type\":\"ReadAction\",\"target\":[\"https:\/\/fabrega-goertzen.com\/es\/contact\/\"]}]},{\"@type\":\"BreadcrumbList\",\"@id\":\"https:\/\/fabrega-goertzen.com\/es\/contact\/#breadcrumb\",\"itemListElement\":[{\"@type\":\"ListItem\",\"position\":1,\"name\":\"Home\",\"item\":\"https:\/\/fabrega-goertzen.com\/es\/\"},{\"@type\":\"ListItem\",\"position\":2,\"name\":\"Cont\u00e1ctanos\"}]},{\"@type\":\"WebSite\",\"@id\":\"https:\/\/fabrega-goertzen.com\/#website\",\"url\":\"https:\/\/fabrega-goertzen.com\/\",\"name\":\"Fabrega-Goertzen\",\"description\":\"Fabrega-Goertzen\",\"potentialAction\":[{\"@type\":\"SearchAction\",\"target\":{\"@type\":\"EntryPoint\",\"urlTemplate\":\"https:\/\/fabrega-goertzen.com\/?s={search_term_string}\"},\"query-input\":{\"@type\":\"PropertyValueSpecification\",\"valueRequired\":true,\"valueName\":\"search_term_string\"}}],\"inLanguage\":\"es\"}]}<\/script>\n<!-- \/ Yoast SEO plugin. -->","yoast_head_json":{"title":"Cont\u00e1ctanos I Fabrega-Goertzen I Llan\u00e7\u00e0 I Costa Brava","description":"\u00bfQuieres ponerte en contacto con el equipo de Fabrega-Goertzen? Ll\u00e1manos o escr\u00edbenos un correo electr\u00f3nico y te ayudaremos.","robots":{"index":"index","follow":"follow","max-snippet":"max-snippet:-1","max-image-preview":"max-image-preview:large","max-video-preview":"max-video-preview:-1"},"canonical":"https:\/\/fabrega-goertzen.com\/es\/contact\/","og_locale":"es_ES","og_type":"article","og_title":"Cont\u00e1ctanos I Fabrega-Goertzen I Llan\u00e7\u00e0 I Costa Brava","og_description":"\u00bfQuieres ponerte en contacto con el equipo de Fabrega-Goertzen? Ll\u00e1manos o escr\u00edbenos un correo electr\u00f3nico y te ayudaremos.","og_url":"https:\/\/fabrega-goertzen.com\/es\/contact\/","og_site_name":"Fabrega-Goertzen","article_modified_time":"2023-11-14T15:30:26+00:00","twitter_card":"summary_large_image","twitter_misc":{"Tiempo de lectura":"1 minuto"},"schema":{"@context":"https:\/\/schema.org","@graph":[{"@type":"WebPage","@id":"https:\/\/fabrega-goertzen.com\/es\/contact\/","url":"https:\/\/fabrega-goertzen.com\/es\/contact\/","name":"Cont\u00e1ctanos I Fabrega-Goertzen I Llan\u00e7\u00e0 I Costa Brava","isPartOf":{"@id":"https:\/\/fabrega-goertzen.com\/#website"},"datePublished":"2015-04-21T13:28:29+00:00","dateModified":"2023-11-14T15:30:26+00:00","description":"\u00bfQuieres ponerte en contacto con el equipo de Fabrega-Goertzen? Ll\u00e1manos o escr\u00edbenos un correo electr\u00f3nico y te ayudaremos.","breadcrumb":{"@id":"https:\/\/fabrega-goertzen.com\/es\/contact\/#breadcrumb"},"inLanguage":"es","potentialAction":[{"@type":"ReadAction","target":["https:\/\/fabrega-goertzen.com\/es\/contact\/"]}]},{"@type":"BreadcrumbList","@id":"https:\/\/fabrega-goertzen.com\/es\/contact\/#breadcrumb","itemListElement":[{"@type":"ListItem","position":1,"name":"Home","item":"https:\/\/fabrega-goertzen.com\/es\/"},{"@type":"ListItem","position":2,"name":"Cont\u00e1ctanos"}]},{"@type":"WebSite","@id":"https:\/\/fabrega-goertzen.com\/#website","url":"https:\/\/fabrega-goertzen.com\/","name":"Fabrega-Goertzen","description":"Fabrega-Goertzen","potentialAction":[{"@type":"SearchAction","target":{"@type":"EntryPoint","urlTemplate":"https:\/\/fabrega-goertzen.com\/?s={search_term_string}"},"query-input":{"@type":"PropertyValueSpecification","valueRequired":true,"valueName":"search_term_string"}}],"inLanguage":"es"}]}},"_links":{"self":[{"href":"https:\/\/fabrega-goertzen.com\/es\/wp-json\/wp\/v2\/pages\/39721","targetHints":{"allow":["GET"]}}],"collection":[{"href":"https:\/\/fabrega-goertzen.com\/es\/wp-json\/wp\/v2\/pages"}],"about":[{"href":"https:\/\/fabrega-goertzen.com\/es\/wp-json\/wp\/v2\/types\/page"}],"author":[{"embeddable":true,"href":"https:\/\/fabrega-goertzen.com\/es\/wp-json\/wp\/v2\/users\/2"}],"replies":[{"embeddable":true,"href":"https:\/\/fabrega-goertzen.com\/es\/wp-json\/wp\/v2\/comments?post=39721"}],"version-history":[{"count":0,"href":"https:\/\/fabrega-goertzen.com\/es\/wp-json\/wp\/v2\/pages\/39721\/revisions"}],"wp:attachment":[{"href":"https:\/\/fabrega-goertzen.com\/es\/wp-json\/wp\/v2\/media?parent=39721"}],"curies":[{"name":"wp","href":"https:\/\/api.w.org\/{rel}","templated":true}]}}