{"id":51846,"date":"2021-01-31T15:57:53","date_gmt":"2021-01-31T15:57:53","guid":{"rendered":"https:\/\/moreholiday.cmsfacil.eu\/propietats-venda\/"},"modified":"2021-12-29T16:06:51","modified_gmt":"2021-12-29T16:06:51","slug":"propiedades-venta","status":"publish","type":"page","link":"https:\/\/fabrega-goertzen.com\/es\/propiedades-venta\/","title":{"rendered":"Propiedades en venta"},"content":{"rendered":"\t\t<div data-elementor-type=\"wp-page\" data-elementor-id=\"51846\" class=\"elementor elementor-51846 elementor-4\" data-elementor-post-type=\"page\">\n\t\t\t\t\t\t<section class=\"elementor-section elementor-top-section elementor-element elementor-element-ae94a7d elementor-section-stretched elementor-section-boxed elementor-section-height-default elementor-section-height-default\" data-id=\"ae94a7d\" data-element_type=\"section\" data-e-type=\"section\" data-settings=\"{&quot;stretch_section&quot;:&quot;section-stretched&quot;}\">\n\t\t\t\t\t\t<div class=\"elementor-container elementor-column-gap-default\">\n\t\t\t\t\t<div class=\"elementor-column elementor-col-100 elementor-top-column elementor-element elementor-element-3a3e9d1\" data-id=\"3a3e9d1\" data-element_type=\"column\" data-e-type=\"column\">\n\t\t\t<div class=\"elementor-widget-wrap elementor-element-populated\">\n\t\t\t\t\t\t<div class=\"elementor-element elementor-element-15a0d7c elementor-widget elementor-widget-image\" data-id=\"15a0d7c\" data-element_type=\"widget\" data-e-type=\"widget\" data-widget_type=\"image.default\">\n\t\t\t\t<div class=\"elementor-widget-container\">\n\t\t\t\t\t\t\t\t\t\t\t\t\t\t\t<img decoding=\"async\" width=\"280\" height=\"103\" src=\"https:\/\/fabrega-goertzen.com\/wp-content\/uploads\/2021\/08\/logo.png\" class=\"attachment-large size-large wp-image-47750\" alt=\"\" \/>\t\t\t\t\t\t\t\t\t\t\t\t\t\t\t<\/div>\n\t\t\t\t<\/div>\n\t\t\t\t<div class=\"elementor-element elementor-element-25e039c elementor-widget elementor-widget-heading\" data-id=\"25e039c\" data-element_type=\"widget\" data-e-type=\"widget\" data-widget_type=\"heading.default\">\n\t\t\t\t<div class=\"elementor-widget-container\">\n\t\t\t\t\t<h2 class=\"elementor-heading-title elementor-size-default\">Inmuebles para vacaciones en Llan\u00e7\u00e0<\/h2>\t\t\t\t<\/div>\n\t\t\t\t<\/div>\n\t\t\t\t<div class=\"elementor-element elementor-element-3257ee5 elementor-widget elementor-widget-text-editor\" data-id=\"3257ee5\" data-element_type=\"widget\" data-e-type=\"widget\" data-widget_type=\"text-editor.default\">\n\t\t\t\t<div class=\"elementor-widget-container\">\n\t\t\t\t\t\t\t\t\tLas propiedades en venda de Fabrega Goertzen, se venden a trav\u00e9s de\u00a0<a href=\"https:\/\/www.moreproperties.es\/\"><b>More Properties<\/b><\/a>, la inmobiliaria que forma parte del grupo <b><a href=\"https:\/\/moreholiday.es\/\">More Holiday<\/a><\/b> y que ofrece propiedades en venta en Llan\u00e7\u00e0, el Empord\u00e0 y la resta del territorio de Girona.\t\t\t\t\t\t\t\t<\/div>\n\t\t\t\t<\/div>\n\t\t\t\t\t<\/div>\n\t\t<\/div>\n\t\t\t\t\t<\/div>\n\t\t<\/section>\n\t\t\t\t<section class=\"elementor-section elementor-top-section elementor-element elementor-element-af11e05 elementor-section-stretched elementor-section-boxed elementor-section-height-default elementor-section-height-default\" data-id=\"af11e05\" data-element_type=\"section\" data-e-type=\"section\" data-settings=\"{&quot;background_background&quot;:&quot;classic&quot;,&quot;stretch_section&quot;:&quot;section-stretched&quot;}\">\n\t\t\t\t\t\t<div class=\"elementor-container elementor-column-gap-default\">\n\t\t\t\t\t<div class=\"elementor-column elementor-col-100 elementor-top-column elementor-element elementor-element-e57ab91\" data-id=\"e57ab91\" data-element_type=\"column\" data-e-type=\"column\">\n\t\t\t<div class=\"elementor-widget-wrap elementor-element-populated\">\n\t\t\t\t\t\t<div class=\"elementor-element elementor-element-2a840e4 elementor-widget elementor-widget-spacer\" data-id=\"2a840e4\" data-element_type=\"widget\" data-e-type=\"widget\" data-widget_type=\"spacer.default\">\n\t\t\t\t<div class=\"elementor-widget-container\">\n\t\t\t\t\t\t\t<div class=\"elementor-spacer\">\n\t\t\t<div class=\"elementor-spacer-inner\"><\/div>\n\t\t<\/div>\n\t\t\t\t\t\t<\/div>\n\t\t\t\t<\/div>\n\t\t\t\t<div class=\"elementor-element elementor-element-4f038d7 elementor-skin-slideshow elementor-arrows-yes elementor-widget elementor-widget-media-carousel\" data-id=\"4f038d7\" data-element_type=\"widget\" data-e-type=\"widget\" data-settings=\"{&quot;skin&quot;:&quot;slideshow&quot;,&quot;effect&quot;:&quot;slide&quot;,&quot;show_arrows&quot;:&quot;yes&quot;,&quot;speed&quot;:500,&quot;autoplay&quot;:&quot;yes&quot;,&quot;autoplay_speed&quot;:5000,&quot;loop&quot;:&quot;yes&quot;,&quot;pause_on_hover&quot;:&quot;yes&quot;,&quot;pause_on_interaction&quot;:&quot;yes&quot;,&quot;space_between&quot;:{&quot;unit&quot;:&quot;px&quot;,&quot;size&quot;:10,&quot;sizes&quot;:[]},&quot;space_between_tablet&quot;:{&quot;unit&quot;:&quot;px&quot;,&quot;size&quot;:10,&quot;sizes&quot;:[]},&quot;space_between_mobile&quot;:{&quot;unit&quot;:&quot;px&quot;,&quot;size&quot;:10,&quot;sizes&quot;:[]}}\" data-widget_type=\"media-carousel.default\">\n\t\t\t\t<div class=\"elementor-widget-container\">\n\t\t\t\t\t\t\t\t\t<div class=\"elementor-swiper\">\n\t\t\t\t\t<div class=\"elementor-main-swiper swiper\" role=\"region\" aria-roledescription=\"carousel\" aria-label=\"Diapositivas\">\n\t\t\t\t<div class=\"swiper-wrapper\">\n\t\t\t\t\t\t\t\t\t\t\t<div class=\"swiper-slide\" role=\"group\" aria-roledescription=\"slide\">\n\t\t\t\t\t\t\t\t\t<div class=\"elementor-carousel-image\" role=\"img\" aria-label=\"4521758\" style=\"background-image: url(&#039;https:\/\/fabrega-goertzen.com\/wp-content\/uploads\/2021\/10\/4521758.jpg&#039;)\">\n\n\t\t\t\n\t\t\t\t\t<\/div>\n\t\t\t\t\t\t\t\t<\/div>\n\t\t\t\t\t\t\t\t\t\t\t<div class=\"swiper-slide\" role=\"group\" aria-roledescription=\"slide\">\n\t\t\t\t\t\t\t\t\t<div class=\"elementor-carousel-image\" role=\"img\" aria-label=\"piscina\" style=\"background-image: url(&#039;https:\/\/fabrega-goertzen.com\/wp-content\/uploads\/2021\/10\/piscina.jpg&#039;)\">\n\n\t\t\t\n\t\t\t\t\t<\/div>\n\t\t\t\t\t\t\t\t<\/div>\n\t\t\t\t\t\t\t\t\t\t\t<div class=\"swiper-slide\" role=\"group\" aria-roledescription=\"slide\">\n\t\t\t\t\t\t\t\t\t<div class=\"elementor-carousel-image\" role=\"img\" aria-label=\"4088780\" style=\"background-image: url(&#039;https:\/\/fabrega-goertzen.com\/wp-content\/uploads\/2021\/10\/4088780.jpg&#039;)\">\n\n\t\t\t\n\t\t\t\t\t<\/div>\n\t\t\t\t\t\t\t\t<\/div>\n\t\t\t\t\t\t\t\t\t\t\t<div class=\"swiper-slide\" role=\"group\" aria-roledescription=\"slide\">\n\t\t\t\t\t\t\t\t\t<div class=\"elementor-carousel-image\" role=\"img\" aria-label=\"6263515\" style=\"background-image: url(&#039;https:\/\/fabrega-goertzen.com\/wp-content\/uploads\/2021\/10\/6263515.jpg&#039;)\">\n\n\t\t\t\n\t\t\t\t\t<\/div>\n\t\t\t\t\t\t\t\t<\/div>\n\t\t\t\t\t\t\t\t\t\t\t<div class=\"swiper-slide\" role=\"group\" aria-roledescription=\"slide\">\n\t\t\t\t\t\t\t\t\t<div class=\"elementor-carousel-image\" role=\"img\" aria-label=\"6263520\" style=\"background-image: url(&#039;https:\/\/fabrega-goertzen.com\/wp-content\/uploads\/2021\/10\/6263520.jpg&#039;)\">\n\n\t\t\t\n\t\t\t\t\t<\/div>\n\t\t\t\t\t\t\t\t<\/div>\n\t\t\t\t\t\t\t\t\t<\/div>\n\t\t\t\t\t\t\t\t\t\t\t\t\t\t\t<div class=\"elementor-swiper-button elementor-swiper-button-prev\" role=\"button\" tabindex=\"0\" aria-label=\"Anterior\">\n\t\t\t\t\t\t\t<i aria-hidden=\"true\" class=\"eicon-chevron-left\"><\/i>\t\t\t\t\t\t<\/div>\n\t\t\t\t\t\t<div class=\"elementor-swiper-button elementor-swiper-button-next\" role=\"button\" tabindex=\"0\" aria-label=\"Siguiente\">\n\t\t\t\t\t\t\t<i aria-hidden=\"true\" class=\"eicon-chevron-right\"><\/i>\t\t\t\t\t\t<\/div>\n\t\t\t\t\t\t\t\t\t\t\t\t\t\t\t\t\t<\/div>\n\t\t\t\t<\/div>\n\t\t\t\t\t\t\t\t<div class=\"elementor-swiper\">\n\t\t\t\t\t<div class=\"elementor-main-swiper swiper elementor-thumbnails-swiper swiper\" role=\"region region\" aria-roledescription=\"carousel carousel\" aria-label=\"Diapositivas Diapositivas\">\n\t\t\t\t<div class=\"swiper-wrapper\">\n\t\t\t\t\t\t\t\t\t\t\t<div class=\"swiper-slide\" role=\"group\" aria-roledescription=\"slide\">\n\t\t\t\t\t\t\t\t\t<div class=\"elementor-carousel-image\" role=\"img\" aria-label=\"4521758\" style=\"background-image: url(&#039;https:\/\/fabrega-goertzen.com\/wp-content\/uploads\/2021\/10\/4521758.jpg&#039;)\">\n\n\t\t\t\n\t\t\t\t\t<\/div>\n\t\t\t\t\t\t\t\t<\/div>\n\t\t\t\t\t\t\t\t\t\t\t<div class=\"swiper-slide\" role=\"group\" aria-roledescription=\"slide\">\n\t\t\t\t\t\t\t\t\t<div class=\"elementor-carousel-image\" role=\"img\" aria-label=\"piscina\" style=\"background-image: url(&#039;https:\/\/fabrega-goertzen.com\/wp-content\/uploads\/2021\/10\/piscina.jpg&#039;)\">\n\n\t\t\t\n\t\t\t\t\t<\/div>\n\t\t\t\t\t\t\t\t<\/div>\n\t\t\t\t\t\t\t\t\t\t\t<div class=\"swiper-slide\" role=\"group\" aria-roledescription=\"slide\">\n\t\t\t\t\t\t\t\t\t<div class=\"elementor-carousel-image\" role=\"img\" aria-label=\"4088780\" style=\"background-image: url(&#039;https:\/\/fabrega-goertzen.com\/wp-content\/uploads\/2021\/10\/4088780.jpg&#039;)\">\n\n\t\t\t\n\t\t\t\t\t<\/div>\n\t\t\t\t\t\t\t\t<\/div>\n\t\t\t\t\t\t\t\t\t\t\t<div class=\"swiper-slide\" role=\"group\" aria-roledescription=\"slide\">\n\t\t\t\t\t\t\t\t\t<div class=\"elementor-carousel-image\" role=\"img\" aria-label=\"6263515\" style=\"background-image: url(&#039;https:\/\/fabrega-goertzen.com\/wp-content\/uploads\/2021\/10\/6263515.jpg&#039;)\">\n\n\t\t\t\n\t\t\t\t\t<\/div>\n\t\t\t\t\t\t\t\t<\/div>\n\t\t\t\t\t\t\t\t\t\t\t<div class=\"swiper-slide\" role=\"group\" aria-roledescription=\"slide\">\n\t\t\t\t\t\t\t\t\t<div class=\"elementor-carousel-image\" role=\"img\" aria-label=\"6263520\" style=\"background-image: url(&#039;https:\/\/fabrega-goertzen.com\/wp-content\/uploads\/2021\/10\/6263520.jpg&#039;)\">\n\n\t\t\t\n\t\t\t\t\t<\/div>\n\t\t\t\t\t\t\t\t<\/div>\n\t\t\t\t\t\t\t\t\t<\/div>\n\t\t\t\t\t\t\t\t\t\t\t\t\t\t\t\t\t\t\t\t\t<\/div>\n\t\t\t\t<\/div>\n\t\t\t\t\t\t\t\t<\/div>\n\t\t\t\t<\/div>\n\t\t\t\t<div class=\"elementor-element elementor-element-c74f3b8 elementor-align-left elementor-invisible elementor-widget elementor-widget-button\" data-id=\"c74f3b8\" data-element_type=\"widget\" data-e-type=\"widget\" data-settings=\"{&quot;_animation&quot;:&quot;fadeInUp&quot;,&quot;_animation_delay&quot;:200}\" data-widget_type=\"button.default\">\n\t\t\t\t<div class=\"elementor-widget-container\">\n\t\t\t\t\t\t\t\t\t<div class=\"elementor-button-wrapper\">\n\t\t\t\t\t<a class=\"elementor-button elementor-button-link elementor-size-sm\" href=\"https:\/\/www.moreproperties.es\/\">\n\t\t\t\t\t\t<span class=\"elementor-button-content-wrapper\">\n\t\t\t\t\t\t\t\t\t<span class=\"elementor-button-text\">Ves a More Properties<\/span>\n\t\t\t\t\t<\/span>\n\t\t\t\t\t<\/a>\n\t\t\t\t<\/div>\n\t\t\t\t\t\t\t\t<\/div>\n\t\t\t\t<\/div>\n\t\t\t\t\t<\/div>\n\t\t<\/div>\n\t\t\t\t\t<\/div>\n\t\t<\/section>\n\t\t\t\t<\/div>\n\t\t","protected":false},"excerpt":{"rendered":"<p>Inmuebles para vacaciones en Llan\u00e7\u00e0 Las propiedades en venda de Fabrega Goertzen, se venden a trav\u00e9s de&nbsp;More Properties, la inmobiliaria que forma parte del grupo More Holiday y que ofrece propiedades en venta en Llan\u00e7\u00e0, el Empord\u00e0 y la resta del territorio de Girona. Previous Next Ves a More Properties<\/p>\n","protected":false},"author":2,"featured_media":0,"parent":0,"menu_order":0,"comment_status":"closed","ping_status":"open","template":"","meta":{"_acf_changed":false,"footnotes":""},"class_list":["post-51846","page","type-page","status-publish","hentry"],"acf":[],"yoast_head":"<!-- This site is optimized with the Yoast SEO plugin v27.1.1 - https:\/\/yoast.com\/product\/yoast-seo-wordpress\/ -->\n<title>Apartamentos y propiedades en venta I Llan\u00e7\u00e0 I Costa Brava I Girona<\/title>\n<meta name=\"description\" content=\"Encuentra apartamentos y propiedades en venta en la zona de Llan\u00e7\u00e0, la Costa Brava y otras partes del territorio gerundense.\" \/>\n<meta name=\"robots\" content=\"index, follow, max-snippet:-1, max-image-preview:large, max-video-preview:-1\" \/>\n<link rel=\"canonical\" href=\"https:\/\/fabrega-goertzen.com\/es\/propiedades-venta\/\" \/>\n<meta property=\"og:locale\" content=\"es_ES\" \/>\n<meta property=\"og:type\" content=\"article\" \/>\n<meta property=\"og:title\" content=\"Apartamentos y propiedades en venta I Llan\u00e7\u00e0 I Costa Brava I Girona\" \/>\n<meta property=\"og:description\" content=\"Encuentra apartamentos y propiedades en venta en la zona de Llan\u00e7\u00e0, la Costa Brava y otras partes del territorio gerundense.\" \/>\n<meta property=\"og:url\" content=\"https:\/\/fabrega-goertzen.com\/es\/propiedades-venta\/\" \/>\n<meta property=\"og:site_name\" content=\"Fabrega-Goertzen\" \/>\n<meta property=\"article:modified_time\" content=\"2021-12-29T16:06:51+00:00\" \/>\n<meta property=\"og:image\" content=\"https:\/\/fabrega-goertzen.com\/wp-content\/uploads\/2021\/08\/logo.png\" \/>\n<meta name=\"twitter:card\" content=\"summary_large_image\" \/>\n<meta name=\"twitter:label1\" content=\"Tiempo de lectura\" \/>\n\t<meta name=\"twitter:data1\" content=\"1 minuto\" \/>\n<script type=\"application\/ld+json\" class=\"yoast-schema-graph\">{\"@context\":\"https:\/\/schema.org\",\"@graph\":[{\"@type\":\"WebPage\",\"@id\":\"https:\/\/fabrega-goertzen.com\/es\/propiedades-venta\/\",\"url\":\"https:\/\/fabrega-goertzen.com\/es\/propiedades-venta\/\",\"name\":\"Apartamentos y propiedades en venta I Llan\u00e7\u00e0 I Costa Brava I Girona\",\"isPartOf\":{\"@id\":\"https:\/\/fabrega-goertzen.com\/#website\"},\"primaryImageOfPage\":{\"@id\":\"https:\/\/fabrega-goertzen.com\/es\/propiedades-venta\/#primaryimage\"},\"image\":{\"@id\":\"https:\/\/fabrega-goertzen.com\/es\/propiedades-venta\/#primaryimage\"},\"thumbnailUrl\":\"https:\/\/fabrega-goertzen.com\/wp-content\/uploads\/2021\/08\/logo.png\",\"datePublished\":\"2021-01-31T15:57:53+00:00\",\"dateModified\":\"2021-12-29T16:06:51+00:00\",\"description\":\"Encuentra apartamentos y propiedades en venta en la zona de Llan\u00e7\u00e0, la Costa Brava y otras partes del territorio gerundense.\",\"breadcrumb\":{\"@id\":\"https:\/\/fabrega-goertzen.com\/es\/propiedades-venta\/#breadcrumb\"},\"inLanguage\":\"es\",\"potentialAction\":[{\"@type\":\"ReadAction\",\"target\":[\"https:\/\/fabrega-goertzen.com\/es\/propiedades-venta\/\"]}]},{\"@type\":\"ImageObject\",\"inLanguage\":\"es\",\"@id\":\"https:\/\/fabrega-goertzen.com\/es\/propiedades-venta\/#primaryimage\",\"url\":\"https:\/\/fabrega-goertzen.com\/wp-content\/uploads\/2021\/08\/logo.png\",\"contentUrl\":\"https:\/\/fabrega-goertzen.com\/wp-content\/uploads\/2021\/08\/logo.png\"},{\"@type\":\"BreadcrumbList\",\"@id\":\"https:\/\/fabrega-goertzen.com\/es\/propiedades-venta\/#breadcrumb\",\"itemListElement\":[{\"@type\":\"ListItem\",\"position\":1,\"name\":\"Home\",\"item\":\"https:\/\/fabrega-goertzen.com\/es\/\"},{\"@type\":\"ListItem\",\"position\":2,\"name\":\"Propiedades en venta\"}]},{\"@type\":\"WebSite\",\"@id\":\"https:\/\/fabrega-goertzen.com\/#website\",\"url\":\"https:\/\/fabrega-goertzen.com\/\",\"name\":\"Fabrega-Goertzen\",\"description\":\"Fabrega-Goertzen\",\"potentialAction\":[{\"@type\":\"SearchAction\",\"target\":{\"@type\":\"EntryPoint\",\"urlTemplate\":\"https:\/\/fabrega-goertzen.com\/?s={search_term_string}\"},\"query-input\":{\"@type\":\"PropertyValueSpecification\",\"valueRequired\":true,\"valueName\":\"search_term_string\"}}],\"inLanguage\":\"es\"}]}<\/script>\n<!-- \/ Yoast SEO plugin. -->","yoast_head_json":{"title":"Apartamentos y propiedades en venta I Llan\u00e7\u00e0 I Costa Brava I Girona","description":"Encuentra apartamentos y propiedades en venta en la zona de Llan\u00e7\u00e0, la Costa Brava y otras partes del territorio gerundense.","robots":{"index":"index","follow":"follow","max-snippet":"max-snippet:-1","max-image-preview":"max-image-preview:large","max-video-preview":"max-video-preview:-1"},"canonical":"https:\/\/fabrega-goertzen.com\/es\/propiedades-venta\/","og_locale":"es_ES","og_type":"article","og_title":"Apartamentos y propiedades en venta I Llan\u00e7\u00e0 I Costa Brava I Girona","og_description":"Encuentra apartamentos y propiedades en venta en la zona de Llan\u00e7\u00e0, la Costa Brava y otras partes del territorio gerundense.","og_url":"https:\/\/fabrega-goertzen.com\/es\/propiedades-venta\/","og_site_name":"Fabrega-Goertzen","article_modified_time":"2021-12-29T16:06:51+00:00","og_image":[{"url":"https:\/\/fabrega-goertzen.com\/wp-content\/uploads\/2021\/08\/logo.png","type":"","width":"","height":""}],"twitter_card":"summary_large_image","twitter_misc":{"Tiempo de lectura":"1 minuto"},"schema":{"@context":"https:\/\/schema.org","@graph":[{"@type":"WebPage","@id":"https:\/\/fabrega-goertzen.com\/es\/propiedades-venta\/","url":"https:\/\/fabrega-goertzen.com\/es\/propiedades-venta\/","name":"Apartamentos y propiedades en venta I Llan\u00e7\u00e0 I Costa Brava I Girona","isPartOf":{"@id":"https:\/\/fabrega-goertzen.com\/#website"},"primaryImageOfPage":{"@id":"https:\/\/fabrega-goertzen.com\/es\/propiedades-venta\/#primaryimage"},"image":{"@id":"https:\/\/fabrega-goertzen.com\/es\/propiedades-venta\/#primaryimage"},"thumbnailUrl":"https:\/\/fabrega-goertzen.com\/wp-content\/uploads\/2021\/08\/logo.png","datePublished":"2021-01-31T15:57:53+00:00","dateModified":"2021-12-29T16:06:51+00:00","description":"Encuentra apartamentos y propiedades en venta en la zona de Llan\u00e7\u00e0, la Costa Brava y otras partes del territorio gerundense.","breadcrumb":{"@id":"https:\/\/fabrega-goertzen.com\/es\/propiedades-venta\/#breadcrumb"},"inLanguage":"es","potentialAction":[{"@type":"ReadAction","target":["https:\/\/fabrega-goertzen.com\/es\/propiedades-venta\/"]}]},{"@type":"ImageObject","inLanguage":"es","@id":"https:\/\/fabrega-goertzen.com\/es\/propiedades-venta\/#primaryimage","url":"https:\/\/fabrega-goertzen.com\/wp-content\/uploads\/2021\/08\/logo.png","contentUrl":"https:\/\/fabrega-goertzen.com\/wp-content\/uploads\/2021\/08\/logo.png"},{"@type":"BreadcrumbList","@id":"https:\/\/fabrega-goertzen.com\/es\/propiedades-venta\/#breadcrumb","itemListElement":[{"@type":"ListItem","position":1,"name":"Home","item":"https:\/\/fabrega-goertzen.com\/es\/"},{"@type":"ListItem","position":2,"name":"Propiedades en venta"}]},{"@type":"WebSite","@id":"https:\/\/fabrega-goertzen.com\/#website","url":"https:\/\/fabrega-goertzen.com\/","name":"Fabrega-Goertzen","description":"Fabrega-Goertzen","potentialAction":[{"@type":"SearchAction","target":{"@type":"EntryPoint","urlTemplate":"https:\/\/fabrega-goertzen.com\/?s={search_term_string}"},"query-input":{"@type":"PropertyValueSpecification","valueRequired":true,"valueName":"search_term_string"}}],"inLanguage":"es"}]}},"_links":{"self":[{"href":"https:\/\/fabrega-goertzen.com\/es\/wp-json\/wp\/v2\/pages\/51846","targetHints":{"allow":["GET"]}}],"collection":[{"href":"https:\/\/fabrega-goertzen.com\/es\/wp-json\/wp\/v2\/pages"}],"about":[{"href":"https:\/\/fabrega-goertzen.com\/es\/wp-json\/wp\/v2\/types\/page"}],"author":[{"embeddable":true,"href":"https:\/\/fabrega-goertzen.com\/es\/wp-json\/wp\/v2\/users\/2"}],"replies":[{"embeddable":true,"href":"https:\/\/fabrega-goertzen.com\/es\/wp-json\/wp\/v2\/comments?post=51846"}],"version-history":[{"count":0,"href":"https:\/\/fabrega-goertzen.com\/es\/wp-json\/wp\/v2\/pages\/51846\/revisions"}],"wp:attachment":[{"href":"https:\/\/fabrega-goertzen.com\/es\/wp-json\/wp\/v2\/media?parent=51846"}],"curies":[{"name":"wp","href":"https:\/\/api.w.org\/{rel}","templated":true}]}}