{"id":56207,"date":"2022-01-01T20:34:21","date_gmt":"2022-01-01T20:34:21","guid":{"rendered":"https:\/\/moreholiday.cmsfacil.eu\/condicions-generals-de-reserva\/"},"modified":"2022-01-01T20:39:59","modified_gmt":"2022-01-01T20:39:59","slug":"condiciones-generales-de-reserva","status":"publish","type":"page","link":"https:\/\/fabrega-goertzen.com\/es\/condiciones-generales-de-reserva\/","title":{"rendered":"Condiciones generales de reserva"},"content":{"rendered":"<p><strong>1.\u00aa ACEPTACI\u00d3N.-<\/strong>La realizaci\u00f3n de cualquier reserva supone la aceptaci\u00f3n de estas condiciones generales. La persona que hace la reserva debe ser mayor de edad y se responsabiliza de la veracidad de los datos introducidos o indicados.<\/p>\n<p><strong>2.\u00aa RESERVA.-<\/strong>La reserva se puede efectuar por tel\u00e9fono, e-mail o directamente on-line en nuestra web.<\/p>\n<p>Si el cliente no ha formalizado la paga y se\u00f1al v\u00eda targeta de cr\u00e9dito, deber\u00e1 abonar en concepto de paga y se\u00f1al el 40% del importe total del alquiler en un plazo de 7 d\u00edas por transferencia en la cuenta bancaria de MoreHoliday S.L. que se detalla a continuaci\u00f3n:<\/p>\n<p>&#8211; BBVA: ES41 0182 1389 06 0201808914<\/p>\n<p>La reserva se considerar\u00e1 confirmada y definitiva cuando el cliente reciba por correo electr\u00f3nico la confirmaci\u00f3n de la reserva con su n\u00famero de localizador.<\/p>\n<p>El importe restante deber\u00e1 hacerse efectivo el d\u00eda de la llegada, en el momento de la entrega de las llaves, ya sea en efectivo o tarjeta de cr\u00e9dito.<\/p>\n<p><strong>3.\u00aa IMPORTE ALQUILER.-\u00a0<\/strong>El precio corresponde al importe del alquiler para el periodo contratado incluidos los consumos normales de electricidad y agua.<\/p>\n<p>Ofrecemos tambi\u00e9n un servicio de alquiler, con previa reserva, de sabanas y toallas por un precio de: sabanas 14 \u20ac\/ persona y toallas 6 \u20ac por juego de 2 toallas. Este precio no incluye cambio de ropa.<\/p>\n<p>Disponemos tambi\u00e9n de un servicio de alquiler de camas supletorias y cunas por un importe de 14 \u20ac\/semana.<\/p>\n<p><strong>4.\u00aa\u00a0TASA TUR\u00cdSTICA.-\u00a0<\/strong>El importe de la reserva se ver\u00e1 incrementado por la tasa tur\u00edstica obligatoria de la Generalitat de Catalunya durante las 7 primeras noches y por un importe de 1,00 \u20ac por persona mayor de 16 a\u00f1os.<\/p>\n<p><strong>5.\u00aa MODIFICACI\u00d3N DE UNA RESERVA.-\u00a0<\/strong>Finques F\u00e0brega-Goertzen by More Holiday se reserva el derecho, en caso de fuerza mayor o causas ajenas a la voluntad de la Agencia, a cambiar el apartamento\/casa contratado por uno de caracter\u00edsticas similares. En caso de no conformidad por parte del cliente, Finques F\u00e0brega-Goertzen by More Holiday podr\u00e1 cancelar el contrato devolviendo el importe depositado en concepto de paga y se\u00f1al.<\/p>\n<p><strong>6.\u00aa OCUPANTES.-<\/strong>El cliente s\u00f3lo puede alojar el n\u00famero m\u00e1ximo de personas definidos en las caracter\u00edsticas del apartamento\/casa y de la tarifa contratada y se compromete a respectar las normas estatutarias de la Comunidad de propietarios especialmente en cuanto a uso de piscinas y barbacoas as\u00ed como introducir animales sin la autorizaci\u00f3n de la Agencia.<\/p>\n<p><strong>7.\u00aa LIMPIEZA.-<\/strong>El apartamento\/casa se pondr\u00e1 a disposici\u00f3n del cliente en las debidas condiciones de limpieza. El cliente se compromete a dejar el apartamento\/casa en las mismas condiciones de limpieza razonables sin basura ni restos de alimentos.<\/p>\n<p><strong>8.\u00aa EQUIPAMIENTO.-\u00a0<\/strong>El cliente se compromete a dejar el apartamento\/casa en las mismas condiciones de conservaci\u00f3n del mobiliario y equipamiento que ha encontrado en el momento de la entrada.<\/p>\n<p><strong>9.\u00aa FIANZA.-\u00a0<\/strong>El cliente dejar\u00e1 a su llegada un dep\u00f3sito en garant\u00eda en efectivo o retenci\u00f3n en una tarjeta de cr\u00e9dito por el importe que consta especificado en la reserva. Este deposito se devolver\u00e1 a la salida \u00edntegramente, previo control por la Agencia del objeto alquilado, excepto en el caso de que se detectaran desperfectos en el apartamento\/casa, el mobiliario o al equipamiento y si el apartamento\/casa no se devuelve en correctas condiciones de limpieza.<\/p>\n<p><strong>10.\u00aa ENTRADA\/ENTREGA DE LLAVES.-\u00a0<\/strong>La entrega de llaves se efectuara el primer d\u00eda de la reserva entre la 16h00 y las 20h00 en nuestra oficina cuya direcci\u00f3n se encuentra en la parte superior izquierda del documento de reserva.<\/p>\n<p><strong>11.\u00aa\u00a0<\/strong><strong>SALIDA\/ ENTREGA DE LLAVES<\/strong><strong>.-\u00a0<\/strong>La entrega de llaves por parte del cliente se har\u00e1 el \u00faltimo d\u00eda de la reserva antes de las 10h00 de la ma\u00f1ana. Dos d\u00edas antes de la salida, el cliente deber\u00e1 ponerse en contacto o posar por la oficina para concretar la hora de salida y de control por parte de Finques F\u00e0brega-Goertzen by More Holiday del apartamento\/casa.<\/p>\n<p><strong>12.\u00aa\u00a0ANULACI\u00d3N DE UNA RESERVA.-\u00a0<\/strong>Finques F\u00e0brega-Goertzen by More Holidaygarantiza el cumplimiento de la pol\u00edtica de cancelaciones gestionando la devoluci\u00f3n del anticipo, si la anulaci\u00f3n se produce dentro del plazo:<\/p>\n<div>&#8211; Si el viajero \/ hu\u00e9sped anula antes de 30 d\u00edas antes de la entrada en el alojamiento FG-MH devuelve el 100% del anticipo.<\/div>\n<div><\/div>\n<div>&#8211; Si el viajero \/ hu\u00e9sped anula antes de 14 d\u00edas antes de la entrada en el alojamiento FG-MH devuelve el 50% del anticipo.<\/div>\n<p>Finques F\u00e0brega-Goertzen by More Holiday no se compromete a reservar el alojamiento contratado si \u00e9ste no ha sido ocupado dentro de las 48 horas siguientes al d\u00eda de entrada previsto, a excepci\u00f3n de que el cliente haya notificado fehacientemente su retraso, sin que ello signifique ning\u00fan tipo de reducci\u00f3n sobre el importe del alquiler.<\/p>\n<p><strong>13.\u00aa\u00a0<\/strong><strong>DATOS<\/strong><strong>.-\u00a0<\/strong>Todos los datos introducidos por el cliente se gravan en un servidor seguro y garantizamos que el acceso a esta informaci\u00f3n es exclusivo por parte del personal de reservas y \u00fanicamente se har\u00e1 a efectos de la propia reserva y para comunicar al cliente futuras promociones y ofertas.<\/p>\n<p>La agencia no se hace responsable del mal uso por parte del cliente de las instalaciones, servicios y aparatos de los alojamientos, de posibles hurtos o robo dentro del alojamiento o en sus zonas comunes o anexas, de la utilizaci\u00f3n de las piscinas, ni instalaciones que pueda haber dentro de las zonas comunitarias, estando estas estrictamente bajo la responsabilidad del cliente.<\/p>\n<div><\/div>\n","protected":false},"excerpt":{"rendered":"<p>1.\u00aa ACEPTACI\u00d3N.-La realizaci\u00f3n de cualquier reserva supone la aceptaci\u00f3n de estas condiciones generales. La persona que hace la reserva debe ser mayor de edad y se responsabiliza de la veracidad de los datos introducidos o indicados. 2.\u00aa RESERVA.-La reserva se puede efectuar por tel\u00e9fono, e-mail o directamente on-line en nuestra web. Si el cliente no &#8230;<\/p>\n","protected":false},"author":2,"featured_media":0,"parent":0,"menu_order":0,"comment_status":"closed","ping_status":"closed","template":"gdpr_terms.php","meta":{"_acf_changed":false,"footnotes":""},"class_list":["post-56207","page","type-page","status-publish","hentry"],"acf":[],"yoast_head":"<!-- This site is optimized with the Yoast SEO plugin v27.4 - https:\/\/yoast.com\/product\/yoast-seo-wordpress\/ -->\n<title>Condiciones generales de reserva | Fabrega-Goertzen<\/title>\n<meta name=\"robots\" content=\"noindex, follow\" \/>\n<meta property=\"og:locale\" content=\"es_ES\" \/>\n<meta property=\"og:type\" content=\"article\" \/>\n<meta property=\"og:title\" content=\"Condiciones generales de reserva | Fabrega-Goertzen\" \/>\n<meta property=\"og:description\" content=\"1.\u00aa ACEPTACI\u00d3N.-La realizaci\u00f3n de cualquier reserva supone la aceptaci\u00f3n de estas condiciones generales. La persona que hace la reserva debe ser mayor de edad y se responsabiliza de la veracidad de los datos introducidos o indicados. 2.\u00aa RESERVA.-La reserva se puede efectuar por tel\u00e9fono, e-mail o directamente on-line en nuestra web. Si el cliente no ...\" \/>\n<meta property=\"og:url\" content=\"https:\/\/fabrega-goertzen.com\/es\/condiciones-generales-de-reserva\/\" \/>\n<meta property=\"og:site_name\" content=\"Fabrega-Goertzen\" \/>\n<meta property=\"article:modified_time\" content=\"2022-01-01T20:39:59+00:00\" \/>\n<meta name=\"twitter:card\" content=\"summary_large_image\" \/>\n<meta name=\"twitter:label1\" content=\"Tiempo de lectura\" \/>\n\t<meta name=\"twitter:data1\" content=\"4 minutos\" \/>\n<script type=\"application\/ld+json\" class=\"yoast-schema-graph\">{\"@context\":\"https:\\\/\\\/schema.org\",\"@graph\":[{\"@type\":\"WebPage\",\"@id\":\"https:\\\/\\\/fabrega-goertzen.com\\\/es\\\/condiciones-generales-de-reserva\\\/\",\"url\":\"https:\\\/\\\/fabrega-goertzen.com\\\/es\\\/condiciones-generales-de-reserva\\\/\",\"name\":\"Condiciones generales de reserva | Fabrega-Goertzen\",\"isPartOf\":{\"@id\":\"https:\\\/\\\/fabrega-goertzen.com\\\/#website\"},\"datePublished\":\"2022-01-01T20:34:21+00:00\",\"dateModified\":\"2022-01-01T20:39:59+00:00\",\"breadcrumb\":{\"@id\":\"https:\\\/\\\/fabrega-goertzen.com\\\/es\\\/condiciones-generales-de-reserva\\\/#breadcrumb\"},\"inLanguage\":\"es\",\"potentialAction\":[{\"@type\":\"ReadAction\",\"target\":[\"https:\\\/\\\/fabrega-goertzen.com\\\/es\\\/condiciones-generales-de-reserva\\\/\"]}]},{\"@type\":\"BreadcrumbList\",\"@id\":\"https:\\\/\\\/fabrega-goertzen.com\\\/es\\\/condiciones-generales-de-reserva\\\/#breadcrumb\",\"itemListElement\":[{\"@type\":\"ListItem\",\"position\":1,\"name\":\"Home\",\"item\":\"https:\\\/\\\/fabrega-goertzen.com\\\/es\\\/\"},{\"@type\":\"ListItem\",\"position\":2,\"name\":\"Condiciones generales de reserva\"}]},{\"@type\":\"WebSite\",\"@id\":\"https:\\\/\\\/fabrega-goertzen.com\\\/#website\",\"url\":\"https:\\\/\\\/fabrega-goertzen.com\\\/\",\"name\":\"Fabrega-Goertzen\",\"description\":\"Fabrega-Goertzen\",\"potentialAction\":[{\"@type\":\"SearchAction\",\"target\":{\"@type\":\"EntryPoint\",\"urlTemplate\":\"https:\\\/\\\/fabrega-goertzen.com\\\/?s={search_term_string}\"},\"query-input\":{\"@type\":\"PropertyValueSpecification\",\"valueRequired\":true,\"valueName\":\"search_term_string\"}}],\"inLanguage\":\"es\"}]}<\/script>\n<!-- \/ Yoast SEO plugin. -->","yoast_head_json":{"title":"Condiciones generales de reserva | Fabrega-Goertzen","robots":{"index":"noindex","follow":"follow"},"og_locale":"es_ES","og_type":"article","og_title":"Condiciones generales de reserva | Fabrega-Goertzen","og_description":"1.\u00aa ACEPTACI\u00d3N.-La realizaci\u00f3n de cualquier reserva supone la aceptaci\u00f3n de estas condiciones generales. La persona que hace la reserva debe ser mayor de edad y se responsabiliza de la veracidad de los datos introducidos o indicados. 2.\u00aa RESERVA.-La reserva se puede efectuar por tel\u00e9fono, e-mail o directamente on-line en nuestra web. Si el cliente no ...","og_url":"https:\/\/fabrega-goertzen.com\/es\/condiciones-generales-de-reserva\/","og_site_name":"Fabrega-Goertzen","article_modified_time":"2022-01-01T20:39:59+00:00","twitter_card":"summary_large_image","twitter_misc":{"Tiempo de lectura":"4 minutos"},"schema":{"@context":"https:\/\/schema.org","@graph":[{"@type":"WebPage","@id":"https:\/\/fabrega-goertzen.com\/es\/condiciones-generales-de-reserva\/","url":"https:\/\/fabrega-goertzen.com\/es\/condiciones-generales-de-reserva\/","name":"Condiciones generales de reserva | Fabrega-Goertzen","isPartOf":{"@id":"https:\/\/fabrega-goertzen.com\/#website"},"datePublished":"2022-01-01T20:34:21+00:00","dateModified":"2022-01-01T20:39:59+00:00","breadcrumb":{"@id":"https:\/\/fabrega-goertzen.com\/es\/condiciones-generales-de-reserva\/#breadcrumb"},"inLanguage":"es","potentialAction":[{"@type":"ReadAction","target":["https:\/\/fabrega-goertzen.com\/es\/condiciones-generales-de-reserva\/"]}]},{"@type":"BreadcrumbList","@id":"https:\/\/fabrega-goertzen.com\/es\/condiciones-generales-de-reserva\/#breadcrumb","itemListElement":[{"@type":"ListItem","position":1,"name":"Home","item":"https:\/\/fabrega-goertzen.com\/es\/"},{"@type":"ListItem","position":2,"name":"Condiciones generales de reserva"}]},{"@type":"WebSite","@id":"https:\/\/fabrega-goertzen.com\/#website","url":"https:\/\/fabrega-goertzen.com\/","name":"Fabrega-Goertzen","description":"Fabrega-Goertzen","potentialAction":[{"@type":"SearchAction","target":{"@type":"EntryPoint","urlTemplate":"https:\/\/fabrega-goertzen.com\/?s={search_term_string}"},"query-input":{"@type":"PropertyValueSpecification","valueRequired":true,"valueName":"search_term_string"}}],"inLanguage":"es"}]}},"_links":{"self":[{"href":"https:\/\/fabrega-goertzen.com\/es\/wp-json\/wp\/v2\/pages\/56207","targetHints":{"allow":["GET"]}}],"collection":[{"href":"https:\/\/fabrega-goertzen.com\/es\/wp-json\/wp\/v2\/pages"}],"about":[{"href":"https:\/\/fabrega-goertzen.com\/es\/wp-json\/wp\/v2\/types\/page"}],"author":[{"embeddable":true,"href":"https:\/\/fabrega-goertzen.com\/es\/wp-json\/wp\/v2\/users\/2"}],"replies":[{"embeddable":true,"href":"https:\/\/fabrega-goertzen.com\/es\/wp-json\/wp\/v2\/comments?post=56207"}],"version-history":[{"count":0,"href":"https:\/\/fabrega-goertzen.com\/es\/wp-json\/wp\/v2\/pages\/56207\/revisions"}],"wp:attachment":[{"href":"https:\/\/fabrega-goertzen.com\/es\/wp-json\/wp\/v2\/media?parent=56207"}],"curies":[{"name":"wp","href":"https:\/\/api.w.org\/{rel}","templated":true}]}}