{"id":51845,"date":"2021-01-31T15:57:53","date_gmt":"2021-01-31T15:57:53","guid":{"rendered":"https:\/\/moreholiday.cmsfacil.eu\/propietats-venda\/"},"modified":"2022-06-27T21:13:55","modified_gmt":"2022-06-27T21:13:55","slug":"appartements-et-proprietes-en-vente-llanca","status":"publish","type":"page","link":"https:\/\/fabrega-goertzen.com\/fr\/appartements-et-proprietes-en-vente-llanca\/","title":{"rendered":"Propri\u00e9t\u00e9s \u00e0 vendre"},"content":{"rendered":"\t\t<div data-elementor-type=\"wp-page\" data-elementor-id=\"51845\" class=\"elementor elementor-51845 elementor-4\" data-elementor-post-type=\"page\">\n\t\t\t\t\t\t<section class=\"elementor-section elementor-top-section elementor-element elementor-element-ae94a7d elementor-section-stretched elementor-section-boxed elementor-section-height-default elementor-section-height-default\" data-id=\"ae94a7d\" data-element_type=\"section\" data-e-type=\"section\" data-settings=\"{&quot;stretch_section&quot;:&quot;section-stretched&quot;}\">\n\t\t\t\t\t\t<div class=\"elementor-container elementor-column-gap-default\">\n\t\t\t\t\t<div class=\"elementor-column elementor-col-100 elementor-top-column elementor-element elementor-element-3a3e9d1\" data-id=\"3a3e9d1\" data-element_type=\"column\" data-e-type=\"column\">\n\t\t\t<div class=\"elementor-widget-wrap elementor-element-populated\">\n\t\t\t\t\t\t<div class=\"elementor-element elementor-element-15a0d7c elementor-widget elementor-widget-image\" data-id=\"15a0d7c\" data-element_type=\"widget\" data-e-type=\"widget\" data-widget_type=\"image.default\">\n\t\t\t\t<div class=\"elementor-widget-container\">\n\t\t\t\t\t\t\t\t\t\t\t\t\t\t\t<img decoding=\"async\" width=\"280\" height=\"103\" src=\"https:\/\/fabrega-goertzen.com\/wp-content\/uploads\/2021\/08\/logo.png\" class=\"attachment-large size-large wp-image-47749\" alt=\"\" \/>\t\t\t\t\t\t\t\t\t\t\t\t\t\t\t<\/div>\n\t\t\t\t<\/div>\n\t\t\t\t<div class=\"elementor-element elementor-element-25e039c elementor-widget elementor-widget-heading\" data-id=\"25e039c\" data-element_type=\"widget\" data-e-type=\"widget\" data-widget_type=\"heading.default\">\n\t\t\t\t<div class=\"elementor-widget-container\">\n\t\t\t\t\t<h2 class=\"elementor-heading-title elementor-size-default\">Vous trouverez votre logement de vacances\nid\u00e9al \u00e0 Llan\u00e7\u00e0<\/h2>\t\t\t\t<\/div>\n\t\t\t\t<\/div>\n\t\t\t\t<div class=\"elementor-element elementor-element-3257ee5 elementor-widget elementor-widget-text-editor\" data-id=\"3257ee5\" data-element_type=\"widget\" data-e-type=\"widget\" data-widget_type=\"text-editor.default\">\n\t\t\t\t<div class=\"elementor-widget-container\">\n\t\t\t\t\t\t\t\t\t<p>Les propri\u00e9t\u00e9s \u00e0 vendre de Fabrega Goertzen sont vendues via <a href=\"https:\/\/www.moreproperties.es\/\"><b>More Properties<\/b>, l&rsquo;agence immobili\u00e8re qui fait partie du groupe <b><\/b><\/a><b><a href=\"https:\/\/moreholiday.es\/\">More Holiday<\/a><\/b>\u00a0et propose des propri\u00e9t\u00e9s \u00e0 vendre \u00e0 Llan\u00e7\u00e0, dans l\u2019Empord\u00e0 et dans le reste du territoire de la province de G\u00e9rone.<\/p>\t\t\t\t\t\t\t\t<\/div>\n\t\t\t\t<\/div>\n\t\t\t\t\t<\/div>\n\t\t<\/div>\n\t\t\t\t\t<\/div>\n\t\t<\/section>\n\t\t\t\t<section class=\"elementor-section elementor-top-section elementor-element elementor-element-af11e05 elementor-section-stretched elementor-section-boxed elementor-section-height-default elementor-section-height-default\" data-id=\"af11e05\" data-element_type=\"section\" data-e-type=\"section\" data-settings=\"{&quot;background_background&quot;:&quot;classic&quot;,&quot;stretch_section&quot;:&quot;section-stretched&quot;}\">\n\t\t\t\t\t\t<div class=\"elementor-container elementor-column-gap-default\">\n\t\t\t\t\t<div class=\"elementor-column elementor-col-100 elementor-top-column elementor-element elementor-element-e57ab91\" data-id=\"e57ab91\" data-element_type=\"column\" data-e-type=\"column\">\n\t\t\t<div class=\"elementor-widget-wrap elementor-element-populated\">\n\t\t\t\t\t\t<div class=\"elementor-element elementor-element-2a840e4 elementor-widget elementor-widget-spacer\" data-id=\"2a840e4\" data-element_type=\"widget\" data-e-type=\"widget\" data-widget_type=\"spacer.default\">\n\t\t\t\t<div class=\"elementor-widget-container\">\n\t\t\t\t\t\t\t<div class=\"elementor-spacer\">\n\t\t\t<div class=\"elementor-spacer-inner\"><\/div>\n\t\t<\/div>\n\t\t\t\t\t\t<\/div>\n\t\t\t\t<\/div>\n\t\t\t\t<div class=\"elementor-element elementor-element-4f038d7 elementor-skin-slideshow elementor-arrows-yes elementor-widget elementor-widget-media-carousel\" data-id=\"4f038d7\" data-element_type=\"widget\" data-e-type=\"widget\" data-settings=\"{&quot;skin&quot;:&quot;slideshow&quot;,&quot;effect&quot;:&quot;slide&quot;,&quot;show_arrows&quot;:&quot;yes&quot;,&quot;speed&quot;:500,&quot;autoplay&quot;:&quot;yes&quot;,&quot;autoplay_speed&quot;:5000,&quot;loop&quot;:&quot;yes&quot;,&quot;pause_on_hover&quot;:&quot;yes&quot;,&quot;pause_on_interaction&quot;:&quot;yes&quot;,&quot;space_between&quot;:{&quot;unit&quot;:&quot;px&quot;,&quot;size&quot;:10,&quot;sizes&quot;:[]},&quot;space_between_tablet&quot;:{&quot;unit&quot;:&quot;px&quot;,&quot;size&quot;:10,&quot;sizes&quot;:[]},&quot;space_between_mobile&quot;:{&quot;unit&quot;:&quot;px&quot;,&quot;size&quot;:10,&quot;sizes&quot;:[]}}\" data-widget_type=\"media-carousel.default\">\n\t\t\t\t<div class=\"elementor-widget-container\">\n\t\t\t\t\t\t\t\t\t<div class=\"elementor-swiper\">\n\t\t\t\t\t<div class=\"elementor-main-swiper swiper\" role=\"region\" aria-roledescription=\"carousel\" aria-label=\"Diapositives\">\n\t\t\t\t<div class=\"swiper-wrapper\">\n\t\t\t\t\t\t\t\t\t\t\t<div class=\"swiper-slide\" role=\"group\" aria-roledescription=\"slide\">\n\t\t\t\t\t\t\t\t\t<div class=\"elementor-carousel-image\" role=\"img\" aria-label=\"4521758\" style=\"background-image: url(&#039;https:\/\/fabrega-goertzen.com\/wp-content\/uploads\/2021\/10\/4521758.jpg&#039;)\">\n\n\t\t\t\n\t\t\t\t\t<\/div>\n\t\t\t\t\t\t\t\t<\/div>\n\t\t\t\t\t\t\t\t\t\t\t<div class=\"swiper-slide\" role=\"group\" aria-roledescription=\"slide\">\n\t\t\t\t\t\t\t\t\t<div class=\"elementor-carousel-image\" role=\"img\" aria-label=\"piscina\" style=\"background-image: url(&#039;https:\/\/fabrega-goertzen.com\/wp-content\/uploads\/2021\/10\/piscina.jpg&#039;)\">\n\n\t\t\t\n\t\t\t\t\t<\/div>\n\t\t\t\t\t\t\t\t<\/div>\n\t\t\t\t\t\t\t\t\t\t\t<div class=\"swiper-slide\" role=\"group\" aria-roledescription=\"slide\">\n\t\t\t\t\t\t\t\t\t<div class=\"elementor-carousel-image\" role=\"img\" aria-label=\"4088780\" style=\"background-image: url(&#039;https:\/\/fabrega-goertzen.com\/wp-content\/uploads\/2021\/10\/4088780.jpg&#039;)\">\n\n\t\t\t\n\t\t\t\t\t<\/div>\n\t\t\t\t\t\t\t\t<\/div>\n\t\t\t\t\t\t\t\t\t\t\t<div class=\"swiper-slide\" role=\"group\" aria-roledescription=\"slide\">\n\t\t\t\t\t\t\t\t\t<div class=\"elementor-carousel-image\" role=\"img\" aria-label=\"6263515\" style=\"background-image: url(&#039;https:\/\/fabrega-goertzen.com\/wp-content\/uploads\/2021\/10\/6263515.jpg&#039;)\">\n\n\t\t\t\n\t\t\t\t\t<\/div>\n\t\t\t\t\t\t\t\t<\/div>\n\t\t\t\t\t\t\t\t\t\t\t<div class=\"swiper-slide\" role=\"group\" aria-roledescription=\"slide\">\n\t\t\t\t\t\t\t\t\t<div class=\"elementor-carousel-image\" role=\"img\" aria-label=\"6263520\" style=\"background-image: url(&#039;https:\/\/fabrega-goertzen.com\/wp-content\/uploads\/2021\/10\/6263520.jpg&#039;)\">\n\n\t\t\t\n\t\t\t\t\t<\/div>\n\t\t\t\t\t\t\t\t<\/div>\n\t\t\t\t\t\t\t\t\t<\/div>\n\t\t\t\t\t\t\t\t\t\t\t\t\t\t\t<div class=\"elementor-swiper-button elementor-swiper-button-prev\" role=\"button\" tabindex=\"0\" aria-label=\"Pr\u00e9c\u00e9dent\">\n\t\t\t\t\t\t\t<i aria-hidden=\"true\" class=\"eicon-chevron-left\"><\/i>\t\t\t\t\t\t<\/div>\n\t\t\t\t\t\t<div class=\"elementor-swiper-button elementor-swiper-button-next\" role=\"button\" tabindex=\"0\" aria-label=\"Suivant\">\n\t\t\t\t\t\t\t<i aria-hidden=\"true\" class=\"eicon-chevron-right\"><\/i>\t\t\t\t\t\t<\/div>\n\t\t\t\t\t\t\t\t\t\t\t\t\t\t\t\t\t<\/div>\n\t\t\t\t<\/div>\n\t\t\t\t\t\t\t\t<div class=\"elementor-swiper\">\n\t\t\t\t\t<div class=\"elementor-main-swiper swiper elementor-thumbnails-swiper swiper\" role=\"region region\" aria-roledescription=\"carousel carousel\" aria-label=\"Diapositives Diapositives\">\n\t\t\t\t<div class=\"swiper-wrapper\">\n\t\t\t\t\t\t\t\t\t\t\t<div class=\"swiper-slide\" role=\"group\" aria-roledescription=\"slide\">\n\t\t\t\t\t\t\t\t\t<div class=\"elementor-carousel-image\" role=\"img\" aria-label=\"4521758\" style=\"background-image: url(&#039;https:\/\/fabrega-goertzen.com\/wp-content\/uploads\/2021\/10\/4521758.jpg&#039;)\">\n\n\t\t\t\n\t\t\t\t\t<\/div>\n\t\t\t\t\t\t\t\t<\/div>\n\t\t\t\t\t\t\t\t\t\t\t<div class=\"swiper-slide\" role=\"group\" aria-roledescription=\"slide\">\n\t\t\t\t\t\t\t\t\t<div class=\"elementor-carousel-image\" role=\"img\" aria-label=\"piscina\" style=\"background-image: url(&#039;https:\/\/fabrega-goertzen.com\/wp-content\/uploads\/2021\/10\/piscina.jpg&#039;)\">\n\n\t\t\t\n\t\t\t\t\t<\/div>\n\t\t\t\t\t\t\t\t<\/div>\n\t\t\t\t\t\t\t\t\t\t\t<div class=\"swiper-slide\" role=\"group\" aria-roledescription=\"slide\">\n\t\t\t\t\t\t\t\t\t<div class=\"elementor-carousel-image\" role=\"img\" aria-label=\"4088780\" style=\"background-image: url(&#039;https:\/\/fabrega-goertzen.com\/wp-content\/uploads\/2021\/10\/4088780.jpg&#039;)\">\n\n\t\t\t\n\t\t\t\t\t<\/div>\n\t\t\t\t\t\t\t\t<\/div>\n\t\t\t\t\t\t\t\t\t\t\t<div class=\"swiper-slide\" role=\"group\" aria-roledescription=\"slide\">\n\t\t\t\t\t\t\t\t\t<div class=\"elementor-carousel-image\" role=\"img\" aria-label=\"6263515\" style=\"background-image: url(&#039;https:\/\/fabrega-goertzen.com\/wp-content\/uploads\/2021\/10\/6263515.jpg&#039;)\">\n\n\t\t\t\n\t\t\t\t\t<\/div>\n\t\t\t\t\t\t\t\t<\/div>\n\t\t\t\t\t\t\t\t\t\t\t<div class=\"swiper-slide\" role=\"group\" aria-roledescription=\"slide\">\n\t\t\t\t\t\t\t\t\t<div class=\"elementor-carousel-image\" role=\"img\" aria-label=\"6263520\" style=\"background-image: url(&#039;https:\/\/fabrega-goertzen.com\/wp-content\/uploads\/2021\/10\/6263520.jpg&#039;)\">\n\n\t\t\t\n\t\t\t\t\t<\/div>\n\t\t\t\t\t\t\t\t<\/div>\n\t\t\t\t\t\t\t\t\t<\/div>\n\t\t\t\t\t\t\t\t\t\t\t\t\t\t\t\t\t\t\t\t\t<\/div>\n\t\t\t\t<\/div>\n\t\t\t\t\t\t\t\t<\/div>\n\t\t\t\t<\/div>\n\t\t\t\t<div class=\"elementor-element elementor-element-c74f3b8 elementor-align-left elementor-invisible elementor-widget elementor-widget-button\" data-id=\"c74f3b8\" data-element_type=\"widget\" data-e-type=\"widget\" data-settings=\"{&quot;_animation&quot;:&quot;fadeInUp&quot;,&quot;_animation_delay&quot;:200}\" data-widget_type=\"button.default\">\n\t\t\t\t<div class=\"elementor-widget-container\">\n\t\t\t\t\t\t\t\t\t<div class=\"elementor-button-wrapper\">\n\t\t\t\t\t<a class=\"elementor-button elementor-button-link elementor-size-sm\" href=\"https:\/\/www.moreproperties.es\/\">\n\t\t\t\t\t\t<span class=\"elementor-button-content-wrapper\">\n\t\t\t\t\t\t\t\t\t<span class=\"elementor-button-text\">Ves a More Properties<\/span>\n\t\t\t\t\t<\/span>\n\t\t\t\t\t<\/a>\n\t\t\t\t<\/div>\n\t\t\t\t\t\t\t\t<\/div>\n\t\t\t\t<\/div>\n\t\t\t\t\t<\/div>\n\t\t<\/div>\n\t\t\t\t\t<\/div>\n\t\t<\/section>\n\t\t\t\t<\/div>\n\t\t","protected":false},"excerpt":{"rendered":"<p>Vous trouverez votre logement de vacances id\u00e9al \u00e0 Llan\u00e7\u00e0 Les propri\u00e9t\u00e9s \u00e0 vendre de Fabrega Goertzen sont vendues via More Properties, l&rsquo;agence immobili\u00e8re qui fait partie du groupe More Holiday\u00a0et propose des propri\u00e9t\u00e9s \u00e0 vendre \u00e0 Llan\u00e7\u00e0, dans l\u2019Empord\u00e0 et dans le reste du territoire de la province de G\u00e9rone. Previous Next Ves a More &#8230;<\/p>\n","protected":false},"author":2,"featured_media":0,"parent":0,"menu_order":0,"comment_status":"closed","ping_status":"open","template":"","meta":{"_acf_changed":false,"footnotes":""},"class_list":["post-51845","page","type-page","status-publish","hentry"],"acf":[],"yoast_head":"<!-- This site is optimized with the Yoast SEO plugin v27.1.1 - https:\/\/yoast.com\/product\/yoast-seo-wordpress\/ -->\n<title>Appartements et propri\u00e9t\u00e9s en vente I Llan\u00e7\u00e0 I Costa Brava I Girona<\/title>\n<meta name=\"description\" content=\"Trouvez des appartements et des propri\u00e9t\u00e9s \u00e0 vendre dans la r\u00e9gion de Llan\u00e7\u00e0, la Costa Brava et d&#039;autres parties de la r\u00e9gion de G\u00e9rone.\" \/>\n<meta name=\"robots\" content=\"index, follow, max-snippet:-1, max-image-preview:large, max-video-preview:-1\" \/>\n<link rel=\"canonical\" href=\"https:\/\/fabrega-goertzen.com\/propietats-venda\/\" \/>\n<meta property=\"og:locale\" content=\"fr_FR\" \/>\n<meta property=\"og:type\" content=\"article\" \/>\n<meta property=\"og:title\" content=\"Appartements et propri\u00e9t\u00e9s en vente I Llan\u00e7\u00e0 I Costa Brava I Girona\" \/>\n<meta property=\"og:description\" content=\"Trouvez des appartements et des propri\u00e9t\u00e9s \u00e0 vendre dans la r\u00e9gion de Llan\u00e7\u00e0, la Costa Brava et d&#039;autres parties de la r\u00e9gion de G\u00e9rone.\" \/>\n<meta property=\"og:url\" content=\"https:\/\/fabrega-goertzen.com\/propietats-venda\/\" \/>\n<meta property=\"og:site_name\" content=\"Fabrega-Goertzen\" \/>\n<meta property=\"article:modified_time\" content=\"2022-06-27T21:13:55+00:00\" \/>\n<meta property=\"og:image\" content=\"https:\/\/fabrega-goertzen.com\/wp-content\/uploads\/2021\/08\/logo.png\" \/>\n<meta name=\"twitter:card\" content=\"summary_large_image\" \/>\n<meta name=\"twitter:label1\" content=\"Dur\u00e9e de lecture estim\u00e9e\" \/>\n\t<meta name=\"twitter:data1\" content=\"1 minute\" \/>\n<script type=\"application\/ld+json\" class=\"yoast-schema-graph\">{\"@context\":\"https:\/\/schema.org\",\"@graph\":[{\"@type\":\"WebPage\",\"@id\":\"https:\/\/fabrega-goertzen.com\/propietats-venda\/\",\"url\":\"https:\/\/fabrega-goertzen.com\/propietats-venda\/\",\"name\":\"Appartements et propri\u00e9t\u00e9s en vente I Llan\u00e7\u00e0 I Costa Brava I Girona\",\"isPartOf\":{\"@id\":\"https:\/\/fabrega-goertzen.com\/#website\"},\"primaryImageOfPage\":{\"@id\":\"https:\/\/fabrega-goertzen.com\/propietats-venda\/#primaryimage\"},\"image\":{\"@id\":\"https:\/\/fabrega-goertzen.com\/propietats-venda\/#primaryimage\"},\"thumbnailUrl\":\"https:\/\/fabrega-goertzen.com\/wp-content\/uploads\/2021\/08\/logo.png\",\"datePublished\":\"2021-01-31T15:57:53+00:00\",\"dateModified\":\"2022-06-27T21:13:55+00:00\",\"description\":\"Trouvez des appartements et des propri\u00e9t\u00e9s \u00e0 vendre dans la r\u00e9gion de Llan\u00e7\u00e0, la Costa Brava et d'autres parties de la r\u00e9gion de G\u00e9rone.\",\"breadcrumb\":{\"@id\":\"https:\/\/fabrega-goertzen.com\/propietats-venda\/#breadcrumb\"},\"inLanguage\":\"fr-FR\",\"potentialAction\":[{\"@type\":\"ReadAction\",\"target\":[\"https:\/\/fabrega-goertzen.com\/propietats-venda\/\"]}]},{\"@type\":\"ImageObject\",\"inLanguage\":\"fr-FR\",\"@id\":\"https:\/\/fabrega-goertzen.com\/propietats-venda\/#primaryimage\",\"url\":\"https:\/\/fabrega-goertzen.com\/wp-content\/uploads\/2021\/08\/logo.png\",\"contentUrl\":\"https:\/\/fabrega-goertzen.com\/wp-content\/uploads\/2021\/08\/logo.png\"},{\"@type\":\"BreadcrumbList\",\"@id\":\"https:\/\/fabrega-goertzen.com\/propietats-venda\/#breadcrumb\",\"itemListElement\":[{\"@type\":\"ListItem\",\"position\":1,\"name\":\"Home\",\"item\":\"https:\/\/fabrega-goertzen.com\/fr\/\"},{\"@type\":\"ListItem\",\"position\":2,\"name\":\"Propri\u00e9t\u00e9s \u00e0 vendre\"}]},{\"@type\":\"WebSite\",\"@id\":\"https:\/\/fabrega-goertzen.com\/#website\",\"url\":\"https:\/\/fabrega-goertzen.com\/\",\"name\":\"Fabrega-Goertzen\",\"description\":\"Fabrega-Goertzen\",\"potentialAction\":[{\"@type\":\"SearchAction\",\"target\":{\"@type\":\"EntryPoint\",\"urlTemplate\":\"https:\/\/fabrega-goertzen.com\/?s={search_term_string}\"},\"query-input\":{\"@type\":\"PropertyValueSpecification\",\"valueRequired\":true,\"valueName\":\"search_term_string\"}}],\"inLanguage\":\"fr-FR\"}]}<\/script>\n<!-- \/ Yoast SEO plugin. -->","yoast_head_json":{"title":"Appartements et propri\u00e9t\u00e9s en vente I Llan\u00e7\u00e0 I Costa Brava I Girona","description":"Trouvez des appartements et des propri\u00e9t\u00e9s \u00e0 vendre dans la r\u00e9gion de Llan\u00e7\u00e0, la Costa Brava et d'autres parties de la r\u00e9gion de G\u00e9rone.","robots":{"index":"index","follow":"follow","max-snippet":"max-snippet:-1","max-image-preview":"max-image-preview:large","max-video-preview":"max-video-preview:-1"},"canonical":"https:\/\/fabrega-goertzen.com\/propietats-venda\/","og_locale":"fr_FR","og_type":"article","og_title":"Appartements et propri\u00e9t\u00e9s en vente I Llan\u00e7\u00e0 I Costa Brava I Girona","og_description":"Trouvez des appartements et des propri\u00e9t\u00e9s \u00e0 vendre dans la r\u00e9gion de Llan\u00e7\u00e0, la Costa Brava et d'autres parties de la r\u00e9gion de G\u00e9rone.","og_url":"https:\/\/fabrega-goertzen.com\/propietats-venda\/","og_site_name":"Fabrega-Goertzen","article_modified_time":"2022-06-27T21:13:55+00:00","og_image":[{"url":"https:\/\/fabrega-goertzen.com\/wp-content\/uploads\/2021\/08\/logo.png","type":"","width":"","height":""}],"twitter_card":"summary_large_image","twitter_misc":{"Dur\u00e9e de lecture estim\u00e9e":"1 minute"},"schema":{"@context":"https:\/\/schema.org","@graph":[{"@type":"WebPage","@id":"https:\/\/fabrega-goertzen.com\/propietats-venda\/","url":"https:\/\/fabrega-goertzen.com\/propietats-venda\/","name":"Appartements et propri\u00e9t\u00e9s en vente I Llan\u00e7\u00e0 I Costa Brava I Girona","isPartOf":{"@id":"https:\/\/fabrega-goertzen.com\/#website"},"primaryImageOfPage":{"@id":"https:\/\/fabrega-goertzen.com\/propietats-venda\/#primaryimage"},"image":{"@id":"https:\/\/fabrega-goertzen.com\/propietats-venda\/#primaryimage"},"thumbnailUrl":"https:\/\/fabrega-goertzen.com\/wp-content\/uploads\/2021\/08\/logo.png","datePublished":"2021-01-31T15:57:53+00:00","dateModified":"2022-06-27T21:13:55+00:00","description":"Trouvez des appartements et des propri\u00e9t\u00e9s \u00e0 vendre dans la r\u00e9gion de Llan\u00e7\u00e0, la Costa Brava et d'autres parties de la r\u00e9gion de G\u00e9rone.","breadcrumb":{"@id":"https:\/\/fabrega-goertzen.com\/propietats-venda\/#breadcrumb"},"inLanguage":"fr-FR","potentialAction":[{"@type":"ReadAction","target":["https:\/\/fabrega-goertzen.com\/propietats-venda\/"]}]},{"@type":"ImageObject","inLanguage":"fr-FR","@id":"https:\/\/fabrega-goertzen.com\/propietats-venda\/#primaryimage","url":"https:\/\/fabrega-goertzen.com\/wp-content\/uploads\/2021\/08\/logo.png","contentUrl":"https:\/\/fabrega-goertzen.com\/wp-content\/uploads\/2021\/08\/logo.png"},{"@type":"BreadcrumbList","@id":"https:\/\/fabrega-goertzen.com\/propietats-venda\/#breadcrumb","itemListElement":[{"@type":"ListItem","position":1,"name":"Home","item":"https:\/\/fabrega-goertzen.com\/fr\/"},{"@type":"ListItem","position":2,"name":"Propri\u00e9t\u00e9s \u00e0 vendre"}]},{"@type":"WebSite","@id":"https:\/\/fabrega-goertzen.com\/#website","url":"https:\/\/fabrega-goertzen.com\/","name":"Fabrega-Goertzen","description":"Fabrega-Goertzen","potentialAction":[{"@type":"SearchAction","target":{"@type":"EntryPoint","urlTemplate":"https:\/\/fabrega-goertzen.com\/?s={search_term_string}"},"query-input":{"@type":"PropertyValueSpecification","valueRequired":true,"valueName":"search_term_string"}}],"inLanguage":"fr-FR"}]}},"_links":{"self":[{"href":"https:\/\/fabrega-goertzen.com\/fr\/wp-json\/wp\/v2\/pages\/51845","targetHints":{"allow":["GET"]}}],"collection":[{"href":"https:\/\/fabrega-goertzen.com\/fr\/wp-json\/wp\/v2\/pages"}],"about":[{"href":"https:\/\/fabrega-goertzen.com\/fr\/wp-json\/wp\/v2\/types\/page"}],"author":[{"embeddable":true,"href":"https:\/\/fabrega-goertzen.com\/fr\/wp-json\/wp\/v2\/users\/2"}],"replies":[{"embeddable":true,"href":"https:\/\/fabrega-goertzen.com\/fr\/wp-json\/wp\/v2\/comments?post=51845"}],"version-history":[{"count":0,"href":"https:\/\/fabrega-goertzen.com\/fr\/wp-json\/wp\/v2\/pages\/51845\/revisions"}],"wp:attachment":[{"href":"https:\/\/fabrega-goertzen.com\/fr\/wp-json\/wp\/v2\/media?parent=51845"}],"curies":[{"name":"wp","href":"https:\/\/api.w.org\/{rel}","templated":true}]}}