{"id":56206,"date":"2022-01-01T20:34:21","date_gmt":"2022-01-01T20:34:21","guid":{"rendered":"https:\/\/moreholiday.cmsfacil.eu\/condicions-generals-de-reserva\/"},"modified":"2022-01-01T20:46:41","modified_gmt":"2022-01-01T20:46:41","slug":"conditions-de-reservation-dun-logement-de-vacances","status":"publish","type":"page","link":"https:\/\/fabrega-goertzen.com\/fr\/conditions-de-reservation-dun-logement-de-vacances\/","title":{"rendered":"Conditions de reservation d&rsquo;un logement de vacances:"},"content":{"rendered":"<p><strong>1.\u00a0<\/strong><strong>ACCEPTATION DES CONDITIONS GENERALES<\/strong><strong>.-\u00a0<\/strong>La r\u00e9alisation de toute r\u00e9servation implique pour le client l\u2019acceptation de ces conditions g\u00e9n\u00e9rales. La personne qui effectue la r\u00e9servation doit \u00eatre majeure et sera tenue responsable de la v\u00e9racit\u00e9 des donn\u00e9es indiqu\u00e9es pour la r\u00e9servation.<\/p>\n<p><strong>2. RESERVATION.-\u00a0<\/strong>La r\u00e9servation peut se faire par t\u00e9l\u00e9phone, e-mail ou directement en ligne depuis notre site. Pour formaliser la r\u00e9servation, le client peut r\u00e9gler les arrhes qui s&rsquo;\u00e9l\u00e8vent \u00e0 40% du montant total de la location par carte bancaire ou virement bancaire dans un d\u00e9lai de 7 jours sur le compte de MoreHoliday S.L. suivant:<\/p>\n<p>&#8211; Banque: BBVA: IBAN ES41 0182 1389 06 0201808914<\/p>\n<p>Code BIC: BBVAESMMXXX<\/p>\n<p>La r\u00e9servation sera consid\u00e9r\u00e9e confirm\u00e9e et d\u00e9finitive quand le client aura re\u00e7u par courriel, la confirmation de la r\u00e9servation indiquant le code de r\u00e9servation. Le r\u00e8glement du solde devra \u00eatre effectu\u00e9 \u00e0 l\u2019arriv\u00e9e, au moment de la remise des cl\u00e9s, en esp\u00e8ces ou carte bancaire.<\/p>\n<p><strong>3. CO\u00dbT DE LA LOCATION.-<\/strong>Celui-ci correspond au montant de la location pour la p\u00e9riode lou\u00e9e et comprend la consommation normale d\u2019\u00e9lectricit\u00e9 et eau.<\/p>\n<p>Nous proposons, sur commande, la possibilit\u00e9 de louer les draps de lit et serviettes de toilette pour un montant de: draps de lit 14 \u20ac\/personne et serviettes de toilette: 6 \u20ac le set de 2 serviettes. Le changement du linge durant le s\u00e9jour n&rsquo;est pas inclus dans ces tarifs.<\/p>\n<p>Nous proposons \u00e9galement, sur commande, la location de lits suppl\u00e9mentaires et lits b\u00e9b\u00e9 pour un montant de 14 \u20ac\/semaine.<\/p>\n<p><strong>4. TAXE DE SEJOUR.-<\/strong>Le montant de la taxe de s\u00e9jour obligatoire pr\u00e9lev\u00e9e par la G\u00e9n\u00e9ralit\u00e9 de Catalogne qui est calcul\u00e9 sur 7 nuit\u00e9es x 1,00 \u20ac x le nombre de personnes \u00e2g\u00e9es de plus de 16 ans sera rajout\u00e9 au montant total de la location.<\/p>\n<p><strong>5. MODIFICATION D\u2019UNE RESERVATION.-<\/strong>Finques Fabrega-Goertzen by More Holiday se r\u00e9serve le droit, en cas de force majeure ou causes ind\u00e9pendantes de sa volont\u00e9 de substituer l\u2019appartement\/villa objet de ce contrat par un autre de caract\u00e9ristiques similaires. En cas de non-conformit\u00e9 de la part du client, Finques Fabrega-Goertzen by More Holiday pourra annuler le contrat et s\u2019engage \u00e0 rembourser la quantit\u00e9 vers\u00e9e en qualit\u00e9 d\u2019arrhes.<\/p>\n<p><strong>6. OCCUPANTS.-<\/strong>Le client devra respecter le nombre maximum de personnes \u00e9tabli dans les caract\u00e9ristiques de l\u2019appartement et compte tenu du tarif fix\u00e9 sur le contrat. Il s\u2019engage \u00e9galement \u00e0 respecter les normes de la Copropri\u00e9t\u00e9 tout sp\u00e9cialement en ce qui concerne l\u2019utilisation des piscines et barbecues. Pour les animaux, l&rsquo;autorisation de l&rsquo;agence sera n\u00e9cessaire.<\/p>\n<p><strong>7. NETTOYAGE.-<\/strong>L\u2019appartement\/villa sera mis \u00e0 la disposition du client dans un parfait \u00e9tat de propret\u00e9. Celui-ci devra le rendre le jour de son d\u00e9part dans un correct \u00e9tat de propret\u00e9 sans ordures ni restes d\u2019aliments.<\/p>\n<p><strong>8. EQUIPEMENT.-<\/strong>Le client s\u2019engage \u00e0 laisser l\u2019appartement\/villa dans le m\u00eame \u00e9tat de conservation du mobilier et autre \u00e9quipement tout comme il l\u2019a trouv\u00e9 \u00e0 son arriv\u00e9e.<\/p>\n<p><strong>9. CAUTION.-<\/strong>Le client d\u00e9posera \u00e0 son arriv\u00e9e une caution, en esp\u00e8ces ou par pr\u00e9l\u00e8vement sur carte bancaire du montant qui figure sur le document de r\u00e9servation. Cette caution lui sera int\u00e9gralement restitu\u00e9e apr\u00e8s contr\u00f4le du logement par le personnel de l\u2019agence \u00e0 moins que des dommages ne soient constat\u00e9s dans le bien lou\u00e9, sur son mobilier ou autre \u00e9quipement ainsi que si celui-ci n\u2019est pas remis dans un correct \u00e9tat de propret\u00e9.<\/p>\n<p><strong>10. ARRIV\u00c9E\/REMISE DES CL\u00c9S .-<\/strong>La remise des cl\u00e9s s\u2019effectuera le premier jour de la r\u00e9servation de 16h00 \u00e0 20h00 en nos bureaux dont l\u2019adresse figure sur la partie sup\u00e9rieure gauche du document de r\u00e9servation.<\/p>\n<p><strong>11. D\u00c9PART\/RESTITUTION DES CL\u00c9S .-<\/strong>Le client effectuera la remise des cl\u00e9s le dernier jour de la r\u00e9servation avant 10h00. Celui devra contacter l\u2019agence deux jours avant son d\u00e9part afin de prendre rendez-vous pour que Finques Fabrega-Goertzen by More Holiday puisse contr\u00f4ler l\u2019appartement\/villa.<\/p>\n<p><strong>12. ANNULATION D\u2019UNE R\u00c9SERVATION .-<\/strong>Finques Fabrega-Goertzen by More Holiday s&rsquo;engage \u00e0 respecter les conditions d&rsquo;annulation indiqu\u00e9es ci-apr\u00e8s :<\/p>\n<p>&#8211; Si le client annule 30 jours avant la date d&rsquo;arriv\u00e9e, FG-MH remboursera 100 % du montant vers\u00e9 en qualit\u00e9 d&rsquo;arrhes.<\/p>\n<p>&#8211; Si le client annule 14 jours avant la date d&rsquo;arriv\u00e9e, FG-MH remboursera 50% du montant vers\u00e9 en qualit\u00e9 d&rsquo;arrhes.<\/p>\n<p>Finques F\u00e1brega Goertzen ne s\u2019engage pas \u00e0 r\u00e9server le logement objet du contrat si celui-ci n\u2019a pas \u00e9t\u00e9 occup\u00e9 dans les 48 heures suivant le jour d\u2019arriv\u00e9e pr\u00e9vu, except\u00e9 si le client a inform\u00e9 de son retard par document faisant foi, sans que cela n\u2019implique un quelconque type de r\u00e9duction sur le montant de la location.<\/p>\n<p><strong>13. DONN\u00c9ES CLIENTS.-\u00a0<\/strong>Toutes les donn\u00e9es clients qui sont introduites et enregistr\u00e9es dans notre syst\u00e8me sont sauvegard\u00e9es de fa\u00e7on s\u00fbre.<\/p>\n<p>Seul notre personnel du service r\u00e9servations y aura acc\u00e8s pour le bon d\u00e9roulement de la r\u00e9servation. Finques Fabrega-Goertzen by More Holiday garantit le bon usage de celles-ci et ne les utilisera que pour communiquer \u00e0 ses clients les futures promotions et offres sp\u00e9ciales.<\/p>\n<p>L\u2019agence se d\u00e9gage de toute responsabilit\u00e9 dans le cas o\u00f9 le client fait un mauvais usage des installations, services et appareils se trouvant dans l\u2019appartement\/villa, en cas de vol dans les logements ou zones communes annexes ainsi que de l\u2019usage des piscines et des installations se situant dans les zones communes annexes celles-ci \u00e9tant sous la stricte responsabilit\u00e9 du client.<\/p>\n<div><\/div>\n","protected":false},"excerpt":{"rendered":"<p>1.\u00a0ACCEPTATION DES CONDITIONS GENERALES.-\u00a0La r\u00e9alisation de toute r\u00e9servation implique pour le client l\u2019acceptation de ces conditions g\u00e9n\u00e9rales. La personne qui effectue la r\u00e9servation doit \u00eatre majeure et sera tenue responsable de la v\u00e9racit\u00e9 des donn\u00e9es indiqu\u00e9es pour la r\u00e9servation. 2. RESERVATION.-\u00a0La r\u00e9servation peut se faire par t\u00e9l\u00e9phone, e-mail ou directement en ligne depuis notre site. &#8230;<\/p>\n","protected":false},"author":2,"featured_media":0,"parent":0,"menu_order":0,"comment_status":"closed","ping_status":"closed","template":"gdpr_terms.php","meta":{"_acf_changed":false,"footnotes":""},"class_list":["post-56206","page","type-page","status-publish","hentry"],"acf":[],"yoast_head":"<!-- This site is optimized with the Yoast SEO plugin v27.4 - https:\/\/yoast.com\/product\/yoast-seo-wordpress\/ -->\n<title>Conditions de reservation d&#039;un logement de vacances: | Fabrega-Goertzen<\/title>\n<meta name=\"robots\" content=\"noindex, follow\" \/>\n<meta property=\"og:locale\" content=\"fr_FR\" \/>\n<meta property=\"og:type\" content=\"article\" \/>\n<meta property=\"og:title\" content=\"Conditions de reservation d&#039;un logement de vacances: | Fabrega-Goertzen\" \/>\n<meta property=\"og:description\" content=\"1.\u00a0ACCEPTATION DES CONDITIONS GENERALES.-\u00a0La r\u00e9alisation de toute r\u00e9servation implique pour le client l\u2019acceptation de ces conditions g\u00e9n\u00e9rales. La personne qui effectue la r\u00e9servation doit \u00eatre majeure et sera tenue responsable de la v\u00e9racit\u00e9 des donn\u00e9es indiqu\u00e9es pour la r\u00e9servation. 2. RESERVATION.-\u00a0La r\u00e9servation peut se faire par t\u00e9l\u00e9phone, e-mail ou directement en ligne depuis notre site. ...\" \/>\n<meta property=\"og:url\" content=\"https:\/\/fabrega-goertzen.com\/fr\/conditions-de-reservation-dun-logement-de-vacances\/\" \/>\n<meta property=\"og:site_name\" content=\"Fabrega-Goertzen\" \/>\n<meta property=\"article:modified_time\" content=\"2022-01-01T20:46:41+00:00\" \/>\n<meta name=\"twitter:card\" content=\"summary_large_image\" \/>\n<meta name=\"twitter:label1\" content=\"Dur\u00e9e de lecture estim\u00e9e\" \/>\n\t<meta name=\"twitter:data1\" content=\"4 minutes\" \/>\n<script type=\"application\/ld+json\" class=\"yoast-schema-graph\">{\"@context\":\"https:\\\/\\\/schema.org\",\"@graph\":[{\"@type\":\"WebPage\",\"@id\":\"https:\\\/\\\/fabrega-goertzen.com\\\/fr\\\/conditions-de-reservation-dun-logement-de-vacances\\\/\",\"url\":\"https:\\\/\\\/fabrega-goertzen.com\\\/fr\\\/conditions-de-reservation-dun-logement-de-vacances\\\/\",\"name\":\"Conditions de reservation d'un logement de vacances: | Fabrega-Goertzen\",\"isPartOf\":{\"@id\":\"https:\\\/\\\/fabrega-goertzen.com\\\/#website\"},\"datePublished\":\"2022-01-01T20:34:21+00:00\",\"dateModified\":\"2022-01-01T20:46:41+00:00\",\"breadcrumb\":{\"@id\":\"https:\\\/\\\/fabrega-goertzen.com\\\/fr\\\/conditions-de-reservation-dun-logement-de-vacances\\\/#breadcrumb\"},\"inLanguage\":\"fr-FR\",\"potentialAction\":[{\"@type\":\"ReadAction\",\"target\":[\"https:\\\/\\\/fabrega-goertzen.com\\\/fr\\\/conditions-de-reservation-dun-logement-de-vacances\\\/\"]}]},{\"@type\":\"BreadcrumbList\",\"@id\":\"https:\\\/\\\/fabrega-goertzen.com\\\/fr\\\/conditions-de-reservation-dun-logement-de-vacances\\\/#breadcrumb\",\"itemListElement\":[{\"@type\":\"ListItem\",\"position\":1,\"name\":\"Home\",\"item\":\"https:\\\/\\\/fabrega-goertzen.com\\\/fr\\\/\"},{\"@type\":\"ListItem\",\"position\":2,\"name\":\"Conditions de reservation d&#8217;un logement de vacances:\"}]},{\"@type\":\"WebSite\",\"@id\":\"https:\\\/\\\/fabrega-goertzen.com\\\/#website\",\"url\":\"https:\\\/\\\/fabrega-goertzen.com\\\/\",\"name\":\"Fabrega-Goertzen\",\"description\":\"Fabrega-Goertzen\",\"potentialAction\":[{\"@type\":\"SearchAction\",\"target\":{\"@type\":\"EntryPoint\",\"urlTemplate\":\"https:\\\/\\\/fabrega-goertzen.com\\\/?s={search_term_string}\"},\"query-input\":{\"@type\":\"PropertyValueSpecification\",\"valueRequired\":true,\"valueName\":\"search_term_string\"}}],\"inLanguage\":\"fr-FR\"}]}<\/script>\n<!-- \/ Yoast SEO plugin. -->","yoast_head_json":{"title":"Conditions de reservation d'un logement de vacances: | Fabrega-Goertzen","robots":{"index":"noindex","follow":"follow"},"og_locale":"fr_FR","og_type":"article","og_title":"Conditions de reservation d'un logement de vacances: | Fabrega-Goertzen","og_description":"1.\u00a0ACCEPTATION DES CONDITIONS GENERALES.-\u00a0La r\u00e9alisation de toute r\u00e9servation implique pour le client l\u2019acceptation de ces conditions g\u00e9n\u00e9rales. La personne qui effectue la r\u00e9servation doit \u00eatre majeure et sera tenue responsable de la v\u00e9racit\u00e9 des donn\u00e9es indiqu\u00e9es pour la r\u00e9servation. 2. RESERVATION.-\u00a0La r\u00e9servation peut se faire par t\u00e9l\u00e9phone, e-mail ou directement en ligne depuis notre site. ...","og_url":"https:\/\/fabrega-goertzen.com\/fr\/conditions-de-reservation-dun-logement-de-vacances\/","og_site_name":"Fabrega-Goertzen","article_modified_time":"2022-01-01T20:46:41+00:00","twitter_card":"summary_large_image","twitter_misc":{"Dur\u00e9e de lecture estim\u00e9e":"4 minutes"},"schema":{"@context":"https:\/\/schema.org","@graph":[{"@type":"WebPage","@id":"https:\/\/fabrega-goertzen.com\/fr\/conditions-de-reservation-dun-logement-de-vacances\/","url":"https:\/\/fabrega-goertzen.com\/fr\/conditions-de-reservation-dun-logement-de-vacances\/","name":"Conditions de reservation d'un logement de vacances: | Fabrega-Goertzen","isPartOf":{"@id":"https:\/\/fabrega-goertzen.com\/#website"},"datePublished":"2022-01-01T20:34:21+00:00","dateModified":"2022-01-01T20:46:41+00:00","breadcrumb":{"@id":"https:\/\/fabrega-goertzen.com\/fr\/conditions-de-reservation-dun-logement-de-vacances\/#breadcrumb"},"inLanguage":"fr-FR","potentialAction":[{"@type":"ReadAction","target":["https:\/\/fabrega-goertzen.com\/fr\/conditions-de-reservation-dun-logement-de-vacances\/"]}]},{"@type":"BreadcrumbList","@id":"https:\/\/fabrega-goertzen.com\/fr\/conditions-de-reservation-dun-logement-de-vacances\/#breadcrumb","itemListElement":[{"@type":"ListItem","position":1,"name":"Home","item":"https:\/\/fabrega-goertzen.com\/fr\/"},{"@type":"ListItem","position":2,"name":"Conditions de reservation d&#8217;un logement de vacances:"}]},{"@type":"WebSite","@id":"https:\/\/fabrega-goertzen.com\/#website","url":"https:\/\/fabrega-goertzen.com\/","name":"Fabrega-Goertzen","description":"Fabrega-Goertzen","potentialAction":[{"@type":"SearchAction","target":{"@type":"EntryPoint","urlTemplate":"https:\/\/fabrega-goertzen.com\/?s={search_term_string}"},"query-input":{"@type":"PropertyValueSpecification","valueRequired":true,"valueName":"search_term_string"}}],"inLanguage":"fr-FR"}]}},"_links":{"self":[{"href":"https:\/\/fabrega-goertzen.com\/fr\/wp-json\/wp\/v2\/pages\/56206","targetHints":{"allow":["GET"]}}],"collection":[{"href":"https:\/\/fabrega-goertzen.com\/fr\/wp-json\/wp\/v2\/pages"}],"about":[{"href":"https:\/\/fabrega-goertzen.com\/fr\/wp-json\/wp\/v2\/types\/page"}],"author":[{"embeddable":true,"href":"https:\/\/fabrega-goertzen.com\/fr\/wp-json\/wp\/v2\/users\/2"}],"replies":[{"embeddable":true,"href":"https:\/\/fabrega-goertzen.com\/fr\/wp-json\/wp\/v2\/comments?post=56206"}],"version-history":[{"count":0,"href":"https:\/\/fabrega-goertzen.com\/fr\/wp-json\/wp\/v2\/pages\/56206\/revisions"}],"wp:attachment":[{"href":"https:\/\/fabrega-goertzen.com\/fr\/wp-json\/wp\/v2\/media?parent=56206"}],"curies":[{"name":"wp","href":"https:\/\/api.w.org\/{rel}","templated":true}]}}