{"id":69785,"date":"2023-11-06T14:38:04","date_gmt":"2023-11-06T14:38:04","guid":{"rendered":"https:\/\/fabrega-goertzen.com\/?page_id=69785"},"modified":"2023-11-06T14:38:15","modified_gmt":"2023-11-06T14:38:15","slug":"politica-de-cookies","status":"publish","type":"page","link":"https:\/\/fabrega-goertzen.com\/fr\/politica-de-cookies\/","title":{"rendered":"*Politique de cookies"},"content":{"rendered":"<p>Le site Web <a href=\"https:\/\/moreholiday.es\/\">https:\/\/moreholiday.es\/<\/a> est la responsabilit\u00e9 de MOREHOLIDAY, S.L. (d\u00e9sormais Moreholiday), domicili\u00e9 \u00e0 C\/Riu G\u00fcell, 58 (Edifici CINC) &#8211; 17001 &#8211; Girona (Girona), avec CIF : B55358147 et une adresse e-mail : <a href=\"mailto:info@moreholidays.es\">info@moreholidays.es<\/a>. En cons\u00e9quence, l&rsquo;utilisation des cookies est soumise \u00e0 la pr\u00e9sente \u00ab\u00a0Politique d&rsquo;utilisation des cookies\u00a0\u00bb qui a \u00e9t\u00e9 \u00e9labor\u00e9e afin d&rsquo;informer l&rsquo;utilisateur des diff\u00e9rents usages effectu\u00e9s sur ces dispositifs et de lui permettre de consentir \u00e0 leur traitement de mani\u00e8re \u00e9clair\u00e9e, conform\u00e9ment \u00e0 la l\u00e9gislation en vigueur.<\/p>\n<p><strong>Qu&rsquo;est-ce qu&rsquo;un cookie ?<\/strong><br \/>\nUn cookie est un fichier t\u00e9l\u00e9charg\u00e9 sur votre ordinateur lorsque l&rsquo;utilisateur acc\u00e8de \u00e0 certaines pages web. Les cookies permettent \u00e0 un site web, entre autres choses, de stocker et de r\u00e9cup\u00e9rer des informations sur les habitudes de navigation d&rsquo;un utilisateur ou de son \u00e9quipement, et en fonction des informations qu&rsquo;ils contiennent et de la mani\u00e8re dont l&rsquo;utilisateur utilise son \u00e9quipement, ils peuvent \u00eatre utilis\u00e9s pour reconna\u00eetre l&rsquo;utilisateur.<\/p>\n<p><strong>Quels sont les diff\u00e9rents types de cookies ?<\/strong><br \/>\nIl existe plusieurs types de cookies en fonction de diff\u00e9rents crit\u00e8res :<br \/>\nEn fonction de la dur\u00e9e d&rsquo;activation :<\/p>\n<ul>\n<li>Cookies de session : Ce type de cookies est con\u00e7u pour collecter et stocker des donn\u00e9es lorsque l&rsquo;utilisateur acc\u00e8de \u00e0 une page web.<\/li>\n<li>Cookies persistants : Ce type de cookies conserve les donn\u00e9es stock\u00e9es sur le terminal et peut \u00eatre acc\u00e9d\u00e9 et trait\u00e9 pendant une p\u00e9riode d\u00e9finie par le responsable du cookie.<\/li>\n<\/ul>\n<p>En fonction de la propri\u00e9t\u00e9 :<\/p>\n<ul>\n<li>Cookies propres : Ceux qui appartiennent \u00e0 Moreholiday.<\/li>\n<li>Cookies tiers : Ceux dont la propri\u00e9t\u00e9 revient \u00e0 un tiers, diff\u00e9rent de Moreholiday, qui sera responsable du traitement des informations collect\u00e9es.<\/li>\n<\/ul>\n<p>En fonction de leur objectif :<\/p>\n<ul>\n<li>Cookies techniques et\/ou de personnalisation : Ceux qui servent \u00e0 am\u00e9liorer le service, rep\u00e9rer les incidents, reconna\u00eetre l&rsquo;utilisateur, etc.<\/li>\n<li>Cookies d&rsquo;analyse et\/ou de publicit\u00e9 : Ceux qui servent \u00e0 analyser les informations sur la navigation et \u00e0 offrir de la publicit\u00e9, qu&rsquo;elle soit g\u00e9n\u00e9rique ou personnalis\u00e9e.<\/li>\n<\/ul>\n<p><strong>Quels sont les types de cookies les plus courants ?<\/strong><\/p>\n<p>TECHNIQUES : Ce sont des cookies PROPRES, de session, d&rsquo;identification, de configuration et d&rsquo;enregistrement, strictement n\u00e9cessaires pour l&rsquo;identification de l&rsquo;utilisateur et pour la fourniture des services demand\u00e9s par l&rsquo;utilisateur. Les informations obtenues gr\u00e2ce \u00e0 ceux-ci sont trait\u00e9es exclusivement par Moreholiday.<\/p>\n<p>D&rsquo;ANALYSE : Ceux qui, correctement trait\u00e9s par nous-m\u00eames ou par des tiers, nous permettent de quantifier le nombre d&rsquo;utilisateurs et ainsi de r\u00e9aliser la mesure et l&rsquo;analyse statistique de l&rsquo;utilisation que font les utilisateurs du service offert. Pour cela, leur navigation sur notre site web est analys\u00e9e afin d&rsquo;am\u00e9liorer l&rsquo;offre de produits ou de services que nous proposons.<\/p>\n<p>DE PUBLICIT\u00c9 : Ceux qui, correctement trait\u00e9s par nous-m\u00eames ou par des tiers, permettent la gestion, de la mani\u00e8re la plus efficace possible, des espaces publicitaires qui pourraient \u00eatre inclus sur notre site web et\/ou stockent des informations sur le comportement des utilisateurs obtenues gr\u00e2ce \u00e0 une observation continue. Gr\u00e2ce \u00e0 eux, nous pouvons conna\u00eetre les habitudes de navigation sur Internet et vous montrer de la publicit\u00e9 en relation avec votre profil de navigation.<\/p>\n<p><strong>\u00c0 quoi sert un cookie ?<\/strong><br \/>\nLes cookies sont utilis\u00e9s pour offrir des services et\/ou de la publicit\u00e9 personnalis\u00e9s, pour analyser le fonctionnement du syst\u00e8me, pour reconna\u00eetre l&rsquo;utilisateur lorsqu&rsquo;il se connecte, rep\u00e9rer les incidents et les probl\u00e8mes qui pourraient survenir et les r\u00e9soudre dans les plus brefs d\u00e9lais, ainsi que pour analyser et mesurer l&rsquo;utilisation et l&rsquo;activit\u00e9 du site web.<\/p>\n<p>Ai-je besoin de donner mon consentement pour l&rsquo;implantation d&rsquo;un cookie ?<br \/>\nIl n&rsquo;est pas n\u00e9cessaire de donner son consentement pour l&rsquo;installation de cookies techniques ou ceux strictement n\u00e9cessaires pour la fourniture d&rsquo;un service de la soci\u00e9t\u00e9 de l&rsquo;information express\u00e9ment demand\u00e9 par le destinataire. Pour les autres, le consentement de l&rsquo;int\u00e9ress\u00e9 est n\u00e9cessaire et peut \u00eatre demand\u00e9 par diff\u00e9rents moyens.<\/p>\n<p><strong>Quels types de cookies utilise ce site web ?<\/strong><br \/>\nCookies techniques : Ceux cr\u00e9\u00e9s et g\u00e9r\u00e9s uniquement par nous et permettant \u00e0 l&rsquo;utilisateur de naviguer sur notre site web et d&rsquo;utiliser les diff\u00e9rentes options comme, par exemple, identifier la session, personnaliser les informations ou acc\u00e9der aux zones d&rsquo;acc\u00e8s restreint. Le site web de Moreholiday utilise Google Analytics, un outil d&rsquo;analyse web d\u00e9velopp\u00e9 par Google, qui aide les propri\u00e9taires de sites web \u00e0 mesurer comment les utilisateurs interagissent avec le contenu du site. Pour la fourniture de ces services, Google Analytics utilise des cookies qui collectent des informations, y compris l&rsquo;adresse IP de l&rsquo;utilisateur, qui sera transmise, trait\u00e9e et stock\u00e9e par Google selon les conditions d\u00e9finies sur le site Google.com.<\/p>\n<p>Pour plus d&rsquo;informations, voir : <a href=\"https:\/\/developers.google.com\/analytics\/devguides\/collection\/analyticsjs\/cookie-usage\">https:\/\/developers.google.com\/analytics\/devguides\/collection\/analyticsjs\/cookie-usage<\/a><\/p>\n<p>Le domaine Web <a href=\"https:\/\/moreholiday.es\/\">https:\/\/moreholiday.es\/<\/a> utilise les types de cookies suivants :<\/p>\n<table cellspacing=\"0\" cellpadding=\"0\">\n<tbody>\n<tr>\n<td valign=\"top\"><strong>Propri\u00e9t\u00e9<\/strong><\/td>\n<td valign=\"top\"><strong>Nom du cookie<\/strong><\/td>\n<td valign=\"top\"><strong>Objectif<\/strong><\/td>\n<td valign=\"top\"><strong>Expire<\/strong><\/td>\n<\/tr>\n<tr>\n<td valign=\"top\"><span class=\"s6\"><a href=\"http:\/\/www.moreholidays.es\">www.moreholidays.es<\/a><\/span><\/td>\n<td valign=\"top\">_fbp<\/td>\n<td valign=\"top\">\n<p align=\"justify\">Cookie n\u00e9cessaire pour fournir une s\u00e9rie de produits publicitaires.<\/p>\n<\/td>\n<td valign=\"top\">\n<p align=\"center\">3 mois<\/p>\n<\/td>\n<\/tr>\n<tr>\n<td valign=\"top\"><span class=\"s6\"><a href=\"http:\/\/www.moreholidays.es\">www.moreholidays.es<\/a><\/span><\/td>\n<td valign=\"top\">_ga<\/td>\n<td valign=\"top\">\n<p align=\"justify\">Activez la fonctionnalit\u00e9 unique de contr\u00f4le des visites. La premi\u00e8re fois qu&rsquo;un utilisateur acc\u00e8de \u00e0 un site Web via un navigateur, ce cookie sera install\u00e9. Lorsque cet utilisateur entre \u00e0 nouveau sur le Web avec le m\u00eame navigateur, le cookie consid\u00e9rera qu&rsquo;il s&rsquo;agit du m\u00eame utilisateur. Seulement dans le cas o\u00f9 l&rsquo;utilisateur change de navigateur, il sera consid\u00e9r\u00e9 qu&rsquo;il s&rsquo;agit d&rsquo;un autre utilisateur.<\/p>\n<\/td>\n<td valign=\"top\">\n<p align=\"center\">2 ans<\/p>\n<\/td>\n<\/tr>\n<tr>\n<td valign=\"top\"><span class=\"s6\"><a href=\"http:\/\/www.moreholidays.es\">www.moreholidays.es<\/a><\/span><\/td>\n<td valign=\"top\">_gcl_au<\/td>\n<td valign=\"top\">\n<p align=\"justify\">Il est utilis\u00e9 par Google pour exp\u00e9rimenter l&rsquo;efficacit\u00e9 des publicit\u00e9s sur les sites Web.<\/p>\n<\/td>\n<td valign=\"top\">\n<p align=\"center\">3 mois<\/p>\n<\/td>\n<\/tr>\n<tr>\n<td valign=\"top\"><span class=\"s6\"><a href=\"http:\/\/www.moreholidays.es\">www.moreholidays.es<\/a><\/span><\/td>\n<td valign=\"top\">_gid<\/td>\n<td valign=\"top\">\n<p align=\"justify\">Il est utilis\u00e9 pour distinguer les utilisateurs.<\/p>\n<\/td>\n<td valign=\"top\">\n<p align=\"center\">2 ans<\/p>\n<\/td>\n<\/tr>\n<tr>\n<td valign=\"top\"><span class=\"s6\"><a href=\"http:\/\/www.moreholidays.es\">www.moreholidays.es<\/a><\/span><\/td>\n<td valign=\"top\">PHPSESSID<\/td>\n<td valign=\"top\">\n<p align=\"justify\">Gr\u00e2ce au contenu de ce cookie, le serveur identifie l&rsquo;espace o\u00f9 sont stock\u00e9s tous les contenus de la session.<\/p>\n<\/td>\n<td valign=\"top\">\n<p align=\"center\">Quand le site Web ferme<\/p>\n<\/td>\n<\/tr>\n<\/tbody>\n<\/table>\n<p><strong>Comment d\u00e9sactiver les cookies ? <\/strong><\/p>\n<p>Vous pouvez autoriser, bloquer ou supprimer les cookies install\u00e9s sur votre \u00e9quipement en configurant les options du navigateur sur votre ordinateur.<\/p>\n<ul>\n<li>Firefox : <a href=\"https:\/\/support.mozilla.org\/es\/kb\/habilitar-y-deshabilitar-cookies-sitios-web-rastrear-preferencias?redirectlocale=es&amp;redirectslug=habilitar-y-deshabilitar-cookies-que-los-sitios-we\" target=\"_new\" rel=\"noopener\">https:\/\/support.mozilla.org\/es\/kb\/habilitar-y-deshabilitar-cookies-sitios-web-rastrear-preferencias?redirectlocale=es&amp;redirectslug=habilitar-y-deshabilitar-cookies-que-los-sitios-we<\/a><\/li>\n<li>Chrome : <a href=\"https:\/\/support.google.com\/chrome\/answer\/95647?hl=es\" target=\"_new\" rel=\"noopener\">https:\/\/support.google.com\/chrome\/answer\/95647?hl=es<\/a><\/li>\n<li>Internet Explorer : <a href=\"https:\/\/support.microsoft.com\/es-es\/products\/windows?os=windows-10\" target=\"_new\" rel=\"noopener\">https:\/\/support.microsoft.com\/es-es\/products\/windows?os=windows-10<\/a><\/li>\n<li>Safari : <a href=\"https:\/\/support.apple.com\/kb\/ph5042?locale=es_ES\" target=\"_new\" rel=\"noopener\">https:\/\/support.apple.com\/kb\/ph5042?locale=es_ES<\/a><\/li>\n<li>Safari pour iOS : <a href=\"https:\/\/support.apple.com\/es-es\/HT201265\" target=\"_new\" rel=\"noopener\">https:\/\/support.apple.com\/es-es\/HT201265<\/a><\/li>\n<li>Opera : <a href=\"http:\/\/help.opera.com\/Windows\/11.50\/es-ES\/cookies.html\" target=\"_new\" rel=\"noopener\">http:\/\/help.opera.com\/Windows\/11.50\/es-ES\/cookies.html<\/a><\/li>\n<\/ul>\n<p><strong>Exercice de droits<\/strong><\/p>\n<p>Vous pouvez conna\u00eetre et exercer vos droits en mati\u00e8re de protection des donn\u00e9es en acc\u00e9dant \u00e0 notre politique de confidentialit\u00e9 : <a href=\"https:\/\/moreholiday.es\/\/pol%C3%ADtica-de-privacitat\/\" target=\"_new\" rel=\"noopener\">https:\/\/moreholiday.es\/\/pol\u00edtica-de-privacitat\/<\/a><\/p>\n<p><strong>Informations suppl\u00e9mentaires<\/strong><\/p>\n<p>Vous pouvez consulter davantage d&rsquo;informations dans le guide sur l&rsquo;utilisation des cookies \u00e9dit\u00e9 par l&rsquo;AEPD sur le lien suivant : <a href=\"https:\/\/www.aepd.es\/es\/documento\/guia-cookies.pdf\" target=\"_new\" rel=\"noopener\">https:\/\/www.aepd.es\/es\/documento\/guia-cookies.pdf<\/a><\/p>\n","protected":false},"excerpt":{"rendered":"<p>Le site Web https:\/\/moreholiday.es\/ est la responsabilit\u00e9 de MOREHOLIDAY, S.L. (d\u00e9sormais Moreholiday), domicili\u00e9 \u00e0 C\/Riu G\u00fcell, 58 (Edifici CINC) &#8211; 17001 &#8211; Girona (Girona), avec CIF : B55358147 et une adresse e-mail : info@moreholidays.es. En cons\u00e9quence, l&rsquo;utilisation des cookies est soumise \u00e0 la pr\u00e9sente \u00ab\u00a0Politique d&rsquo;utilisation des cookies\u00a0\u00bb qui a \u00e9t\u00e9 \u00e9labor\u00e9e afin d&rsquo;informer l&rsquo;utilisateur &#8230;<\/p>\n","protected":false},"author":2,"featured_media":0,"parent":0,"menu_order":0,"comment_status":"closed","ping_status":"closed","template":"terms_conditions.php","meta":{"_acf_changed":false,"footnotes":""},"class_list":["post-69785","page","type-page","status-publish","hentry"],"acf":[],"yoast_head":"<!-- This site is optimized with the Yoast SEO plugin v27.1.1 - https:\/\/yoast.com\/product\/yoast-seo-wordpress\/ -->\n<title>*Politique de cookies | Fabrega-Goertzen<\/title>\n<meta name=\"robots\" content=\"index, follow, max-snippet:-1, max-image-preview:large, max-video-preview:-1\" \/>\n<link rel=\"canonical\" href=\"https:\/\/fabrega-goertzen.com\/fr\/politica-de-cookies\/\" \/>\n<meta property=\"og:locale\" content=\"fr_FR\" \/>\n<meta property=\"og:type\" content=\"article\" \/>\n<meta property=\"og:title\" content=\"*Politique de cookies | Fabrega-Goertzen\" \/>\n<meta property=\"og:description\" content=\"Le site Web https:\/\/moreholiday.es\/ est la responsabilit\u00e9 de MOREHOLIDAY, S.L. (d\u00e9sormais Moreholiday), domicili\u00e9 \u00e0 C\/Riu G\u00fcell, 58 (Edifici CINC) &#8211; 17001 &#8211; Girona (Girona), avec CIF : B55358147 et une adresse e-mail : info@moreholidays.es. En cons\u00e9quence, l&rsquo;utilisation des cookies est soumise \u00e0 la pr\u00e9sente \u00ab\u00a0Politique d&rsquo;utilisation des cookies\u00a0\u00bb qui a \u00e9t\u00e9 \u00e9labor\u00e9e afin d&rsquo;informer l&rsquo;utilisateur ...\" \/>\n<meta property=\"og:url\" content=\"https:\/\/fabrega-goertzen.com\/fr\/politica-de-cookies\/\" \/>\n<meta property=\"og:site_name\" content=\"Fabrega-Goertzen\" \/>\n<meta property=\"article:modified_time\" content=\"2023-11-06T14:38:15+00:00\" \/>\n<meta name=\"twitter:card\" content=\"summary_large_image\" \/>\n<meta name=\"twitter:label1\" content=\"Dur\u00e9e de lecture estim\u00e9e\" \/>\n\t<meta name=\"twitter:data1\" content=\"6 minutes\" \/>\n<script type=\"application\/ld+json\" class=\"yoast-schema-graph\">{\"@context\":\"https:\/\/schema.org\",\"@graph\":[{\"@type\":\"WebPage\",\"@id\":\"https:\/\/fabrega-goertzen.com\/fr\/politica-de-cookies\/\",\"url\":\"https:\/\/fabrega-goertzen.com\/fr\/politica-de-cookies\/\",\"name\":\"*Politique de cookies | Fabrega-Goertzen\",\"isPartOf\":{\"@id\":\"https:\/\/fabrega-goertzen.com\/#website\"},\"datePublished\":\"2023-11-06T14:38:04+00:00\",\"dateModified\":\"2023-11-06T14:38:15+00:00\",\"breadcrumb\":{\"@id\":\"https:\/\/fabrega-goertzen.com\/fr\/politica-de-cookies\/#breadcrumb\"},\"inLanguage\":\"fr-FR\",\"potentialAction\":[{\"@type\":\"ReadAction\",\"target\":[\"https:\/\/fabrega-goertzen.com\/fr\/politica-de-cookies\/\"]}]},{\"@type\":\"BreadcrumbList\",\"@id\":\"https:\/\/fabrega-goertzen.com\/fr\/politica-de-cookies\/#breadcrumb\",\"itemListElement\":[{\"@type\":\"ListItem\",\"position\":1,\"name\":\"Home\",\"item\":\"https:\/\/fabrega-goertzen.com\/fr\/\"},{\"@type\":\"ListItem\",\"position\":2,\"name\":\"*Politique de cookies\"}]},{\"@type\":\"WebSite\",\"@id\":\"https:\/\/fabrega-goertzen.com\/#website\",\"url\":\"https:\/\/fabrega-goertzen.com\/\",\"name\":\"Fabrega-Goertzen\",\"description\":\"Fabrega-Goertzen\",\"potentialAction\":[{\"@type\":\"SearchAction\",\"target\":{\"@type\":\"EntryPoint\",\"urlTemplate\":\"https:\/\/fabrega-goertzen.com\/?s={search_term_string}\"},\"query-input\":{\"@type\":\"PropertyValueSpecification\",\"valueRequired\":true,\"valueName\":\"search_term_string\"}}],\"inLanguage\":\"fr-FR\"}]}<\/script>\n<!-- \/ Yoast SEO plugin. -->","yoast_head_json":{"title":"*Politique de cookies | Fabrega-Goertzen","robots":{"index":"index","follow":"follow","max-snippet":"max-snippet:-1","max-image-preview":"max-image-preview:large","max-video-preview":"max-video-preview:-1"},"canonical":"https:\/\/fabrega-goertzen.com\/fr\/politica-de-cookies\/","og_locale":"fr_FR","og_type":"article","og_title":"*Politique de cookies | Fabrega-Goertzen","og_description":"Le site Web https:\/\/moreholiday.es\/ est la responsabilit\u00e9 de MOREHOLIDAY, S.L. (d\u00e9sormais Moreholiday), domicili\u00e9 \u00e0 C\/Riu G\u00fcell, 58 (Edifici CINC) &#8211; 17001 &#8211; Girona (Girona), avec CIF : B55358147 et une adresse e-mail : info@moreholidays.es. En cons\u00e9quence, l&rsquo;utilisation des cookies est soumise \u00e0 la pr\u00e9sente \u00ab\u00a0Politique d&rsquo;utilisation des cookies\u00a0\u00bb qui a \u00e9t\u00e9 \u00e9labor\u00e9e afin d&rsquo;informer l&rsquo;utilisateur ...","og_url":"https:\/\/fabrega-goertzen.com\/fr\/politica-de-cookies\/","og_site_name":"Fabrega-Goertzen","article_modified_time":"2023-11-06T14:38:15+00:00","twitter_card":"summary_large_image","twitter_misc":{"Dur\u00e9e de lecture estim\u00e9e":"6 minutes"},"schema":{"@context":"https:\/\/schema.org","@graph":[{"@type":"WebPage","@id":"https:\/\/fabrega-goertzen.com\/fr\/politica-de-cookies\/","url":"https:\/\/fabrega-goertzen.com\/fr\/politica-de-cookies\/","name":"*Politique de cookies | Fabrega-Goertzen","isPartOf":{"@id":"https:\/\/fabrega-goertzen.com\/#website"},"datePublished":"2023-11-06T14:38:04+00:00","dateModified":"2023-11-06T14:38:15+00:00","breadcrumb":{"@id":"https:\/\/fabrega-goertzen.com\/fr\/politica-de-cookies\/#breadcrumb"},"inLanguage":"fr-FR","potentialAction":[{"@type":"ReadAction","target":["https:\/\/fabrega-goertzen.com\/fr\/politica-de-cookies\/"]}]},{"@type":"BreadcrumbList","@id":"https:\/\/fabrega-goertzen.com\/fr\/politica-de-cookies\/#breadcrumb","itemListElement":[{"@type":"ListItem","position":1,"name":"Home","item":"https:\/\/fabrega-goertzen.com\/fr\/"},{"@type":"ListItem","position":2,"name":"*Politique de cookies"}]},{"@type":"WebSite","@id":"https:\/\/fabrega-goertzen.com\/#website","url":"https:\/\/fabrega-goertzen.com\/","name":"Fabrega-Goertzen","description":"Fabrega-Goertzen","potentialAction":[{"@type":"SearchAction","target":{"@type":"EntryPoint","urlTemplate":"https:\/\/fabrega-goertzen.com\/?s={search_term_string}"},"query-input":{"@type":"PropertyValueSpecification","valueRequired":true,"valueName":"search_term_string"}}],"inLanguage":"fr-FR"}]}},"_links":{"self":[{"href":"https:\/\/fabrega-goertzen.com\/fr\/wp-json\/wp\/v2\/pages\/69785","targetHints":{"allow":["GET"]}}],"collection":[{"href":"https:\/\/fabrega-goertzen.com\/fr\/wp-json\/wp\/v2\/pages"}],"about":[{"href":"https:\/\/fabrega-goertzen.com\/fr\/wp-json\/wp\/v2\/types\/page"}],"author":[{"embeddable":true,"href":"https:\/\/fabrega-goertzen.com\/fr\/wp-json\/wp\/v2\/users\/2"}],"replies":[{"embeddable":true,"href":"https:\/\/fabrega-goertzen.com\/fr\/wp-json\/wp\/v2\/comments?post=69785"}],"version-history":[{"count":0,"href":"https:\/\/fabrega-goertzen.com\/fr\/wp-json\/wp\/v2\/pages\/69785\/revisions"}],"wp:attachment":[{"href":"https:\/\/fabrega-goertzen.com\/fr\/wp-json\/wp\/v2\/media?parent=69785"}],"curies":[{"name":"wp","href":"https:\/\/api.w.org\/{rel}","templated":true}]}}