{"id":70059,"date":"2019-08-06T10:53:44","date_gmt":"2019-08-06T10:53:44","guid":{"rendered":"https:\/\/fabrega-goertzen.com\/avis-legal\/"},"modified":"2023-11-15T10:47:39","modified_gmt":"2023-11-15T10:47:39","slug":"avis-legal","status":"publish","type":"page","link":"https:\/\/fabrega-goertzen.com\/fr\/avis-legal\/","title":{"rendered":"Avis l\u00e9gal"},"content":{"rendered":"<p>Conform\u00e9ment \u00e0 l&rsquo;obligation d&rsquo;information pr\u00e9vue \u00e0 l&rsquo;article 10 de la Loi 34\/2002 du 11 juillet sur les services de la soci\u00e9t\u00e9 de l&rsquo;information et du commerce \u00e9lectronique, nous vous informons que le site Web et les portails Internet https:\/\/moreholiday.es\/ (ci-apr\u00e8s, le \u00ab\u00a0Site Web\u00a0\u00bb) appartiennent \u00e0 MOREHOLIDAY, S.L. (ci-apr\u00e8s Moreholiday), dont le si\u00e8ge social est situ\u00e9 C\/Riu G\u00fcell, 58 (Edifici CINC) &#8211; 17001 &#8211; Girona (Girona), avec CIF : B55358147.<\/p>\n<p>Inscrite au Registre du commerce de Girona : T 3265, F 33, S 8, HGI 66137, I\/A 1.<\/p>\n<p><strong>Communications<\/strong><\/p>\n<p>T\u00e9l\u00e9phone : +34 628 278 388<\/p>\n<p>E-mail :<a href=\"mailto:info@moreholidays.es\"> info@moreholidays.es<\/a><\/p>\n<p>Le pr\u00e9sent avis l\u00e9gal r\u00e9git les conditions d&rsquo;utilisation du portail Internet mentionn\u00e9.<\/p>\n<p><strong>Loi applicable et juridiction<\/strong><\/p>\n<p>En g\u00e9n\u00e9ral, les relations entre Moreholiday et les utilisateurs de ses services t\u00e9l\u00e9matiques pr\u00e9sents sur le site Web sont soumises \u00e0 la l\u00e9gislation et \u00e0 la juridiction espagnoles.<\/p>\n<p>Les parties renoncent express\u00e9ment \u00e0 la comp\u00e9tence qui pourrait leur correspondre et se soumettent express\u00e9ment aux tribunaux de Girona (Girona) pour r\u00e9gler tout litige pouvant survenir dans l&rsquo;interpr\u00e9tation ou l&rsquo;ex\u00e9cution des pr\u00e9sentes conditions contractuelles.<\/p>\n<p><strong>Acceptation de l&rsquo;utilisateur<\/strong><\/p>\n<p>Le pr\u00e9sent avis l\u00e9gal r\u00e9gule l&rsquo;acc\u00e8s et l&rsquo;utilisation du site Web que Moreholiday met \u00e0 la disposition des utilisateurs d&rsquo;Internet. L&rsquo;utilisateur est la personne qui acc\u00e8de, navigue, utilise ou participe aux services et activit\u00e9s du site Web.<\/p>\n<p>L&rsquo;utilisateur est inform\u00e9, et accepte, que l&rsquo;acc\u00e8s \u00e0 ce site Web ne constitue en aucun cas le d\u00e9but d&rsquo;une relation commerciale avec Moreholiday.<\/p>\n<p><strong>L&rsquo;acc\u00e8s au site Web<\/strong><\/p>\n<p>L&rsquo;acc\u00e8s au site Web par les utilisateurs est libre et gratuit. Certains services peuvent \u00eatre soumis \u00e0 une souscription pr\u00e9alable du service.<\/p>\n<p>Si l&rsquo;utilisateur doit fournir des donn\u00e9es personnelles pour acc\u00e9der \u00e0 l&rsquo;un des services, la collecte et le traitement des donn\u00e9es seront effectu\u00e9s conform\u00e9ment \u00e0 la r\u00e9glementation en vigueur, notamment au RGPD. Pour plus d&rsquo;informations, veuillez consulter notre politique de confidentialit\u00e9 <a href=\"https:\/\/moreholiday.es\/politica-de-privacidad\/\">https:\/\/moreholiday.es\/politica-de-privacidad\/<\/a><\/p>\n<p><strong>Contenu et utilisation<\/strong><\/p>\n<p>La visite du site Web par l&rsquo;utilisateur doit se faire de mani\u00e8re responsable et conform\u00e9ment \u00e0 la l\u00e9gislation en vigueur, \u00e0 la bonne foi, au pr\u00e9sent avis l\u00e9gal et en respectant les droits de propri\u00e9t\u00e9 intellectuelle et industrielle d\u00e9tenus par Moreholiday ou toute autre personne physique ou morale.<\/p>\n<p>L&rsquo;utilisation de tout contenu du site Web \u00e0 des fins ill\u00e9gales est strictement interdite, ainsi que toute action causant ou pouvant causer des dommages ou des alt\u00e9rations de toute nature non autoris\u00e9s par Moreholiday sur le site Web ou ses contenus.<\/p>\n<p>Le propri\u00e9taire du site Web ne s&rsquo;identifie pas aux opinions exprim\u00e9es par ses collaborateurs. La soci\u00e9t\u00e9 se r\u00e9serve le droit d&rsquo;apporter, sans pr\u00e9avis, les modifications qu&rsquo;elle juge appropri\u00e9es \u00e0 son site Web, pouvant changer, supprimer ou ajouter aussi bien les contenus et services fournis \u00e0 travers celui-ci que la mani\u00e8re dont ils sont pr\u00e9sent\u00e9s ou localis\u00e9s sur ses serveurs.<\/p>\n<p>Il est formellement interdit d&rsquo;utiliser tout contenu du site Web \u00e0 des fins illicites, ainsi que d&rsquo;effectuer toute action causant ou pouvant causer des dommages ou des alt\u00e9rations de toute nature non autoris\u00e9s par Moreholiday, au site Web ou \u00e0 ses contenus.<\/p>\n<p><strong>Propri\u00e9t\u00e9 intellectuelle et industrielle<\/strong><\/p>\n<p>Les droits de propri\u00e9t\u00e9 intellectuelle du contenu des pages Web, de leur conception graphique et des codes sont la propri\u00e9t\u00e9 de Moreholiday et, par cons\u00e9quent, leur reproduction, distribution, communication publique, transformation ou toute autre activit\u00e9 r\u00e9alis\u00e9e avec les contenus du site Web est interdite, m\u00eame en citant les sources, sauf accord pr\u00e9alable, expr\u00e8s et \u00e9crit de Moreholiday. Tous les noms commerciaux, marques ou signes de toute nature pr\u00e9sents sur les pages Web de l&rsquo;entreprise sont la propri\u00e9t\u00e9 de leurs propri\u00e9taires respectifs et sont prot\u00e9g\u00e9s par la loi.<\/p>\n<p>Moreholiday n&rsquo;accorde aucune licence ni autorisation d&rsquo;utilisation d&rsquo;aucune sorte sur ses droits de propri\u00e9t\u00e9 intellectuelle et industrielle ou sur toute autre propri\u00e9t\u00e9 ou droit li\u00e9 au site Web, et en aucun cas l&rsquo;acc\u00e8s et la navigation des utilisateurs ne seront consid\u00e9r\u00e9s comme une renonciation totale ou partielle, une cession, une licence ou un transfert de ces droits par Moreholiday.<\/p>\n<p>Toute utilisation non autoris\u00e9e de ces contenus pr\u00e9alablement par Moreholiday sera consid\u00e9r\u00e9e comme une violation grave des droits de propri\u00e9t\u00e9 intellectuelle ou industrielle et donnera lieu aux responsabilit\u00e9s l\u00e9galement \u00e9tablies. Moreholiday se r\u00e9serve le droit d&rsquo;exercer, contre l&rsquo;utilisateur, les actions judiciaires et extrajudiciaires qui correspondent.<\/p>\n<p><strong>Responsabilit\u00e9 et garanties<\/strong><\/p>\n<p>Moreholiday d\u00e9clare avoir pris les mesures n\u00e9cessaires qui, dans la mesure de ses possibilit\u00e9s et de l&rsquo;\u00e9tat de la technologie, permettent le bon fonctionnement de son site Web, ainsi que l&rsquo;absence de virus et de composants nuisibles. Cependant, Moreholiday ne peut \u00eatre tenue responsable des situations suivantes \u00e9num\u00e9r\u00e9es \u00e0 titre indicatif, mais non limitatif :<\/p>\n<ul>\n<li>La continuit\u00e9 et la disponibilit\u00e9 des contenus.<\/li>\n<li>L&rsquo;absence d&rsquo;erreurs dans ces contenus ou la correction de tout d\u00e9faut qui pourrait survenir.<\/li>\n<li>L&rsquo;absence de virus et\/ou d&rsquo;autres composants nuisibles.<\/li>\n<li>Les dommages ou pr\u00e9judices caus\u00e9s par toute personne violant les syst\u00e8mes de s\u00e9curit\u00e9 de Moreholiday.<\/li>\n<li>L&rsquo;utilisation que les utilisateurs peuvent faire des contenus inclus sur le site Web. En cons\u00e9quence, Moreholiday ne garantit pas que l&rsquo;utilisation que les utilisateurs peuvent faire des contenus \u00e9ventuellement inclus sur le site Web soit conforme au pr\u00e9sent avis l\u00e9gal, ni que l&rsquo;utilisation du site Web soit effectu\u00e9e de mani\u00e8re diligente.<\/li>\n<li>L&rsquo;utilisation par les mineurs du site Web ou l&rsquo;envoi de leurs donn\u00e9es personnelles sans le consentement de leurs tuteurs, les tuteurs \u00e9tant responsables de l&rsquo;utilisation qu&rsquo;ils font d&rsquo;Internet. Les contenus auxquels l&rsquo;utilisateur peut acc\u00e9der par le biais de liens non autoris\u00e9s ou introduits par les utilisateurs par le biais de commentaires ou d&rsquo;outils similaires.<\/li>\n<li>L&rsquo;introduction de donn\u00e9es incorrectes par l&rsquo;utilisateur ou par un tiers.<\/li>\n<\/ul>\n<p>Moreholiday peut suspendre temporairement et sans pr\u00e9avis l&rsquo;accessibilit\u00e9 au site Web pour<\/p>\n<p>des op\u00e9rations de maintenance, de r\u00e9paration, de mise \u00e0 jour ou d&rsquo;am\u00e9lioration. Cependant, chaque fois que les circonstances le permettent, Moreholiday informera l&rsquo;utilisateur, avec un pr\u00e9avis suffisant, de la date pr\u00e9vue de la suspension des contenus.<\/p>\n<p>De m\u00eame, conform\u00e9ment aux articles 11 et 16 de la Loi 34\/2002 du 11 juillet sur les services de la soci\u00e9t\u00e9 de l&rsquo;information et du commerce \u00e9lectronique (LSSICE), Moreholiday s&rsquo;engage \u00e0 supprimer ou, le cas \u00e9ch\u00e9ant, \u00e0 bloquer les contenus pouvant affecter ou \u00eatre contraires \u00e0 la l\u00e9gislation en vigueur, aux droits de tiers ou \u00e0 la morale et \u00e0 l&rsquo;ordre public.<\/p>\n<p><strong>Cookies<\/strong><\/p>\n<p>Moreholiday utilise des cookies pour optimiser et personnaliser votre navigation sur le site Web. Les cookies sont des fichiers physiques d&rsquo;informations h\u00e9berg\u00e9s sur le terminal de l&rsquo;utilisateur, et les informations collect\u00e9es par le biais des cookies servent \u00e0 faciliter la navigation de l&rsquo;utilisateur sur le portail et \u00e0 optimiser l&rsquo;exp\u00e9rience de navigation. Les donn\u00e9es collect\u00e9es par le biais des cookies peuvent \u00eatre partag\u00e9es avec leurs cr\u00e9ateurs, mais en aucun cas les informations obtenues par ces derniers ne seront associ\u00e9es \u00e0 des donn\u00e9es personnelles ou \u00e0 des donn\u00e9es permettant d&rsquo;identifier l&rsquo;utilisateur.<\/p>\n<p>Cependant, si l&rsquo;utilisateur ne souhaite pas que des cookies soient install\u00e9s sur son disque dur, il a la possibilit\u00e9 de configurer son navigateur de mani\u00e8re \u00e0 emp\u00eacher l&rsquo;installation de ces fichiers. Pour plus d&rsquo;informations, veuillez consulter notre politique en mati\u00e8re de cookies https:\/\/moreholiday.es\/politica-de-cookies\/<\/p>\n<p><strong>Liens<\/strong><\/p>\n<p>La pr\u00e9sence de liens sur le site Web de Moreholiday vers d&rsquo;autres sites Internet a une finalit\u00e9 purement informative et n&rsquo;implique en aucun cas une suggestion, une invitation ou une recommandation \u00e0 leur \u00e9gard. Moreholiday n&rsquo;assumera aucune responsabilit\u00e9 quant au contenu d&rsquo;un lien appartenant \u00e0 un site Web tiers, ni ne garantira la fiabilit\u00e9, l&rsquo;exactitude, l&rsquo;\u00e9tendue, la v\u00e9racit\u00e9, la validit\u00e9 et la disponibilit\u00e9 technique.<\/p>\n<p>Dans le cas o\u00f9 des liens vers le site Web de Moreholiday sont \u00e9tablis sur d&rsquo;autres sites Web, il ne sera pas entendu que Moreholiday a autoris\u00e9 le lien ou le contenu du site Web contenant le lien, et aucun contenu inappropri\u00e9, diffamatoire, ill\u00e9gal, obsc\u00e8ne ou illicite, ni d&rsquo;autres contenus contraires \u00e0 la l\u00e9gislation en vigueur, ne pourra \u00eatre inclus dans le site li\u00e9.<\/p>\n<p>Moreholiday se r\u00e9serve la possibilit\u00e9 de contacter le propri\u00e9taire du site Web o\u00f9 le lien est \u00e9tabli s&rsquo;il estime que la r\u00e9glementation est enfreinte, ainsi que d&rsquo;exercer les actions judiciaires et extrajudiciaires correspondantes.<\/p>\n<p><strong>Modification des conditions<\/strong><\/p>\n<p>Moreholiday se r\u00e9serve express\u00e9ment le droit de modifier unilat\u00e9ralement, totalement ou partiellement, sans pr\u00e9avis, le pr\u00e9sent avis l\u00e9gal. L&rsquo;utilisateur reconna\u00eet et accepte qu&rsquo;il est de sa responsabilit\u00e9 de consulter p\u00e9riodiquement le pr\u00e9sent avis l\u00e9gal.<\/p>\n","protected":false},"excerpt":{"rendered":"<p>Conform\u00e9ment \u00e0 l&rsquo;obligation d&rsquo;information pr\u00e9vue \u00e0 l&rsquo;article 10 de la Loi 34\/2002 du 11 juillet sur les services de la soci\u00e9t\u00e9 de l&rsquo;information et du commerce \u00e9lectronique, nous vous informons que le site Web et les portails Internet https:\/\/moreholiday.es\/ (ci-apr\u00e8s, le \u00ab\u00a0Site Web\u00a0\u00bb) appartiennent \u00e0 MOREHOLIDAY, S.L. (ci-apr\u00e8s Moreholiday), dont le si\u00e8ge social est situ\u00e9 &#8230;<\/p>\n","protected":false},"author":2,"featured_media":0,"parent":0,"menu_order":0,"comment_status":"closed","ping_status":"closed","template":"gdpr_terms.php","meta":{"_acf_changed":false,"footnotes":""},"class_list":["post-70059","page","type-page","status-publish","hentry"],"acf":[],"yoast_head":"<!-- This site is optimized with the Yoast SEO plugin v27.1.1 - https:\/\/yoast.com\/product\/yoast-seo-wordpress\/ -->\n<title>Avis l\u00e9gal | Fabrega-Goertzen<\/title>\n<meta name=\"robots\" content=\"noindex, follow\" \/>\n<meta property=\"og:locale\" content=\"fr_FR\" \/>\n<meta property=\"og:type\" content=\"article\" \/>\n<meta property=\"og:title\" content=\"Avis l\u00e9gal | Fabrega-Goertzen\" \/>\n<meta property=\"og:description\" content=\"Conform\u00e9ment \u00e0 l&rsquo;obligation d&rsquo;information pr\u00e9vue \u00e0 l&rsquo;article 10 de la Loi 34\/2002 du 11 juillet sur les services de la soci\u00e9t\u00e9 de l&rsquo;information et du commerce \u00e9lectronique, nous vous informons que le site Web et les portails Internet https:\/\/moreholiday.es\/ (ci-apr\u00e8s, le \u00ab\u00a0Site Web\u00a0\u00bb) appartiennent \u00e0 MOREHOLIDAY, S.L. (ci-apr\u00e8s Moreholiday), dont le si\u00e8ge social est situ\u00e9 ...\" \/>\n<meta property=\"og:url\" content=\"https:\/\/fabrega-goertzen.com\/fr\/avis-legal\/\" \/>\n<meta property=\"og:site_name\" content=\"Fabrega-Goertzen\" \/>\n<meta property=\"article:modified_time\" content=\"2023-11-15T10:47:39+00:00\" \/>\n<meta name=\"twitter:card\" content=\"summary_large_image\" \/>\n<meta name=\"twitter:label1\" content=\"Dur\u00e9e de lecture estim\u00e9e\" \/>\n\t<meta name=\"twitter:data1\" content=\"7 minutes\" \/>\n<script type=\"application\/ld+json\" class=\"yoast-schema-graph\">{\"@context\":\"https:\/\/schema.org\",\"@graph\":[{\"@type\":\"WebPage\",\"@id\":\"https:\/\/fabrega-goertzen.com\/fr\/avis-legal\/\",\"url\":\"https:\/\/fabrega-goertzen.com\/fr\/avis-legal\/\",\"name\":\"Avis l\u00e9gal | Fabrega-Goertzen\",\"isPartOf\":{\"@id\":\"https:\/\/fabrega-goertzen.com\/#website\"},\"datePublished\":\"2019-08-06T10:53:44+00:00\",\"dateModified\":\"2023-11-15T10:47:39+00:00\",\"breadcrumb\":{\"@id\":\"https:\/\/fabrega-goertzen.com\/fr\/avis-legal\/#breadcrumb\"},\"inLanguage\":\"fr-FR\",\"potentialAction\":[{\"@type\":\"ReadAction\",\"target\":[\"https:\/\/fabrega-goertzen.com\/fr\/avis-legal\/\"]}]},{\"@type\":\"BreadcrumbList\",\"@id\":\"https:\/\/fabrega-goertzen.com\/fr\/avis-legal\/#breadcrumb\",\"itemListElement\":[{\"@type\":\"ListItem\",\"position\":1,\"name\":\"Home\",\"item\":\"https:\/\/fabrega-goertzen.com\/fr\/\"},{\"@type\":\"ListItem\",\"position\":2,\"name\":\"Avis l\u00e9gal\"}]},{\"@type\":\"WebSite\",\"@id\":\"https:\/\/fabrega-goertzen.com\/#website\",\"url\":\"https:\/\/fabrega-goertzen.com\/\",\"name\":\"Fabrega-Goertzen\",\"description\":\"Fabrega-Goertzen\",\"potentialAction\":[{\"@type\":\"SearchAction\",\"target\":{\"@type\":\"EntryPoint\",\"urlTemplate\":\"https:\/\/fabrega-goertzen.com\/?s={search_term_string}\"},\"query-input\":{\"@type\":\"PropertyValueSpecification\",\"valueRequired\":true,\"valueName\":\"search_term_string\"}}],\"inLanguage\":\"fr-FR\"}]}<\/script>\n<!-- \/ Yoast SEO plugin. -->","yoast_head_json":{"title":"Avis l\u00e9gal | Fabrega-Goertzen","robots":{"index":"noindex","follow":"follow"},"og_locale":"fr_FR","og_type":"article","og_title":"Avis l\u00e9gal | Fabrega-Goertzen","og_description":"Conform\u00e9ment \u00e0 l&rsquo;obligation d&rsquo;information pr\u00e9vue \u00e0 l&rsquo;article 10 de la Loi 34\/2002 du 11 juillet sur les services de la soci\u00e9t\u00e9 de l&rsquo;information et du commerce \u00e9lectronique, nous vous informons que le site Web et les portails Internet https:\/\/moreholiday.es\/ (ci-apr\u00e8s, le \u00ab\u00a0Site Web\u00a0\u00bb) appartiennent \u00e0 MOREHOLIDAY, S.L. (ci-apr\u00e8s Moreholiday), dont le si\u00e8ge social est situ\u00e9 ...","og_url":"https:\/\/fabrega-goertzen.com\/fr\/avis-legal\/","og_site_name":"Fabrega-Goertzen","article_modified_time":"2023-11-15T10:47:39+00:00","twitter_card":"summary_large_image","twitter_misc":{"Dur\u00e9e de lecture estim\u00e9e":"7 minutes"},"schema":{"@context":"https:\/\/schema.org","@graph":[{"@type":"WebPage","@id":"https:\/\/fabrega-goertzen.com\/fr\/avis-legal\/","url":"https:\/\/fabrega-goertzen.com\/fr\/avis-legal\/","name":"Avis l\u00e9gal | Fabrega-Goertzen","isPartOf":{"@id":"https:\/\/fabrega-goertzen.com\/#website"},"datePublished":"2019-08-06T10:53:44+00:00","dateModified":"2023-11-15T10:47:39+00:00","breadcrumb":{"@id":"https:\/\/fabrega-goertzen.com\/fr\/avis-legal\/#breadcrumb"},"inLanguage":"fr-FR","potentialAction":[{"@type":"ReadAction","target":["https:\/\/fabrega-goertzen.com\/fr\/avis-legal\/"]}]},{"@type":"BreadcrumbList","@id":"https:\/\/fabrega-goertzen.com\/fr\/avis-legal\/#breadcrumb","itemListElement":[{"@type":"ListItem","position":1,"name":"Home","item":"https:\/\/fabrega-goertzen.com\/fr\/"},{"@type":"ListItem","position":2,"name":"Avis l\u00e9gal"}]},{"@type":"WebSite","@id":"https:\/\/fabrega-goertzen.com\/#website","url":"https:\/\/fabrega-goertzen.com\/","name":"Fabrega-Goertzen","description":"Fabrega-Goertzen","potentialAction":[{"@type":"SearchAction","target":{"@type":"EntryPoint","urlTemplate":"https:\/\/fabrega-goertzen.com\/?s={search_term_string}"},"query-input":{"@type":"PropertyValueSpecification","valueRequired":true,"valueName":"search_term_string"}}],"inLanguage":"fr-FR"}]}},"_links":{"self":[{"href":"https:\/\/fabrega-goertzen.com\/fr\/wp-json\/wp\/v2\/pages\/70059","targetHints":{"allow":["GET"]}}],"collection":[{"href":"https:\/\/fabrega-goertzen.com\/fr\/wp-json\/wp\/v2\/pages"}],"about":[{"href":"https:\/\/fabrega-goertzen.com\/fr\/wp-json\/wp\/v2\/types\/page"}],"author":[{"embeddable":true,"href":"https:\/\/fabrega-goertzen.com\/fr\/wp-json\/wp\/v2\/users\/2"}],"replies":[{"embeddable":true,"href":"https:\/\/fabrega-goertzen.com\/fr\/wp-json\/wp\/v2\/comments?post=70059"}],"version-history":[{"count":0,"href":"https:\/\/fabrega-goertzen.com\/fr\/wp-json\/wp\/v2\/pages\/70059\/revisions"}],"wp:attachment":[{"href":"https:\/\/fabrega-goertzen.com\/fr\/wp-json\/wp\/v2\/media?parent=70059"}],"curies":[{"name":"wp","href":"https:\/\/api.w.org\/{rel}","templated":true}]}}